{"id":11612,"date":"2025-03-11T10:27:33","date_gmt":"2025-03-11T09:27:33","guid":{"rendered":"https:\/\/jsoasis.dk\/?page_id=11612"},"modified":"2025-03-11T10:32:00","modified_gmt":"2025-03-11T09:32:00","slug":"ofte-stillede-spoergsmaal","status":"publish","type":"page","link":"https:\/\/jsoasis.dk\/en\/ofte-stillede-spoergsmaal\/","title":{"rendered":"Frequently Asked Questions"},"content":{"rendered":"<style>.elementor-11612 .elementor-element.elementor-element-6583b74 > .elementor-container{min-height:250px;}.elementor-11612 .elementor-element.elementor-element-6583b74:not(.elementor-motion-effects-element-type-background), .elementor-11612 .elementor-element.elementor-element-6583b74 > .elementor-motion-effects-container > .elementor-motion-effects-layer{background-color:#F2F2F2;}.elementor-11612 .elementor-element.elementor-element-6583b74{transition:background 0.3s, border 0.3s, border-radius 0.3s, box-shadow 0.3s;padding:0px 40px 0px 40px;}.elementor-11612 .elementor-element.elementor-element-6583b74 > .elementor-background-overlay{transition:background 0.3s, border-radius 0.3s, opacity 0.3s;}.elementor-11612 .elementor-element.elementor-element-82e4756{text-align:center;}.elementor-11612 .elementor-element.elementor-element-82e4756 .elementor-heading-title{font-size:50px;color:#000000;}.elementor-11612 .elementor-element.elementor-element-eb88741 > .elementor-container{max-width:800px;}.elementor-11612 .elementor-element.elementor-element-eb88741:not(.elementor-motion-effects-element-type-background), .elementor-11612 .elementor-element.elementor-element-eb88741 > .elementor-motion-effects-container > .elementor-motion-effects-layer{background-color:#FFFFFF;}.elementor-11612 .elementor-element.elementor-element-eb88741{transition:background 0.3s, border 0.3s, border-radius 0.3s, box-shadow 0.3s;padding:040px 40px 100px 40px;}.elementor-11612 .elementor-element.elementor-element-eb88741 > .elementor-background-overlay{transition:background 0.3s, border-radius 0.3s, opacity 0.3s;}.elementor-11612 .elementor-element.elementor-element-e3c95a9 > .elementor-widget-wrap > .elementor-widget:not(.elementor-widget__width-auto):not(.elementor-widget__width-initial):not(:last-child):not(.elementor-absolute){margin-block-end:30px;}.elementor-11612 .elementor-element.elementor-element-1825e42{text-align:center;}.elementor-11612 .elementor-element.elementor-element-1825e42 .elementor-heading-title{font-size:32px;}:root{--page-title-display:none;}@media(max-width:1024px){.elementor-11612 .elementor-element.elementor-element-6583b74 > .elementor-container{min-height:200px;}.elementor-11612 .elementor-element.elementor-element-6583b74{padding:0px 20px 0px 20px;}.elementor-11612 .elementor-element.elementor-element-82e4756 .elementor-heading-title{font-size:39px;}.elementor-11612 .elementor-element.elementor-element-eb88741{padding:40px 20px 40px 20px;}.elementor-11612 .elementor-element.elementor-element-e3c95a9 > .elementor-widget-wrap > .elementor-widget:not(.elementor-widget__width-auto):not(.elementor-widget__width-initial):not(:last-child):not(.elementor-absolute){margin-block-end:20px;}.elementor-11612 .elementor-element.elementor-element-1825e42 .elementor-heading-title{font-size:26px;}}@media(max-width:767px){.elementor-11612 .elementor-element.elementor-element-6583b74 > .elementor-container{min-height:150px;}.elementor-11612 .elementor-element.elementor-element-6583b74{padding:0px 10px 0px 10px;}.elementor-11612 .elementor-element.elementor-element-82e4756 .elementor-heading-title{font-size:32px;}.elementor-11612 .elementor-element.elementor-element-eb88741{padding:10px 10px 30px 10px;}.elementor-11612 .elementor-element.elementor-element-1825e42 .elementor-heading-title{font-size:22px;}}<\/style>\t\t<div data-elementor-type=\"wp-page\" data-elementor-id=\"11612\" class=\"elementor elementor-11612\" data-elementor-post-type=\"page\">\n\t\t\t\t\t\t<section class=\"elementor-section elementor-top-section elementor-element elementor-element-6583b74 elementor-section-height-min-height elementor-section-boxed elementor-section-height-default elementor-section-items-middle\" data-id=\"6583b74\" data-element_type=\"section\" data-e-type=\"section\" data-settings=\"{&quot;background_background&quot;:&quot;classic&quot;}\">\n\t\t\t\t\t\t<div class=\"elementor-container elementor-column-gap-default\">\n\t\t\t\t\t<div class=\"elementor-column elementor-col-100 elementor-top-column elementor-element elementor-element-5327584\" data-id=\"5327584\" data-element_type=\"column\" data-e-type=\"column\">\n\t\t\t<div class=\"elementor-widget-wrap elementor-element-populated\">\n\t\t\t\t\t\t\t<\/div>\n\t\t<\/div>\n\t\t\t\t\t<\/div>\n\t\t<\/section>\n\t\t\t\t<section class=\"elementor-section elementor-top-section elementor-element elementor-element-eb88741 elementor-section-boxed elementor-section-height-default elementor-section-height-default\" data-id=\"eb88741\" data-element_type=\"section\" data-e-type=\"section\" data-settings=\"{&quot;background_background&quot;:&quot;classic&quot;}\">\n\t\t\t\t\t\t<div class=\"elementor-container elementor-column-gap-default\">\n\t\t\t\t\t<div class=\"elementor-column elementor-col-100 elementor-top-column elementor-element elementor-element-e3c95a9\" data-id=\"e3c95a9\" data-element_type=\"column\" data-e-type=\"column\">\n\t\t\t<div class=\"elementor-widget-wrap elementor-element-populated\">\n\t\t\t\t\t\t<div class=\"elementor-element elementor-element-1b93f8e elementor-widget elementor-widget-text-editor\" data-id=\"1b93f8e\" data-element_type=\"widget\" data-e-type=\"widget\" data-widget_type=\"text-editor.default\">\n\t\t\t\t<div class=\"elementor-widget-container\">\n\t\t\t\t\t\t\t\t\t<ol data-start=\"66\" data-end=\"1791\"><li data-start=\"66\" data-end=\"245\"><p data-start=\"69\" data-end=\"107\"><strong data-start=\"69\" data-end=\"105\">What types of saunas do you offer?<\/strong><\/p><p>We provide a variety of premium saunas, including Glass Cube Saunas, Barrel Saunas, Terrace Saunas, and Hobbit Saunas.<\/p><\/li><li data-start=\"247\" data-end=\"410\"><p data-start=\"250\" data-end=\"302\"><strong data-start=\"250\" data-end=\"300\">Can I customize my sauna or hot tub?<\/strong><\/p><p>Can I customize my sauna or hot tub?<\/p><\/li><li data-start=\"412\" data-end=\"600\"><p data-start=\"415\" data-end=\"464\"><strong data-start=\"415\" data-end=\"462\">What materials are used in your products?<\/strong><\/p><p>Our saunas and hot tubs are crafted from high-quality Scandinavian materials, ensuring durability and aesthetic appeal.<\/p><\/li><li data-start=\"602\" data-end=\"748\"><p data-start=\"605\" data-end=\"639\"><strong data-start=\"605\" data-end=\"637\">Do your products come with a warranty?<\/strong><\/p><p>Yes, all our outdoor saunas and hot tubs come with a 1-year limited warranty for your peace of mind.<\/p><\/li><li data-start=\"750\" data-end=\"956\"><p data-start=\"753\" data-end=\"814\"><strong data-start=\"753\" data-end=\"812\">How can I maintain my hot tub during winter?<\/strong><\/p><p>How can I maintain my hot tub during winter?<\/p><\/li><li data-start=\"958\" data-end=\"1137\"><p data-start=\"961\" data-end=\"1015\"><strong data-start=\"961\" data-end=\"1013\">What are the health benefits of using a sauna?<\/strong><\/p><p>Regular sauna use can improve circulation, promote relaxation, and provide other health benefits.<\/p><\/li><li data-start=\"1139\" data-end=\"1351\"><p data-start=\"1142\" data-end=\"1203\"><strong data-start=\"1142\" data-end=\"1201\">How do I ensure the water quality in my hot tub?<\/strong><\/p><p>Maintaining proper chemical balance, regular cleaning, and using appropriate sanitizers are crucial for water quality.<\/p><\/li><li data-start=\"1353\" data-end=\"1566\"><p data-start=\"1356\" data-end=\"1446\"><strong data-start=\"1356\" data-end=\"1444\">What safety precautions should I take when using a sauna or hot tub?<\/strong><\/p><p>Limit sessions to recommended durations, stay hydrated, and avoid use when under the influence of alcohol or drugs.<\/p><\/li><li data-start=\"1568\" data-end=\"1741\"><p data-start=\"1571\" data-end=\"1609\"><strong data-start=\"1571\" data-end=\"1607\">Do you provide installation services?<\/strong><\/p><p>Yes, we offer detailed installation instructions and have a dedicated support team to assist with any questions.<\/p><\/li><li data-start=\"1743\" data-end=\"1791\"><p data-start=\"1747\" data-end=\"1791\"><strong data-start=\"1747\" data-end=\"1789\">How can I contact customer support?<\/strong><\/p><p>You can reach us at <a rel=\"noopener\" data-start=\"1819\" data-end=\"1834\">info@jsoasis.dk<\/a> or call us at (+45) 52 72 99 04.<\/p><\/li><\/ol>\t\t\t\t\t\t\t\t<\/div>\n\t\t\t\t<\/div>\n\t\t\t\t\t<\/div>\n\t\t<\/div>\n\t\t\t\t\t<\/div>\n\t\t<\/section>\n\t\t\t\t<\/div>","protected":false},"excerpt":{"rendered":"<p>Hvilke typer saunaer tilbyder I? Vi tilbyder et bredt udvalg af eksklusive saunaer, herunder Glass Cube Saunaer, T\u00f8nde Saunaer, Terrasse Saunaer og Hobbit Saunaer. Kan jeg tilpasse min sauna eller vildmarksbad? Ja, vi tilbyder tilpasningsmuligheder, s\u00e5 du kan f\u00e5 en l\u00f8sning, der passer til dine \u00f8nsker og behov. Hvilke materialer bruges i jeres produkter? Vores [&hellip;]<\/p>","protected":false},"author":3,"featured_media":0,"parent":0,"menu_order":0,"comment_status":"closed","ping_status":"closed","template":"","meta":{"_acf_changed":false,"om_disable_all_campaigns":false,"_monsterinsights_skip_tracking":false,"_monsterinsights_sitenote_active":false,"_monsterinsights_sitenote_note":"","_monsterinsights_sitenote_category":0,"footnotes":""},"class_list":["post-11612","page","type-page","status-publish","hentry"],"acf":[],"aioseo_notices":[],"_links":{"self":[{"href":"https:\/\/jsoasis.dk\/en\/wp-json\/wp\/v2\/pages\/11612","targetHints":{"allow":["GET"]}}],"collection":[{"href":"https:\/\/jsoasis.dk\/en\/wp-json\/wp\/v2\/pages"}],"about":[{"href":"https:\/\/jsoasis.dk\/en\/wp-json\/wp\/v2\/types\/page"}],"author":[{"embeddable":true,"href":"https:\/\/jsoasis.dk\/en\/wp-json\/wp\/v2\/users\/3"}],"replies":[{"embeddable":true,"href":"https:\/\/jsoasis.dk\/en\/wp-json\/wp\/v2\/comments?post=11612"}],"version-history":[{"count":7,"href":"https:\/\/jsoasis.dk\/en\/wp-json\/wp\/v2\/pages\/11612\/revisions"}],"predecessor-version":[{"id":11619,"href":"https:\/\/jsoasis.dk\/en\/wp-json\/wp\/v2\/pages\/11612\/revisions\/11619"}],"wp:attachment":[{"href":"https:\/\/jsoasis.dk\/en\/wp-json\/wp\/v2\/media?parent=11612"}],"curies":[{"name":"wp","href":"https:\/\/api.w.org\/{rel}","templated":true}]}}