{"id":8529,"date":"2024-03-16T19:39:45","date_gmt":"2024-03-16T18:39:45","guid":{"rendered":"https:\/\/jsoasis.dk\/?page_id=8529"},"modified":"2025-02-06T10:55:48","modified_gmt":"2025-02-06T09:55:48","slug":"levering","status":"publish","type":"page","link":"https:\/\/jsoasis.dk\/en\/levering\/","title":{"rendered":"Delivery"},"content":{"rendered":"<style>.elementor-8529 .elementor-element.elementor-element-6583b74 > .elementor-container{min-height:250px;}.elementor-8529 .elementor-element.elementor-element-6583b74:not(.elementor-motion-effects-element-type-background), .elementor-8529 .elementor-element.elementor-element-6583b74 > .elementor-motion-effects-container > .elementor-motion-effects-layer{background-color:#F2F2F2;}.elementor-8529 .elementor-element.elementor-element-6583b74{transition:background 0.3s, border 0.3s, border-radius 0.3s, box-shadow 0.3s;padding:0px 40px 0px 40px;}.elementor-8529 .elementor-element.elementor-element-6583b74 > .elementor-background-overlay{transition:background 0.3s, border-radius 0.3s, opacity 0.3s;}.elementor-8529 .elementor-element.elementor-element-82e4756{text-align:center;}.elementor-8529 .elementor-element.elementor-element-82e4756 .elementor-heading-title{font-size:50px;color:#000000;}.elementor-8529 .elementor-element.elementor-element-eb88741 > .elementor-container{max-width:800px;}.elementor-8529 .elementor-element.elementor-element-eb88741:not(.elementor-motion-effects-element-type-background), .elementor-8529 .elementor-element.elementor-element-eb88741 > .elementor-motion-effects-container > .elementor-motion-effects-layer{background-color:#FFFFFF;}.elementor-8529 .elementor-element.elementor-element-eb88741{transition:background 0.3s, border 0.3s, border-radius 0.3s, box-shadow 0.3s;padding:040px 40px 100px 40px;}.elementor-8529 .elementor-element.elementor-element-eb88741 > .elementor-background-overlay{transition:background 0.3s, border-radius 0.3s, opacity 0.3s;}.elementor-8529 .elementor-element.elementor-element-e3c95a9 > .elementor-widget-wrap > .elementor-widget:not(.elementor-widget__width-auto):not(.elementor-widget__width-initial):not(:last-child):not(.elementor-absolute){margin-block-end:30px;}.elementor-8529 .elementor-element.elementor-element-1825e42{text-align:center;}.elementor-8529 .elementor-element.elementor-element-1825e42 .elementor-heading-title{font-size:32px;}:root{--page-title-display:none;}@media(max-width:1024px){.elementor-8529 .elementor-element.elementor-element-6583b74 > .elementor-container{min-height:200px;}.elementor-8529 .elementor-element.elementor-element-6583b74{padding:0px 20px 0px 20px;}.elementor-8529 .elementor-element.elementor-element-82e4756 .elementor-heading-title{font-size:39px;}.elementor-8529 .elementor-element.elementor-element-eb88741{padding:40px 20px 40px 20px;}.elementor-8529 .elementor-element.elementor-element-e3c95a9 > .elementor-widget-wrap > .elementor-widget:not(.elementor-widget__width-auto):not(.elementor-widget__width-initial):not(:last-child):not(.elementor-absolute){margin-block-end:20px;}.elementor-8529 .elementor-element.elementor-element-1825e42 .elementor-heading-title{font-size:26px;}}@media(max-width:767px){.elementor-8529 .elementor-element.elementor-element-6583b74 > .elementor-container{min-height:150px;}.elementor-8529 .elementor-element.elementor-element-6583b74{padding:0px 10px 0px 10px;}.elementor-8529 .elementor-element.elementor-element-82e4756 .elementor-heading-title{font-size:32px;}.elementor-8529 .elementor-element.elementor-element-eb88741{padding:10px 10px 30px 10px;}.elementor-8529 .elementor-element.elementor-element-1825e42 .elementor-heading-title{font-size:22px;}}<\/style>\t\t<div data-elementor-type=\"wp-page\" data-elementor-id=\"8529\" class=\"elementor elementor-8529\" data-elementor-post-type=\"page\">\n\t\t\t\t\t\t<section class=\"elementor-section elementor-top-section elementor-element elementor-element-6583b74 elementor-section-height-min-height elementor-section-boxed elementor-section-height-default elementor-section-items-middle\" data-id=\"6583b74\" data-element_type=\"section\" data-e-type=\"section\" data-settings=\"{&quot;background_background&quot;:&quot;classic&quot;}\">\n\t\t\t\t\t\t<div class=\"elementor-container elementor-column-gap-default\">\n\t\t\t\t\t<div class=\"elementor-column elementor-col-100 elementor-top-column elementor-element elementor-element-5327584\" data-id=\"5327584\" data-element_type=\"column\" data-e-type=\"column\">\n\t\t\t<div class=\"elementor-widget-wrap elementor-element-populated\">\n\t\t\t\t\t\t\t<\/div>\n\t\t<\/div>\n\t\t\t\t\t<\/div>\n\t\t<\/section>\n\t\t\t\t<section class=\"elementor-section elementor-top-section elementor-element elementor-element-eb88741 elementor-section-boxed elementor-section-height-default elementor-section-height-default\" data-id=\"eb88741\" data-element_type=\"section\" data-e-type=\"section\" data-settings=\"{&quot;background_background&quot;:&quot;classic&quot;}\">\n\t\t\t\t\t\t<div class=\"elementor-container elementor-column-gap-default\">\n\t\t\t\t\t<div class=\"elementor-column elementor-col-100 elementor-top-column elementor-element elementor-element-e3c95a9\" data-id=\"e3c95a9\" data-element_type=\"column\" data-e-type=\"column\">\n\t\t\t<div class=\"elementor-widget-wrap elementor-element-populated\">\n\t\t\t\t\t\t<div class=\"elementor-element elementor-element-1b93f8e elementor-widget elementor-widget-text-editor\" data-id=\"1b93f8e\" data-element_type=\"widget\" data-e-type=\"widget\" data-widget_type=\"text-editor.default\">\n\t\t\t\t<div class=\"elementor-widget-container\">\n\t\t\t\t\t\t\t\t\t<ol><li><p><strong>Leveringstid<\/strong><\/p><ol><li><p>Varer, der afsendes fra vores lager i Danmark, leveres normalt inden for 1-2 uger.<\/p><\/li><li><p>Ved bestilling af varer fra udenlandske leverand\u00f8rer er den estimerede leveringstid normalt 4-6 uger.<\/p><\/li><li><p>Efter betaling kan kunden afhente varerne direkte fra lageret samme dag.<\/p><\/li><\/ol><\/li><li><p><strong>Leveringsomr\u00e5de<\/strong><\/p><ol><li><p>Vi leverer kun varer inden for Danmarks gr\u00e6nser.<\/p><\/li><li><p>JSOASIS.DK tilbyder personlig leveringsservice direkte til kundens leveringsadresse.<\/p><\/li><\/ol><\/li><li><p><strong>Vigtige oplysninger om levering<\/strong><\/p><ol><li><p>Bem\u00e6rk, at boblebadene leveres st\u00e5ende p\u00e5 siden p\u00e5 en palle.<\/p><\/li><li><p>Kontroller venligst, om der er adgang til den endelige leveringsadresse, da vi ikke har l\u00f8fteudstyr til at l\u00f8fte spabadet eller saunaen over hegn, bygninger m.v.<\/p><\/li><li><p><span style=\"background-color: transparent; font-family: -apple-system, BlinkMacSystemFont, 'Segoe UI', Roboto, 'Helvetica Neue', Arial, 'Noto Sans', sans-serif, 'Apple Color Emoji', 'Segoe UI Emoji', 'Segoe UI Symbol', 'Noto Color Emoji';\">Chauff\u00f8ren kan kun flytte spabadet\/saunaen med en pallel\u00f8fter, hvilket kr\u00e6ver et j\u00e6vnt og stabilt underlag.<\/span><\/p><\/li><li><p>Hvis spabadet eller saunaen skal l\u00f8ftes eller transporteres yderligere, er det kundens ansvar at s\u00f8rge for tilstr\u00e6kkeligt personale p\u00e5 leveringsdagen.<\/p><\/li><\/ol><\/li><li><p><strong>Ekstra leveringsydelser (mod gebyr)<\/strong><\/p><ol><li><p><strong style=\"background-color: transparent; font-family: -apple-system, BlinkMacSystemFont, 'Segoe UI', Roboto, 'Helvetica Neue', Arial, 'Noto Sans', sans-serif, 'Apple Color Emoji', 'Segoe UI Emoji', 'Segoe UI Symbol', 'Noto Color Emoji';\">Lokaliseringsassistance:<\/strong><span style=\"background-color: transparent; font-family: -apple-system, BlinkMacSystemFont, 'Segoe UI', Roboto, 'Helvetica Neue', Arial, 'Noto Sans', sans-serif, 'Apple Color Emoji', 'Segoe UI Emoji', 'Segoe UI Symbol', 'Noto Color Emoji';\"> Hvis \u00f8nsket, kan leveringsteamet hj\u00e6lpe med at finde den ideelle placering for spabadet\/saunaen. Vi r\u00e5dgiver baseret p\u00e5 faktorer som adgangsforhold, forsyningstilg\u00e6ngelighed og sikkerhed.<\/span><\/p><\/li><li><p><strong style=\"background-color: transparent; font-family: -apple-system, BlinkMacSystemFont, 'Segoe UI', Roboto, 'Helvetica Neue', Arial, 'Noto Sans', sans-serif, 'Apple Color Emoji', 'Segoe UI Emoji', 'Segoe UI Symbol', 'Noto Color Emoji';\">Fjernelse af emballage:<\/strong><span style=\"background-color: transparent; font-family: -apple-system, BlinkMacSystemFont, 'Segoe UI', Roboto, 'Helvetica Neue', Arial, 'Noto Sans', sans-serif, 'Apple Color Emoji', 'Segoe UI Emoji', 'Segoe UI Symbol', 'Noto Color Emoji';\"> Vores leveringsteam kan fjerne alt emballagemateriale, herunder kasser og beskyttelsesmaterialer, der er tilknyttet spabadet\/saunaen. Dette sikrer, at kunden ikke selv skal h\u00e5ndtere bortskaffelsen.<\/span><\/p><\/li><\/ol><\/li><li><p><strong>Afl\u00e6sning af saunaer<\/strong><\/p><ol><li><p>Afl\u00e6sning af saunaer skal aftales p\u00e5 forh\u00e5nd, s\u00e5 den bedste l\u00f8sning findes.<\/p><\/li><li><p>Vores transport har ikke kapacitet til at afl\u00e6sse saunaer p\u00e5 din adresse uden passende udstyr. Derfor skal afl\u00e6sning koordineres, s\u00e5 den sker samtidig med leveringen.<\/p><\/li><\/ol><\/li><\/ol>\t\t\t\t\t\t\t\t<\/div>\n\t\t\t\t<\/div>\n\t\t\t\t<div class=\"elementor-element elementor-element-0b4b397 elementor-hidden-desktop elementor-hidden-laptop elementor-hidden-tablet elementor-hidden-mobile elementor-widget elementor-widget-text-editor\" data-id=\"0b4b397\" data-element_type=\"widget\" data-e-type=\"widget\" data-widget_type=\"text-editor.default\">\n\t\t\t\t<div class=\"elementor-widget-container\">\n\t\t\t\t\t\t\t\t\t<ol><li>Delivery time:<ol><li>Products sourced from our warehouse in Denmark typically have a delivery timeframe of 1-2 weeks.<\/li><li>When ordering products from foreign suppliers, the estimated delivery time is typically 4-6 weeks.<\/li><li>After the customer pays for their goods, they can conveniently collect the product directly from the warehouse on the same day.<\/li><\/ol><\/li><li>Delivery area: We only deliver goods in Denmark.<\/li><li>JSOASIS.DK provides personalized delivery services directly to the shipping addresses of customers<\/li><li>Please note that hot tubs are delivered laid on the side on the pallet, same goes with saunas as well.<\/li><li>Please check available access to the final destination as we don't have any lifting equipment to lift the hot tub\/sauna over fences, building or something like that. The driver is able to move the hot tub\/sauna with pallet truck only (suitable ground is required). Also, if the hot tub needs lifting\/carrying then the customer must provide enough man power on the delivery day.<\/li><li>Services within delivery that may be provided to a customer for additional price:<ol><li>Removal of Packaging: The delivery team can remove the packaging materials, including boxes, crates, and wrapping, associated with the hot tub\/sauna. This ensures that the customer does not have to handle or dispose of the packaging themselves.<\/li><li>Placement Assistance: If requested, the delivery team can assist the customer in determining the ideal location for the hot tub\/sauna. They can provide guidance based on factors such as space availability, access to utilities, and safety considerations.<\/li><\/ol><\/li><\/ol>\t\t\t\t\t\t\t\t<\/div>\n\t\t\t\t<\/div>\n\t\t\t\t\t<\/div>\n\t\t<\/div>\n\t\t\t\t\t<\/div>\n\t\t<\/section>\n\t\t\t\t<\/div>","protected":false},"excerpt":{"rendered":"<p>Leveringstid Varer, der afsendes fra vores lager i Danmark, leveres normalt inden for 1-2 uger. Ved bestilling af varer fra udenlandske leverand\u00f8rer er den estimerede leveringstid normalt 4-6 uger. Efter betaling kan kunden afhente varerne direkte fra lageret samme dag. Leveringsomr\u00e5de Vi leverer kun varer inden for Danmarks gr\u00e6nser. JSOASIS.DK tilbyder personlig leveringsservice direkte til [&hellip;]<\/p>","protected":false},"author":1,"featured_media":0,"parent":0,"menu_order":0,"comment_status":"closed","ping_status":"closed","template":"","meta":{"_acf_changed":false,"om_disable_all_campaigns":false,"_monsterinsights_skip_tracking":false,"_monsterinsights_sitenote_active":false,"_monsterinsights_sitenote_note":"","_monsterinsights_sitenote_category":0,"footnotes":""},"class_list":["post-8529","page","type-page","status-publish","hentry"],"acf":[],"aioseo_notices":[],"_links":{"self":[{"href":"https:\/\/jsoasis.dk\/en\/wp-json\/wp\/v2\/pages\/8529","targetHints":{"allow":["GET"]}}],"collection":[{"href":"https:\/\/jsoasis.dk\/en\/wp-json\/wp\/v2\/pages"}],"about":[{"href":"https:\/\/jsoasis.dk\/en\/wp-json\/wp\/v2\/types\/page"}],"author":[{"embeddable":true,"href":"https:\/\/jsoasis.dk\/en\/wp-json\/wp\/v2\/users\/1"}],"replies":[{"embeddable":true,"href":"https:\/\/jsoasis.dk\/en\/wp-json\/wp\/v2\/comments?post=8529"}],"version-history":[{"count":13,"href":"https:\/\/jsoasis.dk\/en\/wp-json\/wp\/v2\/pages\/8529\/revisions"}],"predecessor-version":[{"id":11574,"href":"https:\/\/jsoasis.dk\/en\/wp-json\/wp\/v2\/pages\/8529\/revisions\/11574"}],"wp:attachment":[{"href":"https:\/\/jsoasis.dk\/en\/wp-json\/wp\/v2\/media?parent=8529"}],"curies":[{"name":"wp","href":"https:\/\/api.w.org\/{rel}","templated":true}]}}