{"id":8530,"date":"2024-03-16T19:39:47","date_gmt":"2024-03-16T18:39:47","guid":{"rendered":"https:\/\/jsoasis.dk\/?page_id=8530"},"modified":"2025-03-11T11:39:26","modified_gmt":"2025-03-11T10:39:26","slug":"garanti-og-returnering","status":"publish","type":"page","link":"https:\/\/jsoasis.dk\/en\/garanti-og-returnering\/","title":{"rendered":"Fortrydelsesret, Returnering og Rekalmationsret"},"content":{"rendered":"<style>.elementor-8530 .elementor-element.elementor-element-c0ed0a4 > .elementor-container{min-height:250px;}.elementor-8530 .elementor-element.elementor-element-c0ed0a4:not(.elementor-motion-effects-element-type-background), .elementor-8530 .elementor-element.elementor-element-c0ed0a4 > .elementor-motion-effects-container > .elementor-motion-effects-layer{background-color:#F2F2F2;}.elementor-8530 .elementor-element.elementor-element-c0ed0a4{transition:background 0.3s, border 0.3s, border-radius 0.3s, box-shadow 0.3s;padding:0px 40px 0px 40px;}.elementor-8530 .elementor-element.elementor-element-c0ed0a4 > .elementor-background-overlay{transition:background 0.3s, border-radius 0.3s, opacity 0.3s;}.elementor-8530 .elementor-element.elementor-element-d4515e4{text-align:center;}.elementor-8530 .elementor-element.elementor-element-d4515e4 .elementor-heading-title{font-size:50px;color:#000000;}.elementor-8530 .elementor-element.elementor-element-77f775c > .elementor-container{max-width:800px;}.elementor-8530 .elementor-element.elementor-element-77f775c:not(.elementor-motion-effects-element-type-background), .elementor-8530 .elementor-element.elementor-element-77f775c > .elementor-motion-effects-container > .elementor-motion-effects-layer{background-color:#FFFFFF;}.elementor-8530 .elementor-element.elementor-element-77f775c{transition:background 0.3s, border 0.3s, border-radius 0.3s, box-shadow 0.3s;padding:040px 40px 100px 40px;}.elementor-8530 .elementor-element.elementor-element-77f775c > .elementor-background-overlay{transition:background 0.3s, border-radius 0.3s, opacity 0.3s;}.elementor-8530 .elementor-element.elementor-element-3905b6b > .elementor-widget-wrap > .elementor-widget:not(.elementor-widget__width-auto):not(.elementor-widget__width-initial):not(:last-child):not(.elementor-absolute){margin-block-end:30px;}.elementor-8530 .elementor-element.elementor-element-fe3b776{text-align:center;}.elementor-8530 .elementor-element.elementor-element-fe3b776 .elementor-heading-title{font-size:32px;}:root{--page-title-display:none;}@media(max-width:1024px){.elementor-8530 .elementor-element.elementor-element-c0ed0a4 > .elementor-container{min-height:200px;}.elementor-8530 .elementor-element.elementor-element-c0ed0a4{padding:0px 20px 0px 20px;}.elementor-8530 .elementor-element.elementor-element-d4515e4 .elementor-heading-title{font-size:39px;}.elementor-8530 .elementor-element.elementor-element-77f775c{padding:40px 20px 40px 20px;}.elementor-8530 .elementor-element.elementor-element-3905b6b > .elementor-widget-wrap > .elementor-widget:not(.elementor-widget__width-auto):not(.elementor-widget__width-initial):not(:last-child):not(.elementor-absolute){margin-block-end:20px;}.elementor-8530 .elementor-element.elementor-element-fe3b776 .elementor-heading-title{font-size:26px;}}@media(max-width:767px){.elementor-8530 .elementor-element.elementor-element-c0ed0a4 > .elementor-container{min-height:150px;}.elementor-8530 .elementor-element.elementor-element-c0ed0a4{padding:0px 10px 0px 10px;}.elementor-8530 .elementor-element.elementor-element-d4515e4 .elementor-heading-title{font-size:32px;}.elementor-8530 .elementor-element.elementor-element-77f775c{padding:10px 10px 30px 10px;}.elementor-8530 .elementor-element.elementor-element-fe3b776 .elementor-heading-title{font-size:22px;}}<\/style>\t\t<div data-elementor-type=\"wp-page\" data-elementor-id=\"8530\" class=\"elementor elementor-8530\" data-elementor-post-type=\"page\">\n\t\t\t\t\t\t<section class=\"elementor-section elementor-top-section elementor-element elementor-element-c0ed0a4 elementor-section-height-min-height elementor-section-boxed elementor-section-height-default elementor-section-items-middle\" data-id=\"c0ed0a4\" data-element_type=\"section\" data-e-type=\"section\" data-settings=\"{&quot;background_background&quot;:&quot;classic&quot;}\">\n\t\t\t\t\t\t<div class=\"elementor-container elementor-column-gap-default\">\n\t\t\t\t\t<div class=\"elementor-column elementor-col-100 elementor-top-column elementor-element elementor-element-31cd3d8\" data-id=\"31cd3d8\" data-element_type=\"column\" data-e-type=\"column\">\n\t\t\t<div class=\"elementor-widget-wrap elementor-element-populated\">\n\t\t\t\t\t\t\t<\/div>\n\t\t<\/div>\n\t\t\t\t\t<\/div>\n\t\t<\/section>\n\t\t\t\t<section class=\"elementor-section elementor-top-section elementor-element elementor-element-77f775c elementor-section-boxed elementor-section-height-default elementor-section-height-default\" data-id=\"77f775c\" data-element_type=\"section\" data-e-type=\"section\" data-settings=\"{&quot;background_background&quot;:&quot;classic&quot;}\">\n\t\t\t\t\t\t<div class=\"elementor-container elementor-column-gap-default\">\n\t\t\t\t\t<div class=\"elementor-column elementor-col-100 elementor-top-column elementor-element elementor-element-3905b6b\" data-id=\"3905b6b\" data-element_type=\"column\" data-e-type=\"column\">\n\t\t\t<div class=\"elementor-widget-wrap elementor-element-populated\">\n\t\t\t\t\t\t<div class=\"elementor-element elementor-element-e302fa9 elementor-widget elementor-widget-text-editor\" data-id=\"e302fa9\" data-element_type=\"widget\" data-e-type=\"widget\" data-widget_type=\"text-editor.default\">\n\t\t\t\t<div class=\"elementor-widget-container\">\n\t\t\t\t\t\t\t\t\t<ol>\n \t<li><strong>Right of withdrawal\n<\/strong>\n<ol>\n \t<li>There is a 14-day full right of withdrawal on items purchased on the website unless otherwise agreed or stated in your order.<\/li>\n \t<li>The 14 day period starts on the day the order is delivered.<\/li>\n \t<li>You will bear any return costs yourself.<\/li>\n \t<li>You cannot cancel the purchase by refusing to receive the item without notifying us at the same time.<\/li>\n \t<li>Requests for cancellation must be notified to us no later than 14 after delivery and be received by us no later than 14 days after we have been informed of your use of the right of withdrawal.<\/li>\n \t<li>\u00d8nske om brug af fortrydelsesret skal sendes p\u00e5 mail\u00a0info@jsoasis.dk\u00a0hvortil standardfortrydelsesformularen bedes v\u00e6re udfyldt og sendt med (jf. formularen nederst i handelsbetingelserne).<\/li>\n \t<li>To get a refund, please include bank details in the form of registration no. and account number so that the agreed amount can be transferred directly to corresponding bank account.<\/li>\n<\/ol>\n<\/li>\n&nbsp;\n<li><strong>The condition of the item upon return\n<\/strong>\n<ol>\n \t<li>You are liable for the deterioration of the value of the item, which is due to handling other than what is necessary to determine the item's nature, properties and function. This means that you must try the item in the same way as if you were shopping in a physical store.<\/li>\n \t<li>If the item has been tested in addition to what is described above, it is considered used and of impaired value. This means that if you cancel the purchase, you will receive a small part or none of the purchase amount back. It is up to JSOASIS.DK to assess the condition of the product.<\/li>\n \t<li>We do not receive packages sent by cash on delivery.<\/li>\n<\/ol>\n<\/li>\n&nbsp;\n \t<li><strong>Right of complaint\n<\/strong>\n<ol>\n \t<li>There is a 2-year right to make a complaint about products in accordance with the Danish Sales Act. The right of complaint applies to all errors in software, material and manufacturing.<\/li>\n \t<li>Complaint regarding. Defective situation must be reported to JSOASIS.DK within a reasonable time after receipt. Here, max. two months as a reasonable time, unless otherwise agreed. We reimburse reasonable shipping costs.<\/li>\n \t<li>JSOASIS.DK covers the return costs to a reasonable extent.<\/li>\n \t<li>Upon return, contact the company:<strong>Just- Spa &amp; Sauna Oasis\/v Modestas Brazas<\/strong>\nIndustrivej 1,\n8752 \u00d8stbirk\n\nCVR: 42 16 64 72\nTlf.: +45 52 72 99 04\ninfo@jsoasis.dk<\/li>\n \t<li>Complaints are not received if these have been sent on COD.<\/li>\n<\/ol>\n<\/li>\n<\/ol>\t\t\t\t\t\t\t\t<\/div>\n\t\t\t\t<\/div>\n\t\t\t\t\t<\/div>\n\t\t<\/div>\n\t\t\t\t\t<\/div>\n\t\t<\/section>\n\t\t\t\t<\/div>","protected":false},"excerpt":{"rendered":"<p>Fortrydelsesret Der gives 14 dages fuld fortrydelsesret p\u00e5 varer k\u00f8bt p\u00e5 hjemmesiden med mindre andet er aftalt eller fremg\u00e5r af din ordre. Den 14 dags periode starter den dag hvor ordren er leveret. Eventuelle returneringsomkostninger afholder du selv. Du kan ikke annullere k\u00f8bet ved at n\u00e6gte at modtage varen uden samtidig at underrette os. \u00d8nske [&hellip;]<\/p>","protected":false},"author":1,"featured_media":0,"parent":0,"menu_order":0,"comment_status":"closed","ping_status":"closed","template":"","meta":{"_acf_changed":false,"om_disable_all_campaigns":false,"_monsterinsights_skip_tracking":false,"_monsterinsights_sitenote_active":false,"_monsterinsights_sitenote_note":"","_monsterinsights_sitenote_category":0,"footnotes":""},"class_list":["post-8530","page","type-page","status-publish","hentry"],"acf":[],"aioseo_notices":[],"_links":{"self":[{"href":"https:\/\/jsoasis.dk\/en\/wp-json\/wp\/v2\/pages\/8530","targetHints":{"allow":["GET"]}}],"collection":[{"href":"https:\/\/jsoasis.dk\/en\/wp-json\/wp\/v2\/pages"}],"about":[{"href":"https:\/\/jsoasis.dk\/en\/wp-json\/wp\/v2\/types\/page"}],"author":[{"embeddable":true,"href":"https:\/\/jsoasis.dk\/en\/wp-json\/wp\/v2\/users\/1"}],"replies":[{"embeddable":true,"href":"https:\/\/jsoasis.dk\/en\/wp-json\/wp\/v2\/comments?post=8530"}],"version-history":[{"count":5,"href":"https:\/\/jsoasis.dk\/en\/wp-json\/wp\/v2\/pages\/8530\/revisions"}],"predecessor-version":[{"id":11627,"href":"https:\/\/jsoasis.dk\/en\/wp-json\/wp\/v2\/pages\/8530\/revisions\/11627"}],"wp:attachment":[{"href":"https:\/\/jsoasis.dk\/en\/wp-json\/wp\/v2\/media?parent=8530"}],"curies":[{"name":"wp","href":"https:\/\/api.w.org\/{rel}","templated":true}]}}