{"id":10906,"date":"2024-07-12T13:10:46","date_gmt":"2024-07-12T12:10:46","guid":{"rendered":"https:\/\/jsoasis.dk\/?post_type=product&#038;p=10906"},"modified":"2024-12-02T13:13:30","modified_gmt":"2024-12-02T12:13:30","slug":"cool-cube-eksklusiv-foersteklasses-udendoers-sauna","status":"publish","type":"product","link":"https:\/\/jsoasis.dk\/en\/produkt\/cool-cube-eksklusiv-foersteklasses-udendoers-sauna\/","title":{"rendered":"Cool Cube eksklusiv f\u00f8rsteklasses udend\u00f8rs sauna"},"content":{"rendered":"<p>\ud83d\udd38 DIMENSIONER<\/p>\n<p>Bredde<br \/>\n3,0 m<br \/>\nDybde<br \/>\n2,4 m<br \/>\nh\u00f8jde<br \/>\n2,40 m<br \/>\n\ud83d\udd38 Passer til 6-8 personer<br \/>\n\ud83d\udd38 St\u00f8tteben l\u00e6ngde 3000mm (2 stk)<br \/>\n\ud83d\udd38 V\u00e6gten er kun 1200kg;<br \/>\n\ud83d\udd38 Sauna er samlet og f\u00e6rdigmonteret;<br \/>\n\ud83d\udd38 Tag: sort tagpap;<br \/>\n\ud83d\udd38 Grantr\u00e6;<br \/>\n\ud83d\udd38 Gulvriste materiale: aspen;<br \/>\n\ud83d\udd38 B\u00e6nke materiale aspen;<br \/>\n\ud83d\udd38 Fuld panoramaudsigt i frontv\u00e6ggen;<br \/>\n(sikkerhedsklasse)<br \/>\n\ud83d\udd38 Glasd\u00f8r (sikkerhedsklasse)<br \/>\n\ud83d\udd38 Br\u00e6ndeovn Harvia M3 eller EL ovn<br \/>\n\ud83d\udd38 Sauna sten<br \/>\n\ud83d\udd38 El connect til LED 230v; Til EL ovn connection er 3 phase<br \/>\n\ud83d\udd38 El fosikkring;<br \/>\n\ud83d\udca5LED-lamperne installeret under b\u00e6nkene skaber en beroligende stemning og tilf\u00f8jer et strejf af elegance til din saunaoplevelse<\/p>\n<p>Levering hele Denmark pris kun 2500,- til kansten!<\/p>","protected":false},"excerpt":{"rendered":"<p>Cool Cube er en eksklusiv f\u00f8rsteklasses udend\u00f8rs sauna designet og udviklet af Just SPA &amp; Sauna Oasis.dk team.<br \/>\nN\u00f8gleordet for Cool Cube er overkommelighed. Den er tilg\u00e6ngelig for enhver saunaelsker og giver dig mulighed for at nyde den bedste saunaoplevelse med et produkt af h\u00f8j kvalitet til en rimelig pris.<br \/>\nDu kan sp\u00f8rge os om st\u00f8rre sauna i denne form denne sauna st\u00f8rrelse sin standard.<br \/>\nVi kan garantere for kvalitet!<br \/>\nOgs\u00e5 b\u00e6nkepositioner og ovne kan vi lave efter dine \u00f8nsker<\/p>","protected":false},"featured_media":11127,"template":"","meta":{"_acf_changed":false,"om_disable_all_campaigns":false,"_monsterinsights_skip_tracking":false,"_monsterinsights_sitenote_active":false,"_monsterinsights_sitenote_note":"","_monsterinsights_sitenote_category":0},"product_brand":[],"product_cat":[159,158,161,25,109,151],"product_tag":[],"class_list":{"0":"post-10906","1":"product","2":"type-product","3":"status-publish","4":"has-post-thumbnail","6":"product_cat-bedst-saelger","7":"product_cat-cube-sauna","8":"product_cat-nedsatte-produkter","9":"product_cat-sauna","10":"product_cat-special-tilbud","11":"product_cat-summer-sale","13":"first","14":"instock","15":"sale","16":"taxable","17":"shipping-taxable","18":"purchasable","19":"product-type-simple"},"acf":[],"aioseo_notices":[],"_links":{"self":[{"href":"https:\/\/jsoasis.dk\/en\/wp-json\/wp\/v2\/product\/10906","targetHints":{"allow":["GET"]}}],"collection":[{"href":"https:\/\/jsoasis.dk\/en\/wp-json\/wp\/v2\/product"}],"about":[{"href":"https:\/\/jsoasis.dk\/en\/wp-json\/wp\/v2\/types\/product"}],"wp:featuredmedia":[{"embeddable":true,"href":"https:\/\/jsoasis.dk\/en\/wp-json\/wp\/v2\/media\/11127"}],"wp:attachment":[{"href":"https:\/\/jsoasis.dk\/en\/wp-json\/wp\/v2\/media?parent=10906"}],"wp:term":[{"taxonomy":"product_brand","embeddable":true,"href":"https:\/\/jsoasis.dk\/en\/wp-json\/wp\/v2\/product_brand?post=10906"},{"taxonomy":"product_cat","embeddable":true,"href":"https:\/\/jsoasis.dk\/en\/wp-json\/wp\/v2\/product_cat?post=10906"},{"taxonomy":"product_tag","embeddable":true,"href":"https:\/\/jsoasis.dk\/en\/wp-json\/wp\/v2\/product_tag?post=10906"}],"curies":[{"name":"wp","href":"https:\/\/api.w.org\/{rel}","templated":true}]}}