{"id":10984,"date":"2024-08-05T06:44:10","date_gmt":"2024-08-05T05:44:10","guid":{"rendered":"https:\/\/jsoasis.dk\/?post_type=product&#038;p=10984"},"modified":"2025-01-09T12:00:32","modified_gmt":"2025-01-09T11:00:32","slug":"gaest-hus-eller-lille-anneks","status":"publish","type":"product","link":"https:\/\/jsoasis.dk\/en\/produkt\/gaest-hus-eller-lille-anneks\/","title":{"rendered":"G\u00e6st hus eller lille anneks"},"content":{"rendered":"<p>G\u00e6st hus eller lille anneks<br \/>\nL280 cm<br \/>\nB230 cm<br \/>\nH230 cm<br \/>\nSoveplads 160&#215;200<br \/>\nOpbevaring under seng<br \/>\nOpvarmning med EL<br \/>\nElectrical installation<br \/>\nD\u00f8r med l\u00e5s<br \/>\n\u00c5bning vindue<\/p>\n<p>Ogs\u00e5 vi kan lave ale slags af anneks via din \u00f8nsker<\/p>\n<p>St\u00e5r i \u00d8stbirk 8752, Industrivej 1<\/p>","protected":false},"excerpt":{"rendered":"<p>G\u00e6st hus eller lille anneks L280 cm B230 cm H230 cm Soveplads 160&#215;200 Opbevaring under seng Opvarmning med EL EL instaliation D\u00f8r med l\u00e5s \u00c5bning vindue Ogs\u00e5 vi kan lave ale slags af anneks via din \u00f8nsker St\u00e5r i \u00d8stbirk 8752, Industrivej 1<\/p>","protected":false},"featured_media":10986,"template":"","meta":{"_acf_changed":false,"om_disable_all_campaigns":false,"_monsterinsights_skip_tracking":false,"_monsterinsights_sitenote_active":false,"_monsterinsights_sitenote_note":"","_monsterinsights_sitenote_category":0},"product_brand":[],"product_cat":[161,151],"product_tag":[],"class_list":{"0":"post-10984","1":"product","2":"type-product","3":"status-publish","4":"has-post-thumbnail","6":"product_cat-nedsatte-produkter","7":"product_cat-summer-sale","9":"first","10":"instock","11":"sale","12":"taxable","13":"shipping-taxable","14":"purchasable","15":"product-type-simple"},"acf":[],"aioseo_notices":[],"_links":{"self":[{"href":"https:\/\/jsoasis.dk\/en\/wp-json\/wp\/v2\/product\/10984","targetHints":{"allow":["GET"]}}],"collection":[{"href":"https:\/\/jsoasis.dk\/en\/wp-json\/wp\/v2\/product"}],"about":[{"href":"https:\/\/jsoasis.dk\/en\/wp-json\/wp\/v2\/types\/product"}],"wp:featuredmedia":[{"embeddable":true,"href":"https:\/\/jsoasis.dk\/en\/wp-json\/wp\/v2\/media\/10986"}],"wp:attachment":[{"href":"https:\/\/jsoasis.dk\/en\/wp-json\/wp\/v2\/media?parent=10984"}],"wp:term":[{"taxonomy":"product_brand","embeddable":true,"href":"https:\/\/jsoasis.dk\/en\/wp-json\/wp\/v2\/product_brand?post=10984"},{"taxonomy":"product_cat","embeddable":true,"href":"https:\/\/jsoasis.dk\/en\/wp-json\/wp\/v2\/product_cat?post=10984"},{"taxonomy":"product_tag","embeddable":true,"href":"https:\/\/jsoasis.dk\/en\/wp-json\/wp\/v2\/product_tag?post=10984"}],"curies":[{"name":"wp","href":"https:\/\/api.w.org\/{rel}","templated":true}]}}