{"id":11007,"date":"2024-08-17T09:43:15","date_gmt":"2024-08-17T08:43:15","guid":{"rendered":"https:\/\/jsoasis.dk\/?post_type=product&#038;p=11007"},"modified":"2025-09-08T10:54:42","modified_gmt":"2025-09-08T09:54:42","slug":"stoerre-koldvandskar","status":"publish","type":"product","link":"https:\/\/jsoasis.dk\/en\/produkt\/stoerre-koldvandskar\/","title":{"rendered":"St\u00f8rre koldvandskar"},"content":{"rendered":"<p>Indsats glasfiber (farve Hvid, Gr\u00e5,Bl\u00e5)<\/p>\n<p>Grantr\u00e6 bekl\u00e6dning (mange forskelige farve)<\/p>\n<p>Tr\u00e6 l\u00e5g i to dele<\/p>\n<p>Steps<\/p>\n<p>Sandfilter udl\u00f8b (Du kan rensevand i stedet for at skifte det)<\/p>\n<p>Tr\u00e6kasse til d\u00e6ksandfilter<\/p>\n<p>Vandafl\u00f8b<\/p>\n<p>Termotr\u00e6 + 1.000,-<\/p>\n<p>Termol\u00e5g +1.500,-<\/p>\n<p>Dimensions:<br \/>\nH\u00f8jde: 103 cm.<br \/>\nBredde: 185x 120cm.<br \/>\nV\u00e6gt: 80 kg.<br \/>\nVandkapacitet: 350 liter.<\/p>","protected":false},"excerpt":{"rendered":"<p>Indsats glasfiber (farve Hvid, Gr\u00e5,Bl\u00e5) Grantr\u00e6 bekl\u00e6dning (mange forskelige farve) Tr\u00e6 l\u00e5g i to dele Trappe Sandfilter udl\u00f8b (Du kan rensevand i stedet for at skifte det) Tr\u00e6kasse til d\u00e6ksandfilter Vandafl\u00f8b Termotr\u00e6 + 1.000,- Termol\u00e5g +1.500,- Dimensioner: H\u00f8jde: 103 cm. Bredde: 185x 120cm. V\u00e6gt: 80 kg. Vandkapacitet: 350 liter.<\/p>","protected":false},"featured_media":11010,"template":"","meta":{"_acf_changed":false,"om_disable_all_campaigns":false,"_monsterinsights_skip_tracking":false,"_monsterinsights_sitenote_active":false,"_monsterinsights_sitenote_note":"","_monsterinsights_sitenote_category":0},"product_brand":[],"product_cat":[159,161,27,151],"product_tag":[],"class_list":{"0":"post-11007","1":"product","2":"type-product","3":"status-publish","4":"has-post-thumbnail","6":"product_cat-bedst-saelger","7":"product_cat-nedsatte-produkter","8":"product_cat-tilbehor","9":"product_cat-summer-sale","11":"first","12":"instock","13":"sale","14":"taxable","15":"shipping-taxable","16":"purchasable","17":"product-type-simple"},"acf":[],"aioseo_notices":[],"_links":{"self":[{"href":"https:\/\/jsoasis.dk\/en\/wp-json\/wp\/v2\/product\/11007","targetHints":{"allow":["GET"]}}],"collection":[{"href":"https:\/\/jsoasis.dk\/en\/wp-json\/wp\/v2\/product"}],"about":[{"href":"https:\/\/jsoasis.dk\/en\/wp-json\/wp\/v2\/types\/product"}],"wp:featuredmedia":[{"embeddable":true,"href":"https:\/\/jsoasis.dk\/en\/wp-json\/wp\/v2\/media\/11010"}],"wp:attachment":[{"href":"https:\/\/jsoasis.dk\/en\/wp-json\/wp\/v2\/media?parent=11007"}],"wp:term":[{"taxonomy":"product_brand","embeddable":true,"href":"https:\/\/jsoasis.dk\/en\/wp-json\/wp\/v2\/product_brand?post=11007"},{"taxonomy":"product_cat","embeddable":true,"href":"https:\/\/jsoasis.dk\/en\/wp-json\/wp\/v2\/product_cat?post=11007"},{"taxonomy":"product_tag","embeddable":true,"href":"https:\/\/jsoasis.dk\/en\/wp-json\/wp\/v2\/product_tag?post=11007"}],"curies":[{"name":"wp","href":"https:\/\/api.w.org\/{rel}","templated":true}]}}