{"id":11022,"date":"2024-09-03T10:48:12","date_gmt":"2024-09-03T09:48:12","guid":{"rendered":"https:\/\/jsoasis.dk\/?post_type=product&#038;p=11022"},"modified":"2025-01-09T11:59:12","modified_gmt":"2025-01-09T10:59:12","slug":"arkformet-sauna-280","status":"publish","type":"product","link":"https:\/\/jsoasis.dk\/en\/produkt\/arkformet-sauna-280\/","title":{"rendered":"Arkformet Sauna 280 til 6 personer"},"content":{"rendered":"<p>UDSTYR INKL. I PRISEN<br \/>\nIndvendig LED belysning under b\u00e6nke<br \/>\nAspentr\u00e6 B\u00e6nke<br \/>\nUdvendig glasd\u00f8r<br \/>\nTagd\u00e6kning: bitumenfliser<br \/>\nUdend\u00f8rs tr\u00e6 malet i ale farve (fritvalg)<br \/>\nHarvia M3 br\u00e6ndeovn med skorsten eller EL ovn<br \/>\nSauna sten 20kg\/80kg<br \/>\nFront panorama<br \/>\nLille vindue i bagv\u00e6gg<br \/>\nL280cm x B230cm x H235cm<br \/>\n5-6 personer<br \/>\nSoveplads (du kan bruge som lille anneks)<br \/>\n1 timer til 100 grader<\/p>\n<p>Vejer 900 kg<\/p>\n<p>Panoramavindue i bagv\u00e6g + 3500,-<\/p>\n<p>Termotr\u00e6 + 7000,-<\/p>\n<p>Levering til kansten 3000,-<\/p>\n<p>Leveringstid 4-6 uger<\/p>","protected":false},"excerpt":{"rendered":"<p>UDSTYR INKL. I PRISEN Indvendig LED belysning under b\u00e6nke Aspentr\u00e6 B\u00e6nke Udvendig glasd\u00f8r Tagd\u00e6kning: bitumenfliser Udend\u00f8rs tr\u00e6 malet i ale farve (fritvalg) Harvia M3 br\u00e6ndeovn med skorsten eller EL ovn Sauna sten 20kg\/80kg Front panorama Lille vindue i bagv\u00e6gg L280cm x B230cm x H235cm 5-6 personer Soveplads (du kan bruge som lille anneks) 1 timer [&hellip;]<\/p>","protected":false},"featured_media":11023,"template":"","meta":{"_acf_changed":false,"om_disable_all_campaigns":false,"_monsterinsights_skip_tracking":false,"_monsterinsights_sitenote_active":false,"_monsterinsights_sitenote_note":"","_monsterinsights_sitenote_category":0},"product_brand":[],"product_cat":[157,161,25,151],"product_tag":[],"class_list":{"0":"post-11022","1":"product","2":"type-product","3":"status-publish","4":"has-post-thumbnail","6":"product_cat-arkformet-sauna","7":"product_cat-nedsatte-produkter","8":"product_cat-sauna","9":"product_cat-summer-sale","11":"first","12":"instock","13":"sale","14":"taxable","15":"shipping-taxable","16":"purchasable","17":"product-type-simple"},"acf":[],"aioseo_notices":[],"_links":{"self":[{"href":"https:\/\/jsoasis.dk\/en\/wp-json\/wp\/v2\/product\/11022","targetHints":{"allow":["GET"]}}],"collection":[{"href":"https:\/\/jsoasis.dk\/en\/wp-json\/wp\/v2\/product"}],"about":[{"href":"https:\/\/jsoasis.dk\/en\/wp-json\/wp\/v2\/types\/product"}],"wp:featuredmedia":[{"embeddable":true,"href":"https:\/\/jsoasis.dk\/en\/wp-json\/wp\/v2\/media\/11023"}],"wp:attachment":[{"href":"https:\/\/jsoasis.dk\/en\/wp-json\/wp\/v2\/media?parent=11022"}],"wp:term":[{"taxonomy":"product_brand","embeddable":true,"href":"https:\/\/jsoasis.dk\/en\/wp-json\/wp\/v2\/product_brand?post=11022"},{"taxonomy":"product_cat","embeddable":true,"href":"https:\/\/jsoasis.dk\/en\/wp-json\/wp\/v2\/product_cat?post=11022"},{"taxonomy":"product_tag","embeddable":true,"href":"https:\/\/jsoasis.dk\/en\/wp-json\/wp\/v2\/product_tag?post=11022"}],"curies":[{"name":"wp","href":"https:\/\/api.w.org\/{rel}","templated":true}]}}