{"id":11119,"date":"2024-09-24T06:31:35","date_gmt":"2024-09-24T05:31:35","guid":{"rendered":"https:\/\/jsoasis.dk\/?post_type=product&#038;p=11119"},"modified":"2025-09-08T10:53:04","modified_gmt":"2025-09-08T09:53:04","slug":"kolvandskar-med-chiller","status":"publish","type":"product","link":"https:\/\/jsoasis.dk\/en\/produkt\/kolvandskar-med-chiller\/","title":{"rendered":"Kolvandskar med Chiller"},"content":{"rendered":"<p>Lavet af termotr\u00e6<br \/>\nMed termol\u00e5g<br \/>\nChiller under trappe<br \/>\nChiller kontroleres via app <\/p>\n<p>Total height 100 cm<br \/>\nInternal depth 91 cm<br \/>\nInner diameter 88 cm<br \/>\nOuter diameter 102 cm<br \/>\nThe width of the windowsill is 7 cm<br \/>\nBench height 40 cm Width 32 cm<br \/>\nTermotr\u00e6 bekl\u00e6dning<br \/>\nV\u00e6gt 80 kg<br \/>\nB\u00e6lter i rustfrit st\u00e5l<\/p>\n<p>Har p\u00e5 showroom<br \/>\nLeveringstid efter bestilling 2-3 m\u00e5nader<\/p>","protected":false},"excerpt":{"rendered":"<p>Optim\u00e9r din koldvandsbadoplevelse med vores ekstra tilvalg, herunder en effektiv k\u00f8leenhed og isoleret l\u00e5g. Vores k\u00f8leenhed sikrer, at vandtemperaturen forbliver lav, selv p\u00e5 varme dage, s\u00e5 du kan nyde din wellness-oplevelse \u00e5ret rundt. K\u00f8leenheden kan holde temperaturen p\u00e5 3-40 grader.<\/p>","protected":false},"featured_media":11114,"template":"","meta":{"_acf_changed":false,"om_disable_all_campaigns":false,"_monsterinsights_skip_tracking":false,"_monsterinsights_sitenote_active":false,"_monsterinsights_sitenote_note":"","_monsterinsights_sitenote_category":0},"product_brand":[],"product_cat":[159,161,27,151],"product_tag":[153,154,155],"class_list":{"0":"post-11119","1":"product","2":"type-product","3":"status-publish","4":"has-post-thumbnail","6":"product_cat-bedst-saelger","7":"product_cat-nedsatte-produkter","8":"product_cat-tilbehor","9":"product_cat-summer-sale","10":"product_tag-icebath","11":"product_tag-isbad","12":"product_tag-koldvandskar","14":"first","15":"instock","16":"sale","17":"taxable","18":"shipping-taxable","19":"purchasable","20":"product-type-simple"},"acf":[],"aioseo_notices":[],"_links":{"self":[{"href":"https:\/\/jsoasis.dk\/en\/wp-json\/wp\/v2\/product\/11119","targetHints":{"allow":["GET"]}}],"collection":[{"href":"https:\/\/jsoasis.dk\/en\/wp-json\/wp\/v2\/product"}],"about":[{"href":"https:\/\/jsoasis.dk\/en\/wp-json\/wp\/v2\/types\/product"}],"wp:featuredmedia":[{"embeddable":true,"href":"https:\/\/jsoasis.dk\/en\/wp-json\/wp\/v2\/media\/11114"}],"wp:attachment":[{"href":"https:\/\/jsoasis.dk\/en\/wp-json\/wp\/v2\/media?parent=11119"}],"wp:term":[{"taxonomy":"product_brand","embeddable":true,"href":"https:\/\/jsoasis.dk\/en\/wp-json\/wp\/v2\/product_brand?post=11119"},{"taxonomy":"product_cat","embeddable":true,"href":"https:\/\/jsoasis.dk\/en\/wp-json\/wp\/v2\/product_cat?post=11119"},{"taxonomy":"product_tag","embeddable":true,"href":"https:\/\/jsoasis.dk\/en\/wp-json\/wp\/v2\/product_tag?post=11119"}],"curies":[{"name":"wp","href":"https:\/\/api.w.org\/{rel}","templated":true}]}}