{"id":11120,"date":"2024-09-24T10:22:40","date_gmt":"2024-09-24T09:22:40","guid":{"rendered":"https:\/\/jsoasis.dk\/?post_type=product&#038;p=11120"},"modified":"2024-12-02T13:13:20","modified_gmt":"2024-12-02T12:13:20","slug":"cube-400-med-stor-terrase","status":"publish","type":"product","link":"https:\/\/jsoasis.dk\/en\/produkt\/cube-400-med-stor-terrase\/","title":{"rendered":"Cube 400 med stor terrase"},"content":{"rendered":"<p>Udvendig St\u00f8rrelse L4070mm B2100mm<br \/>\nH2200mm<br \/>\nSt\u00f8tteben l\u00e6ngde 2100mm (3 stk)<br \/>\nIndvendig st\u00f8rrelse L2500mm B2100mm<br \/>\nTerasse lang 1 meter uden b\u00e6nke<br \/>\nV\u00e6gten er kun 1150 kg;<br \/>\nPerfekt til 6-8 personer<br \/>\nSauna er samlet og f\u00e6rdigmonteret;<br \/>\nTag: sort tagpap;<br \/>\ntermotr\u00e6; frivagt farve<br \/>\nGulvriste materiale: aspen;<br \/>\nB\u00e6nke materiale aspen;<br \/>\nFull panoramic view in the front wall;<br \/>\n(sikkerhedsklasse)<br \/>\nHalv panorama vindue i bagv\u00e6gen<br \/>\nGlasd\u00f8r (sikkerhedsklasse)<br \/>\nHarvia 9kw<br \/>\nSauna sten 80kg;<br \/>\nPlug \u2013 i 3 phaze connect til ovn;<br \/>\nEl fosikkring;<br \/>\nLED-lamperne installeret under b\u00e6nkene<\/p>","protected":false},"excerpt":{"rendered":"<p>Udvendig St\u00f8rrelse L4070mm B2100mm H2200mm St\u00f8tteben l\u00e6ngde 2100mm (3 stk) Indvendig st\u00f8rrelse L2500mm B2100mm Terasse lang 1 meter uden b\u00e6nke V\u00e6gten er kun 1150 kg; Perfekt til 6-8 personer Sauna er samlet og f\u00e6rdigmonteret; Tag: sort tagpap; termotr\u00e6; frivagt farve Gulvriste materiale: aspen; B\u00e6nke materiale aspen; Fuld panoramaudsigt i frontv\u00e6ggen; (sikkerhedsklasse) Halv panorama vindue i [&hellip;]<\/p>","protected":false},"featured_media":11122,"template":"","meta":{"_acf_changed":false,"om_disable_all_campaigns":false,"_monsterinsights_skip_tracking":false,"_monsterinsights_sitenote_active":false,"_monsterinsights_sitenote_note":"","_monsterinsights_sitenote_category":0},"product_brand":[],"product_cat":[158,161,25,151],"product_tag":[],"class_list":{"0":"post-11120","1":"product","2":"type-product","3":"status-publish","4":"has-post-thumbnail","6":"product_cat-cube-sauna","7":"product_cat-nedsatte-produkter","8":"product_cat-sauna","9":"product_cat-summer-sale","11":"first","12":"instock","13":"sale","14":"taxable","15":"shipping-taxable","16":"purchasable","17":"product-type-simple"},"acf":[],"aioseo_notices":[],"_links":{"self":[{"href":"https:\/\/jsoasis.dk\/en\/wp-json\/wp\/v2\/product\/11120","targetHints":{"allow":["GET"]}}],"collection":[{"href":"https:\/\/jsoasis.dk\/en\/wp-json\/wp\/v2\/product"}],"about":[{"href":"https:\/\/jsoasis.dk\/en\/wp-json\/wp\/v2\/types\/product"}],"wp:featuredmedia":[{"embeddable":true,"href":"https:\/\/jsoasis.dk\/en\/wp-json\/wp\/v2\/media\/11122"}],"wp:attachment":[{"href":"https:\/\/jsoasis.dk\/en\/wp-json\/wp\/v2\/media?parent=11120"}],"wp:term":[{"taxonomy":"product_brand","embeddable":true,"href":"https:\/\/jsoasis.dk\/en\/wp-json\/wp\/v2\/product_brand?post=11120"},{"taxonomy":"product_cat","embeddable":true,"href":"https:\/\/jsoasis.dk\/en\/wp-json\/wp\/v2\/product_cat?post=11120"},{"taxonomy":"product_tag","embeddable":true,"href":"https:\/\/jsoasis.dk\/en\/wp-json\/wp\/v2\/product_tag?post=11120"}],"curies":[{"name":"wp","href":"https:\/\/api.w.org\/{rel}","templated":true}]}}