{"id":11160,"date":"2024-10-26T20:37:59","date_gmt":"2024-10-26T19:37:59","guid":{"rendered":"https:\/\/jsoasis.dk\/?post_type=product&#038;p=11160"},"modified":"2025-09-08T12:12:05","modified_gmt":"2025-09-08T11:12:05","slug":"firkantet-sauna-med-braendeovn-harvia-m3-perfekt-til-4-5-personerfuld-isoleret","status":"publish","type":"product","link":"https:\/\/jsoasis.dk\/en\/produkt\/firkantet-sauna-med-braendeovn-harvia-m3-perfekt-til-4-5-personerfuld-isoleret\/","title":{"rendered":"Firkantet Sauna med br\u00e6ndeovn Harvia M3 \u2013 Perfekt til 4-5 Personer(fuld isoleret)"},"content":{"rendered":"<p><strong>Specifications:<\/strong><\/p>\n<ul>\n<li><strong>M\u00e5l<\/strong>: 2,3 \u00d7 2,3 \u00d7 2,5 m, til 5-6 personer<\/li>\n<li><strong>Ramme<\/strong>: C24 kalibreret tr\u00e6 for h\u00f8j stabilitet og holdbarhed<\/li>\n<li><strong>Udvendig Finish<\/strong>: Sortmalet panel (gran eller fyrretr\u00e6)<\/li>\n<li><strong>Indvendig Finish<\/strong>: Tr\u00e6paneler, som skaber en autentisk saunaoplevelse<\/li>\n<li><strong>B\u00e6nke<\/strong>: Fremstillet af aspentr\u00e6, ideelt til varme modstand<\/li>\n<\/ul>\n<p><strong>Ovn og Varmeelementer:<\/strong><\/p>\n<ul>\n<li><strong>Ovn<\/strong>: Harvia M3 br\u00e6ndefyret ovn, giver en traditionel og intens saunaoplevelse<\/li>\n<li><strong>Skorstenss\u00e6t<\/strong>: Inkluderet for sikker ventilation<\/li>\n<li><strong>Saunasten<\/strong>: 40 kg for en j\u00e6vn varmefordeling<\/li>\n<li><strong>Elektrisk Tilslutning<\/strong>: 220V stik til LED-belysning under b\u00e6nkene<\/li>\n<\/ul>\n<p><strong>Design og Belysning:<\/strong><\/p>\n<ul>\n<li><strong>Panorama Window<\/strong>: 8 mm tonet h\u00e6rdet glas, giver udsigt og privatliv<\/li>\n<li><strong>LED Belysning<\/strong>: LED-lys under b\u00e6nke for atmosf\u00e6risk og energieffektiv belysning<\/li>\n<li><strong>D\u00f8r<\/strong>: H\u00e6rdet glasd\u00f8r med l\u00e5s for sikker adgang<\/li>\n<\/ul>\n<p><strong>Yderligere Detaljer:<\/strong><\/p>\n<ul>\n<li><strong>Gulvbel\u00e6gning<\/strong>: Termisk behandlet br\u00e6dder (gran eller fyr) for komfort og holdbarhed<\/li>\n<li><strong>Tagbekl\u00e6dning<\/strong>: Bitumen for vejrbestandighed og lang levetid<\/li>\n<li><strong>Isolering<\/strong>: 10 cm rockwool isolering i v\u00e6gge, gulv og tag for optimal varmebevaring<\/li>\n<\/ul>\n<p><strong>Delivery<\/strong>:<\/p>\n<ul>\n<li><strong>Omr\u00e5de<\/strong>: Hele Danmark<\/li>\n<li><strong>Leveringspris<\/strong>: Fra 2000,- til kantsten<\/li>\n<li><strong>Leveringstid<\/strong>: 4-5 uger<\/li>\n<\/ul>","protected":false},"excerpt":{"rendered":"<p>Denne sauna kombinerer traditionel br\u00e6ndefyret varme med moderne komfort og design \u2013 perfekt til afslapning for 5-6 personer!<\/p>","protected":false},"featured_media":11158,"template":"","meta":{"_acf_changed":false,"om_disable_all_campaigns":false,"_monsterinsights_skip_tracking":false,"_monsterinsights_sitenote_active":false,"_monsterinsights_sitenote_note":"","_monsterinsights_sitenote_category":0},"product_brand":[],"product_cat":[156,164,161,25,151],"product_tag":[],"class_list":{"0":"post-11160","1":"product","2":"type-product","3":"status-publish","4":"has-post-thumbnail","6":"product_cat-firkantet-sauna","7":"product_cat-isoleret-sauna","8":"product_cat-nedsatte-produkter","9":"product_cat-sauna","10":"product_cat-summer-sale","12":"first","13":"instock","14":"sale","15":"taxable","16":"shipping-taxable","17":"purchasable","18":"product-type-simple"},"acf":[],"aioseo_notices":[],"_links":{"self":[{"href":"https:\/\/jsoasis.dk\/en\/wp-json\/wp\/v2\/product\/11160","targetHints":{"allow":["GET"]}}],"collection":[{"href":"https:\/\/jsoasis.dk\/en\/wp-json\/wp\/v2\/product"}],"about":[{"href":"https:\/\/jsoasis.dk\/en\/wp-json\/wp\/v2\/types\/product"}],"wp:featuredmedia":[{"embeddable":true,"href":"https:\/\/jsoasis.dk\/en\/wp-json\/wp\/v2\/media\/11158"}],"wp:attachment":[{"href":"https:\/\/jsoasis.dk\/en\/wp-json\/wp\/v2\/media?parent=11160"}],"wp:term":[{"taxonomy":"product_brand","embeddable":true,"href":"https:\/\/jsoasis.dk\/en\/wp-json\/wp\/v2\/product_brand?post=11160"},{"taxonomy":"product_cat","embeddable":true,"href":"https:\/\/jsoasis.dk\/en\/wp-json\/wp\/v2\/product_cat?post=11160"},{"taxonomy":"product_tag","embeddable":true,"href":"https:\/\/jsoasis.dk\/en\/wp-json\/wp\/v2\/product_tag?post=11160"}],"curies":[{"name":"wp","href":"https:\/\/api.w.org\/{rel}","templated":true}]}}