{"id":11161,"date":"2024-10-26T20:50:28","date_gmt":"2024-10-26T19:50:28","guid":{"rendered":"https:\/\/jsoasis.dk\/?post_type=product&#038;p=11161"},"modified":"2024-10-26T20:50:28","modified_gmt":"2024-10-26T19:50:28","slug":"toendesauna-med-9-kw-el-ovn-eller-braendeovn-ideel-til-4-personer","status":"publish","type":"product","link":"https:\/\/jsoasis.dk\/en\/produkt\/toendesauna-med-9-kw-el-ovn-eller-braendeovn-ideel-til-4-personer\/","title":{"rendered":"T\u00f8ndesauna med 9 kW EL Ovn eller Br\u00e6ndeovn \u2013 Ideel til 4 Personer"},"content":{"rendered":"<p><strong>Specifications:<\/strong><\/p>\n<ul>\n<li><strong>Udvendig St\u00f8rrelse<\/strong>: L 2070 mm x \u00d8 2000 mm, H\u00f8jde 2150 mm<\/li>\n<li><strong>St\u00f8tteben<\/strong>: 2 stk, l\u00e6ngde 1600 mm<\/li>\n<li><strong>Indvendig St\u00f8rrelse<\/strong>: L 1400 mm x \u00d8 1950 mm, giver rigelig plads til 4 personer<\/li>\n<li><strong>V\u00e6gt<\/strong>: 600 kg, let at transportere og placere<\/li>\n<li><strong>Material<\/strong>: Grantr\u00e6, kendt for holdbarhed og modstandsdygtighed i udend\u00f8rs milj\u00f8er<\/li>\n<li><strong>Gulvriste<\/strong>: Fremstillet af aspentr\u00e6 for et komfortabelt underlag<\/li>\n<li><strong>B\u00e6nke<\/strong>: Lavet af aspentr\u00e6 for modstand mod varme og fugt<\/li>\n<\/ul>\n<p><strong>Ovn og Varmeelementer:<\/strong><\/p>\n<ul>\n<li><strong>Ovnmuligheder<\/strong>: V\u00e6lg mellem en Harvia 9 kW Cylindervarmer eller en br\u00e6ndefyret Harvia M ovn<\/li>\n<li><strong>Elektrisk Tilslutning<\/strong>: Plug-in 3-fase tilslutning med el-sikring til EL-ovn<\/li>\n<li><strong>LED Belysning<\/strong>: LED-lamper under b\u00e6nkene for energieffektiv og stemningsfuld belysning<\/li>\n<\/ul>\n<p><strong>Design og Sikkerhed:<\/strong><\/p>\n<ul>\n<li><strong>Panoramaudsigt<\/strong>: Fuld front i h\u00e6rdet glas for et \u00e5bent udsyn og moderne udseende<\/li>\n<li><strong>D\u00f8r<\/strong>: Glasd\u00f8r med sikkerhedsklasse, som sikrer b\u00e5de holdbarhed og elegance<\/li>\n<li><strong>Tagbekl\u00e6dning<\/strong>: Sort tagpap for vejrbestandighed og lang levetid<\/li>\n<\/ul>\n<p><strong>Fordele:<\/strong><\/p>\n<ul>\n<li>Leveres <strong>samlet og f\u00e6rdigmonteret<\/strong> for nem installation<\/li>\n<li>Kan v\u00e6lges med enten elektrisk ovn eller br\u00e6ndeovn for EL ovn<\/li>\n<\/ul>","protected":false},"excerpt":{"rendered":"<p>Denne t\u00f8ndesauna kombinerer et stilfuldt design med praktiske funktioner og en rummelig indretning \u2013 perfekt til en luksuri\u00f8s saunaoplevelse for 4 personer.<\/p>","protected":false},"featured_media":11162,"template":"","meta":{"_acf_changed":false,"om_disable_all_campaigns":false,"_monsterinsights_skip_tracking":false,"_monsterinsights_sitenote_active":false,"_monsterinsights_sitenote_note":"","_monsterinsights_sitenote_category":0},"product_brand":[],"product_cat":[161,25,151],"product_tag":[],"class_list":{"0":"post-11161","1":"product","2":"type-product","3":"status-publish","4":"has-post-thumbnail","6":"product_cat-nedsatte-produkter","7":"product_cat-sauna","8":"product_cat-summer-sale","10":"first","11":"instock","12":"sale","13":"taxable","14":"shipping-taxable","15":"purchasable","16":"product-type-simple"},"acf":[],"aioseo_notices":[],"_links":{"self":[{"href":"https:\/\/jsoasis.dk\/en\/wp-json\/wp\/v2\/product\/11161","targetHints":{"allow":["GET"]}}],"collection":[{"href":"https:\/\/jsoasis.dk\/en\/wp-json\/wp\/v2\/product"}],"about":[{"href":"https:\/\/jsoasis.dk\/en\/wp-json\/wp\/v2\/types\/product"}],"wp:featuredmedia":[{"embeddable":true,"href":"https:\/\/jsoasis.dk\/en\/wp-json\/wp\/v2\/media\/11162"}],"wp:attachment":[{"href":"https:\/\/jsoasis.dk\/en\/wp-json\/wp\/v2\/media?parent=11161"}],"wp:term":[{"taxonomy":"product_brand","embeddable":true,"href":"https:\/\/jsoasis.dk\/en\/wp-json\/wp\/v2\/product_brand?post=11161"},{"taxonomy":"product_cat","embeddable":true,"href":"https:\/\/jsoasis.dk\/en\/wp-json\/wp\/v2\/product_cat?post=11161"},{"taxonomy":"product_tag","embeddable":true,"href":"https:\/\/jsoasis.dk\/en\/wp-json\/wp\/v2\/product_tag?post=11161"}],"curies":[{"name":"wp","href":"https:\/\/api.w.org\/{rel}","templated":true}]}}