{"id":11165,"date":"2024-10-29T13:29:27","date_gmt":"2024-10-29T12:29:27","guid":{"rendered":"https:\/\/jsoasis.dk\/?post_type=product&#038;p=11165"},"modified":"2025-09-08T12:11:53","modified_gmt":"2025-09-08T11:11:53","slug":"premium-firkantet-sauna-med-9-kw-harvia-spirit-ovn-perfekt-til-4-5-personer","status":"publish","type":"product","link":"https:\/\/jsoasis.dk\/en\/produkt\/premium-firkantet-sauna-med-9-kw-harvia-spirit-ovn-perfekt-til-4-5-personer\/","title":{"rendered":"PREMIUM Firkantet Sauna med 9 kW Harvia Spirit Ovn \u2013 Perfekt til 4-5 personer"},"content":{"rendered":"<h4>Specifications:<\/h4>\n<ul>\n<li><strong>Dimensions:<\/strong> 2,3 \u00d7 2,3 \u00d7 2,5 m (til 5-6 personer)<\/li>\n<li><strong>Ramme:<\/strong> C24 kalibreret tr\u00e6 for h\u00f8j stabilitet og holdbarhed<\/li>\n<li><strong>Udvendig Finish:<\/strong> A++ Termotr\u00e6 paneler<\/li>\n<li><strong>Indvendig Finish:<\/strong> Aspen tr\u00e6paneler for en autentisk saunaoplevelse<\/li>\n<li><strong>B\u00e6nke:<\/strong> Fremstillet af aspentr\u00e6, varmebestandige<\/li>\n<\/ul>\n<h4>Ovn og Varmeelementer:<\/h4>\n<ul>\n<li><strong>Ovn:<\/strong> Harvia EL 9 kW SPIRIT med smart controller<\/li>\n<li><strong>Saunasten:<\/strong> 60 kg for j\u00e6vn varmefordeling<\/li>\n<li><strong>Elektrisk Tilslutning:<\/strong> 3-faset plug-in med el-sikring<\/li>\n<li><strong>Smart Controller:<\/strong> Til ovn og LED lys<\/li>\n<li><strong>Udvendige LED Lygter:<\/strong> 2 stk for ekstra belysning<\/li>\n<\/ul>\n<h4>Design og Belysning:<\/h4>\n<ul>\n<li><strong>Panoramavindue:<\/strong> 8 mm tonet h\u00e6rdet glas for udsigt og privatliv<\/li>\n<li><strong>LED Belysning:<\/strong> Under b\u00e6nke for atmosf\u00e6risk og energieffektiv belysning<\/li>\n<li><strong>D\u00f8r:<\/strong> H\u00e6rdet glasd\u00f8r med l\u00e5s for sikker adgang<\/li>\n<\/ul>\n<h4>Yderligere Detaljer:<\/h4>\n<ul>\n<li><strong>Gulvbel\u00e6gning:<\/strong> Termisk behandlet br\u00e6dder (gran eller fyr) for komfort og holdbarhed<\/li>\n<li><strong>Tagbekl\u00e6dning:<\/strong> Bitumen for vejrbestandighed og lang levetid<\/li>\n<li><strong>Isolering:<\/strong> 10 cm rockwool isolering i v\u00e6gge, gulv og tag for optimal varmebevaring<\/li>\n<\/ul>\n<h4>Levering:<\/h4>\n<ul>\n<li><strong>Omr\u00e5de:<\/strong> Hele Danmark<\/li>\n<li><strong>Leveringspris:<\/strong> Fra 2000,- til kantsten<\/li>\n<li><strong>Delivery time:<\/strong> 6-8 uger<\/li>\n<\/ul>\n<p><strong>Oplev en luksuri\u00f8s saunaoplevelse i dit eget hjem med denne stilfulde og funktionelle sauna!<\/strong><\/p>","protected":false},"excerpt":{"rendered":"<p>En vidunderlig firkantet sauna vil sikre behagelig afslapning!<\/p>\n<p>Skynd dig og f\u00e5 vores produkt til en god pris Til din have!<\/p>\n<p>Hurtig levering p\u00e5 hele landet kan ogs\u00e5 hj\u00e6lpe med at finde ud af transportl\u00f8sningen!<\/p>\n<p>Denne sauna er designet til at give dig og dine g\u00e6ster en autentisk og komfortabel saunaoplevelse!<\/p>","protected":false},"featured_media":11171,"template":"","meta":{"_acf_changed":false,"om_disable_all_campaigns":false,"_monsterinsights_skip_tracking":false,"_monsterinsights_sitenote_active":false,"_monsterinsights_sitenote_note":"","_monsterinsights_sitenote_category":0},"product_brand":[],"product_cat":[159,156,164,161,25],"product_tag":[],"class_list":{"0":"post-11165","1":"product","2":"type-product","3":"status-publish","4":"has-post-thumbnail","6":"product_cat-bedst-saelger","7":"product_cat-firkantet-sauna","8":"product_cat-isoleret-sauna","9":"product_cat-nedsatte-produkter","10":"product_cat-sauna","12":"first","13":"instock","14":"sale","15":"taxable","16":"shipping-taxable","17":"purchasable","18":"product-type-simple"},"acf":[],"aioseo_notices":[],"_links":{"self":[{"href":"https:\/\/jsoasis.dk\/en\/wp-json\/wp\/v2\/product\/11165","targetHints":{"allow":["GET"]}}],"collection":[{"href":"https:\/\/jsoasis.dk\/en\/wp-json\/wp\/v2\/product"}],"about":[{"href":"https:\/\/jsoasis.dk\/en\/wp-json\/wp\/v2\/types\/product"}],"wp:featuredmedia":[{"embeddable":true,"href":"https:\/\/jsoasis.dk\/en\/wp-json\/wp\/v2\/media\/11171"}],"wp:attachment":[{"href":"https:\/\/jsoasis.dk\/en\/wp-json\/wp\/v2\/media?parent=11165"}],"wp:term":[{"taxonomy":"product_brand","embeddable":true,"href":"https:\/\/jsoasis.dk\/en\/wp-json\/wp\/v2\/product_brand?post=11165"},{"taxonomy":"product_cat","embeddable":true,"href":"https:\/\/jsoasis.dk\/en\/wp-json\/wp\/v2\/product_cat?post=11165"},{"taxonomy":"product_tag","embeddable":true,"href":"https:\/\/jsoasis.dk\/en\/wp-json\/wp\/v2\/product_tag?post=11165"}],"curies":[{"name":"wp","href":"https:\/\/api.w.org\/{rel}","templated":true}]}}