{"id":11328,"date":"2024-11-14T08:02:56","date_gmt":"2024-11-14T07:02:56","guid":{"rendered":"https:\/\/jsoasis.dk\/?post_type=product&#038;p=11328"},"modified":"2024-12-02T13:13:00","modified_gmt":"2024-12-02T12:13:00","slug":"termotrae-cube-250-med-harvia-spirit-wifi","status":"publish","type":"product","link":"https:\/\/jsoasis.dk\/en\/produkt\/termotrae-cube-250-med-harvia-spirit-wifi\/","title":{"rendered":"Termotr\u00e6 Cube 250 med Harvia spirit + wifi"},"content":{"rendered":"<p>Udvendig st\u00f8rrelse L2570mm B2100mm<br \/>\nH2200 mm<br \/>\nSt\u00f8ttebens l\u00e6ngde 2100 mm (4 stk)<br \/>\nIndvendig st\u00f8rrelse L2300mm B2100mm<br \/>\nV\u00e6gten er kun 800 kg;<br \/>\nSauna er samlet og f\u00e6rdigmonteret;<br \/>\nTag: sort tagpap;<br \/>\ntermotr\u00e6; T1<br \/>\nGulvristmateriale: asp;<br \/>\nb\u00e6nk materiale asp; To niveauer<br \/>\nUden terrasser;<br \/>\nFull panoramic view in the front wall;<br \/>\n(sikkerhedsklasse)<br \/>\nGlasd\u00f8r (sikkerhedsklasse)<br \/>\nHarvia Spirit + Wifi<br \/>\nSauna sten<br \/>\nStik \u2013 i 3-faset tilslutning til komfur;<br \/>\nElektrisk sikring;<br \/>\nLED-lamper installeret under b\u00e6nkene<\/p>","protected":false},"excerpt":{"rendered":"<p>Udvendig st\u00f8rrelse L2570mm B2100mm H2200 mm St\u00f8ttebens l\u00e6ngde 2100 mm (4 stk) Indvendig st\u00f8rrelse L2300mm B2100mm V\u00e6gten er kun 800 kg; Sauna er samlet og f\u00e6rdigmonteret; Tag: sort tagpap; termotr\u00e6; T1 Gulvristmateriale: asp; b\u00e6nk materiale asp; To niveauer Uden terrasser; Fuld panoramaudsigt i frontv\u00e6ggen; (sikkerhedsklasse) Glasd\u00f8r (sikkerhedsklasse) Harvia Spirit + Wifi Sauna sten Stik \u2013 [&hellip;]<\/p>","protected":false},"featured_media":11331,"template":"","meta":{"_acf_changed":false,"om_disable_all_campaigns":false,"_monsterinsights_skip_tracking":false,"_monsterinsights_sitenote_active":false,"_monsterinsights_sitenote_note":"","_monsterinsights_sitenote_category":0},"product_brand":[],"product_cat":[159,158,161,160,25],"product_tag":[],"class_list":{"0":"post-11328","1":"product","2":"type-product","3":"status-publish","4":"has-post-thumbnail","6":"product_cat-bedst-saelger","7":"product_cat-cube-sauna","8":"product_cat-nedsatte-produkter","9":"product_cat-nye-ankomster","10":"product_cat-sauna","12":"first","13":"instock","14":"sale","15":"taxable","16":"shipping-taxable","17":"purchasable","18":"product-type-simple"},"acf":[],"aioseo_notices":[],"_links":{"self":[{"href":"https:\/\/jsoasis.dk\/en\/wp-json\/wp\/v2\/product\/11328","targetHints":{"allow":["GET"]}}],"collection":[{"href":"https:\/\/jsoasis.dk\/en\/wp-json\/wp\/v2\/product"}],"about":[{"href":"https:\/\/jsoasis.dk\/en\/wp-json\/wp\/v2\/types\/product"}],"wp:featuredmedia":[{"embeddable":true,"href":"https:\/\/jsoasis.dk\/en\/wp-json\/wp\/v2\/media\/11331"}],"wp:attachment":[{"href":"https:\/\/jsoasis.dk\/en\/wp-json\/wp\/v2\/media?parent=11328"}],"wp:term":[{"taxonomy":"product_brand","embeddable":true,"href":"https:\/\/jsoasis.dk\/en\/wp-json\/wp\/v2\/product_brand?post=11328"},{"taxonomy":"product_cat","embeddable":true,"href":"https:\/\/jsoasis.dk\/en\/wp-json\/wp\/v2\/product_cat?post=11328"},{"taxonomy":"product_tag","embeddable":true,"href":"https:\/\/jsoasis.dk\/en\/wp-json\/wp\/v2\/product_tag?post=11328"}],"curies":[{"name":"wp","href":"https:\/\/api.w.org\/{rel}","templated":true}]}}