{"id":11335,"date":"2024-11-22T09:58:09","date_gmt":"2024-11-22T08:58:09","guid":{"rendered":"https:\/\/jsoasis.dk\/?post_type=product&#038;p=11335"},"modified":"2025-01-09T11:58:01","modified_gmt":"2025-01-09T10:58:01","slug":"black-friday-tilbud-eksklusivt-tilbud-paa-vildmarksbad-lyseblaa-model-med-2-spa-systemer","status":"publish","type":"product","link":"https:\/\/jsoasis.dk\/en\/produkt\/black-friday-tilbud-eksklusivt-tilbud-paa-vildmarksbad-lyseblaa-model-med-2-spa-systemer\/","title":{"rendered":"Eksklusivt tilbud p\u00e5 vildmarksbad &#8211; Lysebl\u00e5 model med 2 spa-systemer!"},"content":{"rendered":"<p>&#8211; Indsatsfarve: Bl\u00e5 perle (Turkis) kun det farve til det pris.<br \/>\n&#8211; Ovn: AISI 304 indbygget med 200cm skorstens\u00e6t og beskytelse<br \/>\n&#8211; Termol\u00e5g: Sort<br \/>\n&#8211; Bekl\u00e6dning: Sort grantr\u00e6;<br \/>\nFarve vi har: Brun\/Sort\/Gr\u00e5 antracit\/ lysebrun<br \/>\n&#8211; Vanddyser: 6 stk. (hydromassage)<br \/>\n&#8211; Luftdyser 12 stk<br \/>\n&#8211; Belysning: 1 LED med 6 forskellige farver<br \/>\n&#8211; Isolering: Isoleret bund og sider<br \/>\n&#8211; Termometer: Elektronisk<br \/>\n&#8211; Filtrering: Sandfilterudl\u00f8b<br \/>\n&#8211; St\u00e5lb\u00e5nd: 2 stk.<br \/>\n&#8211; 3 Hule drikkehylder<br \/>\n&#8211; To trins trappe<br \/>\n&#8211; Opvarmningstid: 2-2,5 timer om vinteren<br \/>\n&#8211; Vandkapacitet: 800 liter<br \/>\n&#8211; V\u00e6gt: 230kg<br \/>\n&#8211; H\u00f8jde:110 cm<\/p>\n<p>Aisi 316 ovn + 1000,-<br \/>\nSandfilter udl\u00f8b + 700,-<br \/>\nSandfilter med bowls + 1400,-<br \/>\nKomposit eller Termotr\u00e6 bekl\u00e6dning +2000,-<\/p>\n<p>Levering fra 1000,-<\/p>","protected":false},"excerpt":{"rendered":"<p>Eksklusivt tilbud p\u00e5 vildmarksbad &#8211; Lysebl\u00e5 model med spa-systemer!<\/p>\n<p>Er du p\u00e5 udkig efter et vildmarksbad til en fantastisk pris? Vi har et s\u00e6rligt tilbud p\u00e5 vores lysebl\u00e5 vildmarksbad, som inkluderer to spa-systemer og andet tilbeh\u00f8r. Dette er en unik mulighed for at f\u00e5 et luksuri\u00f8st bad til en attraktiv pris, som kan anvendes umiddelbart efter k\u00f8b, da gennemf\u00f8relsen ikke forhindrer brug.<\/p>\n<p>Vigtige oplysninger:<\/p>\n<p>Tilbuddet g\u00e6lder kun p\u00e5 den lysebl\u00e5 model.<br \/>\nProduktionsperioden er 2 uger.<br \/>\nFor at sikre, at du f\u00e5r dit vildmarksbad til jul, skal du bestille senest den 10. december.<br \/>\nKampagnen g\u00e6lder frem til jul, s\u00e5 skynd dig at gribe muligheden!<br \/>\nTag et skridt mod afslapning og velv\u00e6re i dit eget vildmarksbad. Bestil nu!<\/p>","protected":false},"featured_media":11336,"template":"","meta":{"_acf_changed":false,"om_disable_all_campaigns":false,"_monsterinsights_skip_tracking":false,"_monsterinsights_sitenote_active":false,"_monsterinsights_sitenote_note":"","_monsterinsights_sitenote_category":0},"product_brand":[],"product_cat":[152,161,160,24,151],"product_tag":[],"class_list":{"0":"post-11335","1":"product","2":"type-product","3":"status-publish","4":"has-post-thumbnail","6":"product_cat-hot-tub","7":"product_cat-nedsatte-produkter","8":"product_cat-nye-ankomster","9":"product_cat-vildmarksbad","10":"product_cat-summer-sale","12":"first","13":"instock","14":"sale","15":"taxable","16":"shipping-taxable","17":"purchasable","18":"product-type-simple"},"acf":[],"aioseo_notices":[],"_links":{"self":[{"href":"https:\/\/jsoasis.dk\/en\/wp-json\/wp\/v2\/product\/11335","targetHints":{"allow":["GET"]}}],"collection":[{"href":"https:\/\/jsoasis.dk\/en\/wp-json\/wp\/v2\/product"}],"about":[{"href":"https:\/\/jsoasis.dk\/en\/wp-json\/wp\/v2\/types\/product"}],"wp:featuredmedia":[{"embeddable":true,"href":"https:\/\/jsoasis.dk\/en\/wp-json\/wp\/v2\/media\/11336"}],"wp:attachment":[{"href":"https:\/\/jsoasis.dk\/en\/wp-json\/wp\/v2\/media?parent=11335"}],"wp:term":[{"taxonomy":"product_brand","embeddable":true,"href":"https:\/\/jsoasis.dk\/en\/wp-json\/wp\/v2\/product_brand?post=11335"},{"taxonomy":"product_cat","embeddable":true,"href":"https:\/\/jsoasis.dk\/en\/wp-json\/wp\/v2\/product_cat?post=11335"},{"taxonomy":"product_tag","embeddable":true,"href":"https:\/\/jsoasis.dk\/en\/wp-json\/wp\/v2\/product_tag?post=11335"}],"curies":[{"name":"wp","href":"https:\/\/api.w.org\/{rel}","templated":true}]}}