{"id":11340,"date":"2024-11-22T10:40:47","date_gmt":"2024-11-22T09:40:47","guid":{"rendered":"https:\/\/jsoasis.dk\/?post_type=product&#038;p=11340"},"modified":"2025-09-08T10:52:28","modified_gmt":"2025-09-08T09:52:28","slug":"skarp-tilbud-vildmarksbad-med-316-ovn-og-udstyr-pakke","status":"publish","type":"product","link":"https:\/\/jsoasis.dk\/en\/produkt\/skarp-tilbud-vildmarksbad-med-316-ovn-og-udstyr-pakke\/","title":{"rendered":"Skarp tilbud. Vildmarksbad med 316 ovn og udstyr pakke"},"content":{"rendered":"<p>Specifications:<br \/>\n\u2013 St\u00f8rrelse: \u00d8200 cm \/ H180 cm<br \/>\n\u2013 Kapacitet:4-5 personer<br \/>\n\u2013 Indsatsfarve: Gr\u00e5 perle<br \/>\n\u2013 Ovn: AISI 316 indbygget med skorstens\u00e6t<br \/>\n\u2013 Termol\u00e5g: Brun<br \/>\n\u2013 Bekl\u00e6dning: Sort grantr\u00e6<br \/>\n\u2013 Vanddyser: 8 stk. (hydromassage)<br \/>\n\u2013 Belysning: 1 LED med 6 forskellige farver<br \/>\n\u2013 Isolering: Isoleret bund og sider<br \/>\n\u2013 Termometer: Elektronisk<br \/>\n\u2013 Filtrering: Sandfilterudl\u00f8b<br \/>\n\u2013 St\u00e5lb\u00e5nd: 2 stk.<br \/>\n\u2013 Tilbeh\u00f8r:Trappe + 3 hul drikkehylder<br \/>\n\u2013 Opvarmningstid: 2-2,5 timer om vinteren<br \/>\n\u2013 Vandkapacitet: 800 liter<br \/>\n\u2013 V\u00e6gt: 230 kg<br \/>\n\u2013 H\u00f8jde:110 cm<\/p>\n<p>Giv dig selv mulighed for at slappe af i dette luksuri\u00f8se vildmarksbad!<\/p>\n<p>Leveringspris: Levering i hele Danmark efter aftale. Kontakt os for yderligere oplysninger og priser.<\/p>\n<p>Vi s\u00f8rger for en bekvem og sikker levering, s\u00e5 du kan nyde dit vildmarksbad uden besv\u00e6r!<\/p>\n<p>Ogs\u00e5 jeg har sammen i \u00d8225cm st\u00f8rrelse Pris 28.500,-<\/p>\n<p>&nbsp;<\/p>","protected":false},"excerpt":{"rendered":"<p>Specifikationer: \u2013 St\u00f8rrelse: \u00d8200 cm \/ H180 cm \u2013 Kapacitet:4-5 personer \u2013 Indsatsfarve: Gr\u00e5 perle \u2013 Ovn: AISI 316 indbygget med skorstens\u00e6t \u2013 Termol\u00e5g: Brun \u2013 Bekl\u00e6dning: Sort grantr\u00e6 \u2013 Vanddyser: 8 stk. (hydromassage) \u2013 Belysning: 1 LED med 6 forskellige farver \u2013 Isolering: Isoleret bund og sider \u2013 Termometer: Elektronisk \u2013 Filtrering: Sandfilterudl\u00f8b \u2013 [&hellip;]<\/p>","protected":false},"featured_media":11341,"template":"","meta":{"_acf_changed":false,"om_disable_all_campaigns":false,"_monsterinsights_skip_tracking":false,"_monsterinsights_sitenote_active":false,"_monsterinsights_sitenote_note":"","_monsterinsights_sitenote_category":0},"product_brand":[],"product_cat":[159,161,160,24,151],"product_tag":[],"class_list":{"0":"post-11340","1":"product","2":"type-product","3":"status-publish","4":"has-post-thumbnail","6":"product_cat-bedst-saelger","7":"product_cat-nedsatte-produkter","8":"product_cat-nye-ankomster","9":"product_cat-vildmarksbad","10":"product_cat-summer-sale","12":"first","13":"instock","14":"sale","15":"taxable","16":"shipping-taxable","17":"purchasable","18":"product-type-simple"},"acf":[],"aioseo_notices":[],"_links":{"self":[{"href":"https:\/\/jsoasis.dk\/en\/wp-json\/wp\/v2\/product\/11340","targetHints":{"allow":["GET"]}}],"collection":[{"href":"https:\/\/jsoasis.dk\/en\/wp-json\/wp\/v2\/product"}],"about":[{"href":"https:\/\/jsoasis.dk\/en\/wp-json\/wp\/v2\/types\/product"}],"wp:featuredmedia":[{"embeddable":true,"href":"https:\/\/jsoasis.dk\/en\/wp-json\/wp\/v2\/media\/11341"}],"wp:attachment":[{"href":"https:\/\/jsoasis.dk\/en\/wp-json\/wp\/v2\/media?parent=11340"}],"wp:term":[{"taxonomy":"product_brand","embeddable":true,"href":"https:\/\/jsoasis.dk\/en\/wp-json\/wp\/v2\/product_brand?post=11340"},{"taxonomy":"product_cat","embeddable":true,"href":"https:\/\/jsoasis.dk\/en\/wp-json\/wp\/v2\/product_cat?post=11340"},{"taxonomy":"product_tag","embeddable":true,"href":"https:\/\/jsoasis.dk\/en\/wp-json\/wp\/v2\/product_tag?post=11340"}],"curies":[{"name":"wp","href":"https:\/\/api.w.org\/{rel}","templated":true}]}}