{"id":11529,"date":"2025-01-10T08:36:56","date_gmt":"2025-01-10T07:36:56","guid":{"rendered":"https:\/\/jsoasis.dk\/?post_type=product&#038;p=11529"},"modified":"2025-01-10T09:44:51","modified_gmt":"2025-01-10T08:44:51","slug":"top-klass-oe225cm-akryl-marmour-vildmarksbad-med-inbygget-316-ovn","status":"publish","type":"product","link":"https:\/\/jsoasis.dk\/en\/produkt\/top-klass-oe225cm-akryl-marmour-vildmarksbad-med-inbygget-316-ovn\/","title":{"rendered":"Top klass! \u00d8225cm Akryl marmour vildmarksbad med inbygget 316 ovn"},"content":{"rendered":"<p>St\u00f8rrelse: \u00d8225 cm \/ 200 cm<br \/>\nKapacitet:6-7 personer<br \/>\nIndsatsfarve: Gr\u00e5 marmour akryl<br \/>\nOvn: AISI 316 indbygget med skorstens\u00e6t<br \/>\nTermol\u00e5g: Sort<br \/>\nUden dyser<br \/>\nBekl\u00e6dning: Komposit wpc (kan lave i sort, gr\u00e5, brun)<br \/>\nBelysning: 1 LED med 6 forskellige farver<br \/>\nIsolering: Isoleret bund og sider<br \/>\nTermometer: Elektronisk<br \/>\nFiltrering: Sandfilterudl\u00f8b<br \/>\nSt\u00e5lb\u00e5nd: 2 stk.<br \/>\nTilbeh\u00f8r:Trappe + 3 hul drikkehylder<br \/>\nOpvarmningstid: 3 timer om vinteren<br \/>\nVandkapacitet: 1000 liter<br \/>\nV\u00e6gt: 250 kg<br \/>\nH\u00f8jde:110 cm<\/p>\n<p>Vanddyser: 8 stk. (hydromassage) +2500,-<br \/>\nSandfilter med filterkugler +1500,-<br \/>\nSandfilter afd\u00e6kningsboks + 1000,-<\/p>\n<p>Leveringstid 2-4 uger<\/p>\n<p>Frit fragt!<\/p>","protected":false},"excerpt":{"rendered":"<p>Vildmarksbad \u2013 en praktisk l\u00f8sning til en familie p\u00e5 6-7 personer<\/p>\n<p>Dette vildmarksbad er designet til at give hvert familiemedlem maksimal komfort og mulighed for at nyde afslappende stunder.<\/p>\n<p>Holdbar akrylindsats og kompositbekl\u00e6dning: Garanterer ikke kun lang levetid, men ogs\u00e5 nem vedligeholdelse, s\u00e5 badet altid ser ud som nyt.<\/p>\n<p>Det er ikke bare komfort, men ogs\u00e5 en l\u00f8sning af h\u00f8j kvalitet til dit hjem eller sommerhus!<\/p>","protected":false},"featured_media":11533,"template":"","meta":{"_acf_changed":false,"om_disable_all_campaigns":false,"_monsterinsights_skip_tracking":false,"_monsterinsights_sitenote_active":false,"_monsterinsights_sitenote_note":"","_monsterinsights_sitenote_category":0},"product_brand":[],"product_cat":[161,160,24,151],"product_tag":[],"class_list":{"0":"post-11529","1":"product","2":"type-product","3":"status-publish","4":"has-post-thumbnail","6":"product_cat-nedsatte-produkter","7":"product_cat-nye-ankomster","8":"product_cat-vildmarksbad","9":"product_cat-summer-sale","11":"first","12":"instock","13":"sale","14":"taxable","15":"shipping-taxable","16":"purchasable","17":"product-type-simple"},"acf":[],"aioseo_notices":[],"_links":{"self":[{"href":"https:\/\/jsoasis.dk\/en\/wp-json\/wp\/v2\/product\/11529","targetHints":{"allow":["GET"]}}],"collection":[{"href":"https:\/\/jsoasis.dk\/en\/wp-json\/wp\/v2\/product"}],"about":[{"href":"https:\/\/jsoasis.dk\/en\/wp-json\/wp\/v2\/types\/product"}],"wp:featuredmedia":[{"embeddable":true,"href":"https:\/\/jsoasis.dk\/en\/wp-json\/wp\/v2\/media\/11533"}],"wp:attachment":[{"href":"https:\/\/jsoasis.dk\/en\/wp-json\/wp\/v2\/media?parent=11529"}],"wp:term":[{"taxonomy":"product_brand","embeddable":true,"href":"https:\/\/jsoasis.dk\/en\/wp-json\/wp\/v2\/product_brand?post=11529"},{"taxonomy":"product_cat","embeddable":true,"href":"https:\/\/jsoasis.dk\/en\/wp-json\/wp\/v2\/product_cat?post=11529"},{"taxonomy":"product_tag","embeddable":true,"href":"https:\/\/jsoasis.dk\/en\/wp-json\/wp\/v2\/product_tag?post=11529"}],"curies":[{"name":"wp","href":"https:\/\/api.w.org\/{rel}","templated":true}]}}