{"id":11534,"date":"2025-01-10T09:59:15","date_gmt":"2025-01-10T08:59:15","guid":{"rendered":"https:\/\/jsoasis.dk\/?post_type=product&#038;p=11534"},"modified":"2025-01-10T10:19:10","modified_gmt":"2025-01-10T09:19:10","slug":"akryl-sort-marmour-vildmarksbad-1600x2000-til-3-4-personer","status":"publish","type":"product","link":"https:\/\/jsoasis.dk\/en\/produkt\/akryl-sort-marmour-vildmarksbad-1600x2000-til-3-4-personer\/","title":{"rendered":"AKRYL sort marmour vildmarksbad 1600\u00d72000 til 3-4 Personer"},"content":{"rendered":"<ul>\n<li><strong>Form<\/strong>: Firkantet udend\u00f8rs vildmarksbad med udvendigt Aisi 316 varmelegeme<\/li>\n<li><strong>Akryl Indsats<\/strong>: 1600\u00d72000 mm<\/li>\n<li><strong>Isolering<\/strong>: Polyurethanisolering for optimal varmebeskyttelse<\/li>\n<li><strong>Varmelegeme<\/strong>: Eksternt varmelegeme i rustfrit st\u00e5l (Aisi 316) med skorstenss\u00e6t<\/li>\n<li><strong>Termobetr\u00e6k<\/strong>: Sort termol\u00e5g medf\u00f8lger<\/li>\n<li><strong>Udvendig Bekl\u00e6dning<\/strong>: Termobehandlet tr\u00e6 \/ Komposit<\/li>\n<li><strong>Trapper<\/strong>: Termo-tr\u00e6 trapper for nem adgang<\/li>\n<\/ul>\n<p><strong>Spa System og Tilbeh\u00f8r:<\/strong><\/p>\n<ul>\n<li><strong>Hydromassagesystem<\/strong>: 12 rustfri st\u00e5lbekl\u00e6dte dyser, pumpe 1,1 kW (1,5 HK), 350 l\/min<\/li>\n<li><strong>Luftbl\u00e6ser<\/strong>: 8 dyser d\u00e6kket af rustfrit st\u00e5l, 0,7 kW<\/li>\n<li><strong>LED Belysning<\/strong>: 10 mini LED-lys med \u201cLED STJERNER\u201d effekt for stemningsbelysning<\/li>\n<li><strong>Sikringsboks<\/strong>: Sikker og nem betjening<\/li>\n<li><strong>Sandfilterforbindelser<\/strong>: Rustfrit st\u00e5l til effektiv filtrering<\/li>\n<\/ul>\n<p><strong>Yderligere Information:<\/strong><\/p>\n<ul>\n<li><strong>Kapacitet<\/strong>: 750 liter vand<\/li>\n<li><strong>Opvarmningstid<\/strong>: 2-2,5 timer til 37-38 \u00b0C<\/li>\n<li><strong>Du kan bestille med indsats i enten hvid eller sort<\/strong><\/li>\n<\/ul>\n<p>Dette luksuri\u00f8se vildmarksbad er perfekt til afslapning og velv\u00e6re for 3-4 personer!<\/p>","protected":false},"excerpt":{"rendered":"<div dir=\"auto\">Vildmarksbad \u2013 en praktisk l\u00f8sning til en familie p\u00e5 3-4 personer<\/div>\n<div dir=\"auto\"><\/div>\n<div dir=\"auto\">Dette vildmarksbad er designet til at give hvert familiemedlem maksimal komfort og mulighed for at nyde afslappende stunder.<\/div>\n<div dir=\"auto\"><\/div>\n<div dir=\"auto\">Liggeplads med massagejets: Den komfortable liggeplads med flere massagejets sikrer total afslapning og hj\u00e6lper med at slippe af med hverdagens stress.<\/div>\n<div dir=\"auto\"><\/div>\n<div dir=\"auto\">Holdbar akrylindsats og kompositbekl\u00e6dning: Garanterer ikke kun lang levetid, men ogs\u00e5 nem vedligeholdelse, s\u00e5 badet altid ser ud som nyt.<\/div>\n<div dir=\"auto\"><\/div>\n<div dir=\"auto\"><\/div>\n<div dir=\"auto\">Det er ikke bare komfort, men ogs\u00e5 en l\u00f8sning af h\u00f8j kvalitet til dit hjem eller sommerhus!<\/div>","protected":false},"featured_media":11536,"template":"","meta":{"_acf_changed":false,"om_disable_all_campaigns":false,"_monsterinsights_skip_tracking":false,"_monsterinsights_sitenote_active":false,"_monsterinsights_sitenote_note":"","_monsterinsights_sitenote_category":0},"product_brand":[],"product_cat":[161,160,24,151],"product_tag":[],"class_list":{"0":"post-11534","1":"product","2":"type-product","3":"status-publish","4":"has-post-thumbnail","6":"product_cat-nedsatte-produkter","7":"product_cat-nye-ankomster","8":"product_cat-vildmarksbad","9":"product_cat-summer-sale","11":"first","12":"instock","13":"sale","14":"taxable","15":"shipping-taxable","16":"purchasable","17":"product-type-simple"},"acf":[],"aioseo_notices":[],"_links":{"self":[{"href":"https:\/\/jsoasis.dk\/en\/wp-json\/wp\/v2\/product\/11534","targetHints":{"allow":["GET"]}}],"collection":[{"href":"https:\/\/jsoasis.dk\/en\/wp-json\/wp\/v2\/product"}],"about":[{"href":"https:\/\/jsoasis.dk\/en\/wp-json\/wp\/v2\/types\/product"}],"wp:featuredmedia":[{"embeddable":true,"href":"https:\/\/jsoasis.dk\/en\/wp-json\/wp\/v2\/media\/11536"}],"wp:attachment":[{"href":"https:\/\/jsoasis.dk\/en\/wp-json\/wp\/v2\/media?parent=11534"}],"wp:term":[{"taxonomy":"product_brand","embeddable":true,"href":"https:\/\/jsoasis.dk\/en\/wp-json\/wp\/v2\/product_brand?post=11534"},{"taxonomy":"product_cat","embeddable":true,"href":"https:\/\/jsoasis.dk\/en\/wp-json\/wp\/v2\/product_cat?post=11534"},{"taxonomy":"product_tag","embeddable":true,"href":"https:\/\/jsoasis.dk\/en\/wp-json\/wp\/v2\/product_tag?post=11534"}],"curies":[{"name":"wp","href":"https:\/\/api.w.org\/{rel}","templated":true}]}}