{"id":11542,"date":"2025-01-13T12:01:45","date_gmt":"2025-01-13T11:01:45","guid":{"rendered":"https:\/\/jsoasis.dk\/?post_type=product&#038;p=11542"},"modified":"2025-09-08T12:11:39","modified_gmt":"2025-09-08T11:11:39","slug":"stor-kvalitet-sauna-til-15-personer-til-saunagus-arrangementer","status":"publish","type":"product","link":"https:\/\/jsoasis.dk\/en\/produkt\/stor-kvalitet-sauna-til-15-personer-til-saunagus-arrangementer\/","title":{"rendered":"Stor kvalitet Sauna til 15 personer til saunagus arrangementer"},"content":{"rendered":"<p>Dimensioner L5500mm \u00d7 B2500mm \u00d7 H2500mm<br \/>\nV\u00e6gt 2200-2500 kg<br \/>\nFrame C24 calibrated wood<br \/>\nUdvendig finish termotr\u00e6 termisk varmebehandlet<br \/>\nIndvendig finish Aspentr\u00e6<br \/>\nB\u00e6nke materiale aspentr\u00e6<br \/>\nVarm sikkerhed omkring ovn<br \/>\nRygl\u00e6n over b\u00e6nke<br \/>\nGlass 8mm tinted tempered glass<br \/>\nInteri\u00f8rbelysning LED-belysning uder b\u00e6nke og bag rygl\u00e6net<br \/>\nGlasd\u00f8r (sikkerhedsklasse)<br \/>\nGulvbel\u00e6gning Termiske terrassebr\u00e6dder (termotr\u00e6)<br \/>\nTag materialeTagpap med skr\u00e5ning l\u00f8ber ud vand<br \/>\nV\u00e6g og loft Isolering Mineraluld 10cm antivindfolie og d\u00e6mningssp\u00e6rfolie<br \/>\nGulvisolering flamingo 10 cm med vandafl\u00f8bssystem<br \/>\nFull panoramic view in the front wall;<br \/>\n(sikkerhedsklasse)<br \/>\n5 stk ventilationssteder<br \/>\nC32 3-faset tilslutning til el-kabel<br \/>\nLys udenfor ved indgang<\/p>\n<p>Sauna pris er 104.995 + moms<\/p>\n<p>Vi kan lave store saunaer via dine tegninger.<br \/>\nElovn 15-25kw pris fra 20.000 + moms<br \/>\nBr\u00e6ndeovn pris fra 17.000+ moms<\/p>\n<p>Levering direkte p\u00e5 din adresse uden kranl\u00f8sning pris start fra 10000 + moms<\/p>\n<p>Produktionstid 8-14 uger<\/p>","protected":false},"excerpt":{"rendered":"<p>Dimensioner L5500mm \u00d7 B2500mm \u00d7 H2500mm V\u00e6gt 2200-2500 kg Ramme C24 kalibreret tr\u00e6 Udvendig finish termotr\u00e6 termisk varmebehandlet Indvendig finish Aspentr\u00e6 B\u00e6nke materiale aspentr\u00e6 Varm sikkerhed omkring ovn Rygl\u00e6n over b\u00e6nke Glas 8 mm tonet h\u00e6rdet glas Interi\u00f8rbelysning LED-belysning uder b\u00e6nke og bag rygl\u00e6net Glasd\u00f8r (sikkerhedsklasse) Gulvbel\u00e6gning Termiske terrassebr\u00e6dder (termotr\u00e6) Tag materialeTagpap med skr\u00e5ning l\u00f8ber [&hellip;]<\/p>","protected":false},"featured_media":11543,"template":"","meta":{"_acf_changed":false,"om_disable_all_campaigns":false,"_monsterinsights_skip_tracking":false,"_monsterinsights_sitenote_active":false,"_monsterinsights_sitenote_note":"","_monsterinsights_sitenote_category":0},"product_brand":[],"product_cat":[156,164,161,160,25],"product_tag":[],"class_list":{"0":"post-11542","1":"product","2":"type-product","3":"status-publish","4":"has-post-thumbnail","6":"product_cat-firkantet-sauna","7":"product_cat-isoleret-sauna","8":"product_cat-nedsatte-produkter","9":"product_cat-nye-ankomster","10":"product_cat-sauna","12":"first","13":"instock","14":"sale","15":"taxable","16":"shipping-taxable","17":"purchasable","18":"product-type-simple"},"acf":[],"aioseo_notices":[],"_links":{"self":[{"href":"https:\/\/jsoasis.dk\/en\/wp-json\/wp\/v2\/product\/11542","targetHints":{"allow":["GET"]}}],"collection":[{"href":"https:\/\/jsoasis.dk\/en\/wp-json\/wp\/v2\/product"}],"about":[{"href":"https:\/\/jsoasis.dk\/en\/wp-json\/wp\/v2\/types\/product"}],"wp:featuredmedia":[{"embeddable":true,"href":"https:\/\/jsoasis.dk\/en\/wp-json\/wp\/v2\/media\/11543"}],"wp:attachment":[{"href":"https:\/\/jsoasis.dk\/en\/wp-json\/wp\/v2\/media?parent=11542"}],"wp:term":[{"taxonomy":"product_brand","embeddable":true,"href":"https:\/\/jsoasis.dk\/en\/wp-json\/wp\/v2\/product_brand?post=11542"},{"taxonomy":"product_cat","embeddable":true,"href":"https:\/\/jsoasis.dk\/en\/wp-json\/wp\/v2\/product_cat?post=11542"},{"taxonomy":"product_tag","embeddable":true,"href":"https:\/\/jsoasis.dk\/en\/wp-json\/wp\/v2\/product_tag?post=11542"}],"curies":[{"name":"wp","href":"https:\/\/api.w.org\/{rel}","templated":true}]}}