{"id":11553,"date":"2025-01-30T10:49:09","date_gmt":"2025-01-30T09:49:09","guid":{"rendered":"https:\/\/jsoasis.dk\/?post_type=product&#038;p=11553"},"modified":"2025-01-30T10:50:16","modified_gmt":"2025-01-30T09:50:16","slug":"staaende-toende-sauna-til-4-6-personer","status":"publish","type":"product","link":"https:\/\/jsoasis.dk\/en\/produkt\/staaende-toende-sauna-til-4-6-personer\/","title":{"rendered":"St\u00e5ende t\u00f8nde sauna til 4-6 personer"},"content":{"rendered":"<h3><strong>St\u00e5ende t\u00f8nde sauna til 4-6 personer<\/strong><\/h3>\n<ul>\n<li><strong>Udvendig st\u00f8rrelse<\/strong>: \u00d82200mm (diameter) x H2450mm (h\u00f8jde)<\/li>\n<li><strong>Indvendig h\u00f8jde<\/strong>: 2170mm<\/li>\n<li><strong>V\u00e6gt<\/strong>: 600 kg<\/li>\n<li><strong>F\u00e6rdigmonteret<\/strong><\/li>\n<li><strong>B\u00e6nkdesign<\/strong>: L-formede b\u00e6nke med en mindre b\u00e6nk<\/li>\n<li><strong>Material<\/strong>: Fremstillet af svensk gran for strukturen og b\u00e6nke lavet af aspetr\u00e6<\/li>\n<li><strong>Belysning<\/strong>: LED-lys under b\u00e6nkene og 2 udvendige LED-lys<\/li>\n<li><strong>Ovn<\/strong>: Harvia Cillindro 9 kW elektrisk ovn<\/li>\n<li><strong>Sauna sten<\/strong> inkluderet<\/li>\n<li><strong>Str\u00f8mforbindelse<\/strong>: Plug-in 3-faset forbindelse til ovnen<\/li>\n<li><strong>Elektrisk forsikring<\/strong>: El-forsikring<\/li>\n<li><strong>Glasfiber l\u00e5g p\u00e5 tag<\/strong><\/li>\n<\/ul>\n<p>&nbsp;<\/p>\n<p><strong>Levering og afl\u00e6stning<\/strong>:<\/p>\n<ul>\n<li><strong>Levering til adresse<\/strong>: Gratis levering i hele Danmark, undtagen til sm\u00e5 \u00f8er.<\/li>\n<li><strong>Afl\u00e6sning af saunaen<\/strong>: Afl\u00e6sningen af saunaen arrangeres af k\u00f8beren, da vores transport ikke har mulighed for at losse direkte p\u00e5 adressen.<\/li>\n<\/ul>\n<p>&nbsp;<\/p>\n<p>Lavet af termotr\u00e6 + 5000,-<\/p>\n<p>P\u00e5 lager<\/p>","protected":false},"excerpt":{"rendered":"<p>Saunaen er designet til at give en god og hyggelig oplevelse for op til 6 personer, med et flot og funktionelt design. De svenske gran- og aspetr\u00e6er skaber en holdbar og naturlig atmosf\u00e6re, og LED-lyset giver en behagelig stemning.<\/p>","protected":false},"featured_media":11554,"template":"","meta":{"_acf_changed":false,"om_disable_all_campaigns":false,"_monsterinsights_skip_tracking":false,"_monsterinsights_sitenote_active":false,"_monsterinsights_sitenote_note":"","_monsterinsights_sitenote_category":0},"product_brand":[],"product_cat":[159,161,160,25,151],"product_tag":[],"class_list":{"0":"post-11553","1":"product","2":"type-product","3":"status-publish","4":"has-post-thumbnail","6":"product_cat-bedst-saelger","7":"product_cat-nedsatte-produkter","8":"product_cat-nye-ankomster","9":"product_cat-sauna","10":"product_cat-summer-sale","12":"first","13":"instock","14":"sale","15":"taxable","16":"shipping-taxable","17":"purchasable","18":"product-type-simple"},"acf":[],"aioseo_notices":[],"_links":{"self":[{"href":"https:\/\/jsoasis.dk\/en\/wp-json\/wp\/v2\/product\/11553","targetHints":{"allow":["GET"]}}],"collection":[{"href":"https:\/\/jsoasis.dk\/en\/wp-json\/wp\/v2\/product"}],"about":[{"href":"https:\/\/jsoasis.dk\/en\/wp-json\/wp\/v2\/types\/product"}],"wp:featuredmedia":[{"embeddable":true,"href":"https:\/\/jsoasis.dk\/en\/wp-json\/wp\/v2\/media\/11554"}],"wp:attachment":[{"href":"https:\/\/jsoasis.dk\/en\/wp-json\/wp\/v2\/media?parent=11553"}],"wp:term":[{"taxonomy":"product_brand","embeddable":true,"href":"https:\/\/jsoasis.dk\/en\/wp-json\/wp\/v2\/product_brand?post=11553"},{"taxonomy":"product_cat","embeddable":true,"href":"https:\/\/jsoasis.dk\/en\/wp-json\/wp\/v2\/product_cat?post=11553"},{"taxonomy":"product_tag","embeddable":true,"href":"https:\/\/jsoasis.dk\/en\/wp-json\/wp\/v2\/product_tag?post=11553"}],"curies":[{"name":"wp","href":"https:\/\/api.w.org\/{rel}","templated":true}]}}