{"id":11669,"date":"2025-05-05T10:42:01","date_gmt":"2025-05-05T09:42:01","guid":{"rendered":"https:\/\/jsoasis.dk\/?post_type=product&#038;p=11669"},"modified":"2025-11-28T10:25:24","modified_gmt":"2025-11-28T09:25:24","slug":"premium-sauna-til-20-personer-til-saunagus-fuld-tilbud-klar-til-brug-600x255cm","status":"publish","type":"product","link":"https:\/\/jsoasis.dk\/en\/produkt\/premium-sauna-til-20-personer-til-saunagus-fuld-tilbud-klar-til-brug-600x255cm\/","title":{"rendered":"Premium Sauna til 20 personer til saunagus Fuld tilbud klar til brug 600x255cm"},"content":{"rendered":"<p>Dimensioner L6000mm \u00d7 B2400mm \u00d7 H2500mm<br \/>\nV\u00e6gt 2200-2500 kg<br \/>\nFrame C24 calibrated wood<br \/>\nUdvendig finish termotr\u00e6 termisk varmebehandlet (Frit valg)<br \/>\nIndvendig finish Aspentr\u00e6 (Specielt tr\u00e6 til sauna)<br \/>\nB\u00e6nke materiale aspentr\u00e6<\/p>\n<p>Rygl\u00e6n over b\u00e6nke<br \/>\nHarvia Pro club 20kw + sauna sten<br \/>\nKontroller C &#8211; series Pro<br \/>\nGlas 8 mm tonet h\u00e6rdet glas 180x180cm 1 stk<br \/>\nPanorama glass 1 stk 180x120cm<br \/>\nInteri\u00f8rbelysning LED-belysning uder b\u00e6nke og bag rygl\u00e6net<br \/>\nGlasd\u00f8r (sikkerhedsklasse)<br \/>\nGulvbel\u00e6gning Termiske terrassebr\u00e6dder (termotr\u00e6)<br \/>\nTag materiale Tagpap med skr\u00e5ning l\u00f8ber ud vand<br \/>\nV\u00e6g og loft Isolering Mineraluld 10cm antivindfolie og d\u00e6mningssp\u00e6rfolie<br \/>\nGulvisolering flamingo 15cm med vandafl\u00f8bssystem<br \/>\nFull panoramic view in the front wall;<br \/>\n(sikkerhedsklasse)<br \/>\n5 stk ventilationssteder<br \/>\nC32 3-faset tilslutning til el-kabel<br \/>\nLys udenfor ved indgang<\/p>\n<p>45min til 90 grade<\/p>\n<p>pris er 135.000+ moms<\/p>\n<p>Leveringspris 12.000 + moms<\/p>\n<p>Kran l\u00f8sning pris efter aftale<\/p>","protected":false},"excerpt":{"rendered":"<h3 class=\"\" data-start=\"119\" data-end=\"184\"><strong data-start=\"123\" data-end=\"184\">Saunaer i h\u00f8j klasse til store grupper og saunaprogrammer<\/strong><\/h3>\n<p class=\"\" data-start=\"186\" data-end=\"312\">Hos os f\u00e5r du specialbyggede saunaer i topkvalitet, designet til at im\u00f8dekomme behovene ved saunaprogrammer og st\u00f8rre grupper.<\/p>\n<p class=\"\" data-start=\"314\" data-end=\"497\">Vi bygger saunaer i op til <strong data-start=\"341\" data-end=\"361\">10 meters l\u00e6ngde<\/strong> \u2013 ideelle til op til <strong data-start=\"383\" data-end=\"398\">30 personer<\/strong>.<br data-start=\"399\" data-end=\"402\" \/>Hver sauna fremstilles efter dine \u00f8nsker, med fokus p\u00e5 b\u00e5de funktionalitet, komfort og \u00e6stetik.<\/p>\n<p class=\"\" data-start=\"499\" data-end=\"529\"><strong data-start=\"499\" data-end=\"529\">Fordele ved vores saunaer:<\/strong><\/p>\n<ul data-start=\"530\" data-end=\"696\">\n<li class=\"\" data-start=\"530\" data-end=\"562\">\n<p class=\"\" data-start=\"532\" data-end=\"562\">Plads til op til 30 personer<\/p>\n<\/li>\n<li class=\"\" data-start=\"563\" data-end=\"615\">\n<p class=\"\" data-start=\"565\" data-end=\"615\">Ideelle til professionelle saunamestre og events<\/p>\n<\/li>\n<li class=\"\" data-start=\"616\" data-end=\"666\">\n<p class=\"\" data-start=\"618\" data-end=\"666\">Eksklusivt design og materialer i h\u00f8j kvalitet<\/p>\n<\/li>\n<li class=\"\" data-start=\"667\" data-end=\"696\">\n<p class=\"\" data-start=\"669\" data-end=\"696\">Fuldt tilpasset dit projekt<\/p>\n<\/li>\n<\/ul>\n<p class=\"\" data-start=\"698\" data-end=\"778\">Kontakt os for at f\u00e5 en skr\u00e6ddersyet l\u00f8sning, der passer perfekt til dine behov.<\/p>","protected":false},"featured_media":11670,"template":"","meta":{"_acf_changed":false,"om_disable_all_campaigns":false,"_monsterinsights_skip_tracking":false,"_monsterinsights_sitenote_active":false,"_monsterinsights_sitenote_note":"","_monsterinsights_sitenote_category":0},"product_brand":[],"product_cat":[164,161,160,25],"product_tag":[],"class_list":{"0":"post-11669","1":"product","2":"type-product","3":"status-publish","4":"has-post-thumbnail","6":"product_cat-isoleret-sauna","7":"product_cat-nedsatte-produkter","8":"product_cat-nye-ankomster","9":"product_cat-sauna","11":"first","12":"instock","13":"sale","14":"taxable","15":"shipping-taxable","16":"purchasable","17":"product-type-simple"},"acf":[],"aioseo_notices":[],"_links":{"self":[{"href":"https:\/\/jsoasis.dk\/en\/wp-json\/wp\/v2\/product\/11669","targetHints":{"allow":["GET"]}}],"collection":[{"href":"https:\/\/jsoasis.dk\/en\/wp-json\/wp\/v2\/product"}],"about":[{"href":"https:\/\/jsoasis.dk\/en\/wp-json\/wp\/v2\/types\/product"}],"wp:featuredmedia":[{"embeddable":true,"href":"https:\/\/jsoasis.dk\/en\/wp-json\/wp\/v2\/media\/11670"}],"wp:attachment":[{"href":"https:\/\/jsoasis.dk\/en\/wp-json\/wp\/v2\/media?parent=11669"}],"wp:term":[{"taxonomy":"product_brand","embeddable":true,"href":"https:\/\/jsoasis.dk\/en\/wp-json\/wp\/v2\/product_brand?post=11669"},{"taxonomy":"product_cat","embeddable":true,"href":"https:\/\/jsoasis.dk\/en\/wp-json\/wp\/v2\/product_cat?post=11669"},{"taxonomy":"product_tag","embeddable":true,"href":"https:\/\/jsoasis.dk\/en\/wp-json\/wp\/v2\/product_tag?post=11669"}],"curies":[{"name":"wp","href":"https:\/\/api.w.org\/{rel}","templated":true}]}}