{"id":11678,"date":"2025-05-05T10:55:43","date_gmt":"2025-05-05T09:55:43","guid":{"rendered":"https:\/\/jsoasis.dk\/?post_type=product&#038;p=11678"},"modified":"2025-05-05T10:55:44","modified_gmt":"2025-05-05T09:55:44","slug":"termotrae-toendesauna-200cm","status":"publish","type":"product","link":"https:\/\/jsoasis.dk\/en\/produkt\/termotrae-toendesauna-200cm\/","title":{"rendered":"Termotr\u00e6 T\u00f8ndesauna 200cm"},"content":{"rendered":"<p>Udvendig St\u00f8rrelse L2070mm \u00d82050mm<br \/>\nH2150mm<br \/>\nSt\u00f8tteben l\u00e6ngde 1600mm (2 stk)<br \/>\nIndvendig st\u00f8rrelse L1800mm \u00d82000mm<br \/>\nV\u00e6gten er kun 600 kg;<br \/>\nSauna er samlet og f\u00e6rdigmonteret;<br \/>\nTag: sort tagpap;<br \/>\ntermotr\u00e6;<br \/>\nGulvriste materiale: aspen;<br \/>\nB\u00e6nke materiale aspen;<br \/>\nFull panoramic view in the front wall;<br \/>\n(sikkerhedsklasse)<br \/>\nGlasd\u00f8r (sikkerhedsklasse)<br \/>\nBr\u00e6ndeovn Harvia M3 med skorsten s\u00e6t<br \/>\n220v til LED<br \/>\nEller 9kw Harvia ovn<br \/>\nLED-lamperne installeret under b\u00e6nkene<\/p>\n<p>Delivery price by agreement<\/p>","protected":false},"excerpt":{"rendered":"<p>Udvendig St\u00f8rrelse L2070mm \u00d82050mm H2150mm St\u00f8tteben l\u00e6ngde 1600mm (2 stk) Indvendig st\u00f8rrelse L1800mm \u00d82000mm V\u00e6gten er kun 600 kg; Sauna er samlet og f\u00e6rdigmonteret; Tag: sort tagpap; termotr\u00e6; Gulvriste materiale: aspen; B\u00e6nke materiale aspen; Fuld panoramaudsigt i frontv\u00e6ggen; (sikkerhedsklasse) Glasd\u00f8r (sikkerhedsklasse) Br\u00e6ndeovn Harvia M3 med skorsten s\u00e6t 220v til LED Eller 9kw Harvia ovn LED-lamperne [&hellip;]<\/p>","protected":false},"featured_media":11680,"template":"","meta":{"_acf_changed":false,"om_disable_all_campaigns":false,"_monsterinsights_skip_tracking":false,"_monsterinsights_sitenote_active":false,"_monsterinsights_sitenote_note":"","_monsterinsights_sitenote_category":0},"product_brand":[],"product_cat":[161,160,25],"product_tag":[],"class_list":{"0":"post-11678","1":"product","2":"type-product","3":"status-publish","4":"has-post-thumbnail","6":"product_cat-nedsatte-produkter","7":"product_cat-nye-ankomster","8":"product_cat-sauna","10":"first","11":"instock","12":"sale","13":"taxable","14":"shipping-taxable","15":"purchasable","16":"product-type-simple"},"acf":[],"aioseo_notices":[],"_links":{"self":[{"href":"https:\/\/jsoasis.dk\/en\/wp-json\/wp\/v2\/product\/11678","targetHints":{"allow":["GET"]}}],"collection":[{"href":"https:\/\/jsoasis.dk\/en\/wp-json\/wp\/v2\/product"}],"about":[{"href":"https:\/\/jsoasis.dk\/en\/wp-json\/wp\/v2\/types\/product"}],"wp:featuredmedia":[{"embeddable":true,"href":"https:\/\/jsoasis.dk\/en\/wp-json\/wp\/v2\/media\/11680"}],"wp:attachment":[{"href":"https:\/\/jsoasis.dk\/en\/wp-json\/wp\/v2\/media?parent=11678"}],"wp:term":[{"taxonomy":"product_brand","embeddable":true,"href":"https:\/\/jsoasis.dk\/en\/wp-json\/wp\/v2\/product_brand?post=11678"},{"taxonomy":"product_cat","embeddable":true,"href":"https:\/\/jsoasis.dk\/en\/wp-json\/wp\/v2\/product_cat?post=11678"},{"taxonomy":"product_tag","embeddable":true,"href":"https:\/\/jsoasis.dk\/en\/wp-json\/wp\/v2\/product_tag?post=11678"}],"curies":[{"name":"wp","href":"https:\/\/api.w.org\/{rel}","templated":true}]}}