{"id":11682,"date":"2025-05-05T11:15:22","date_gmt":"2025-05-05T10:15:22","guid":{"rendered":"https:\/\/jsoasis.dk\/?post_type=product&#038;p=11682"},"modified":"2025-05-05T11:15:22","modified_gmt":"2025-05-05T10:15:22","slug":"termotrae-cool-cube-sauna-med-huum-12kw","status":"publish","type":"product","link":"https:\/\/jsoasis.dk\/en\/produkt\/termotrae-cool-cube-sauna-med-huum-12kw\/","title":{"rendered":"Termotr\u00e6 Cool Cube Sauna med HUUM 12kw"},"content":{"rendered":"<p>Cool Cube sauna<\/p>\n<p>DIMENSIONER<br \/>\nBredde<br \/>\n3,0 m<br \/>\nDybde<br \/>\n2,4 m<br \/>\nh\u00f8jde<br \/>\n2,40 m<\/p>\n<p>St\u00f8tteben l\u00e6ngde 1800mm 4stk)<br \/>\nV\u00e6gten er kun 1000kg;<br \/>\nSauna er samlet og f\u00e6rdigmonteret;<br \/>\nTag: sort tagpap;<br \/>\nTermotr\u00e6; Termo natural farve<br \/>\nGulvriste materiale: aspen;<br \/>\nB\u00e6nke materiale aspen;<br \/>\nB\u00e6nke L -slags<br \/>\nFull panoramic view in the front wall;<br \/>\n(sikkerhedsklasse)<br \/>\nGlasd\u00f8r (sikkerhedsklasse)<br \/>\nEL ovn HUUM Hive 12 (12kw)<br \/>\nHUUM Glass wifi kontroller<br \/>\nHuum hive 12 sikkerhedsgel\u00e6nder<br \/>\nSauna sten 250kg<br \/>\nPlug \u2013 i 3 phaze connect til ovn;<br \/>\nEl fosikkring;<br \/>\nLED-lamperne installeret under b\u00e6nkene<\/p>\n<p>&nbsp;<\/p>\n<p>Levering efter aftale<\/p>","protected":false},"excerpt":{"rendered":"<p>Cool Cube sauna DIMENSIONER Bredde 3,0 m Dybde 2,4 m h\u00f8jde 2,40 m St\u00f8tteben l\u00e6ngde 1800mm 4stk) V\u00e6gten er kun 1000kg; Sauna er samlet og f\u00e6rdigmonteret; Tag: sort tagpap; Termotr\u00e6; Termo natural farve Gulvriste materiale: aspen; B\u00e6nke materiale aspen; B\u00e6nke L -slags Fuld panoramaudsigt i frontv\u00e6ggen; (sikkerhedsklasse) Glasd\u00f8r (sikkerhedsklasse) EL ovn HUUM Hive 12 (12kw) [&hellip;]<\/p>","protected":false},"featured_media":11685,"template":"","meta":{"_acf_changed":false,"om_disable_all_campaigns":false,"_monsterinsights_skip_tracking":false,"_monsterinsights_sitenote_active":false,"_monsterinsights_sitenote_note":"","_monsterinsights_sitenote_category":0},"product_brand":[],"product_cat":[161,160,25],"product_tag":[],"class_list":{"0":"post-11682","1":"product","2":"type-product","3":"status-publish","4":"has-post-thumbnail","6":"product_cat-nedsatte-produkter","7":"product_cat-nye-ankomster","8":"product_cat-sauna","10":"first","11":"instock","12":"sale","13":"taxable","14":"shipping-taxable","15":"purchasable","16":"product-type-simple"},"acf":[],"aioseo_notices":[],"_links":{"self":[{"href":"https:\/\/jsoasis.dk\/en\/wp-json\/wp\/v2\/product\/11682","targetHints":{"allow":["GET"]}}],"collection":[{"href":"https:\/\/jsoasis.dk\/en\/wp-json\/wp\/v2\/product"}],"about":[{"href":"https:\/\/jsoasis.dk\/en\/wp-json\/wp\/v2\/types\/product"}],"wp:featuredmedia":[{"embeddable":true,"href":"https:\/\/jsoasis.dk\/en\/wp-json\/wp\/v2\/media\/11685"}],"wp:attachment":[{"href":"https:\/\/jsoasis.dk\/en\/wp-json\/wp\/v2\/media?parent=11682"}],"wp:term":[{"taxonomy":"product_brand","embeddable":true,"href":"https:\/\/jsoasis.dk\/en\/wp-json\/wp\/v2\/product_brand?post=11682"},{"taxonomy":"product_cat","embeddable":true,"href":"https:\/\/jsoasis.dk\/en\/wp-json\/wp\/v2\/product_cat?post=11682"},{"taxonomy":"product_tag","embeddable":true,"href":"https:\/\/jsoasis.dk\/en\/wp-json\/wp\/v2\/product_tag?post=11682"}],"curies":[{"name":"wp","href":"https:\/\/api.w.org\/{rel}","templated":true}]}}