{"id":11691,"date":"2025-05-16T07:20:13","date_gmt":"2025-05-16T06:20:13","guid":{"rendered":"https:\/\/jsoasis.dk\/?post_type=product&#038;p=11691"},"modified":"2026-01-26T19:48:53","modified_gmt":"2026-01-26T18:48:53","slug":"premium-klass-firkante-sauna-med-bruss","status":"publish","type":"product","link":"https:\/\/jsoasis.dk\/en\/produkt\/premium-klass-firkante-sauna-med-bruss\/","title":{"rendered":"Premium klass Firkante sauna med bruss"},"content":{"rendered":"<p>Firkantet sauna med bruser<br \/>\nUdvendig st\u00f8rrelse Bredde 3300 mm H\u00f8jde 2500 mm Dybde 2500 mm<br \/>\nStort panoramavindue i forv\u00e6ggen<br \/>\n400 mm x 1800 mm vindue i v\u00e6ggen bag ovnen.<br \/>\nTr\u00e6d\u00f8r Med l\u00e5s. St\u00f8rrelse 690 mm x 1900 mm<br \/>\nLille terrasse foran 200 mm<br \/>\nBruseindgang bredde 800 mm<br \/>\nPlads til vandkoger 400 mm dyb<br \/>\nBrusegulv med vandafl\u00f8b<br \/>\nV\u00e6gge, gulv og tag isoleret med stenuld med dampsp\u00e6rrefolie. (15 cm)<br \/>\nTagh\u00e6ldning 5 cm<br \/>\nTag lavet af tagpaprulle<br \/>\nBruse- og indgangsgulve ikke isolerede. (kun inde i saunagulve)<br \/>\nTilslutninger til brusevand start\/stop<br \/>\nVandafl\u00f8b inde i saunaen<br \/>\nVentilationspunkter inde i saunaen.<br \/>\nUdvendig finish med gran bredde 100 mm paneler uden samlinger. med en let ru overflade p\u00e5 br\u00e6dderne<br \/>\nIndvendigt med termoasp-finish<br \/>\nB\u00e6nke af asp i ensfarvet termoasp<br \/>\nGulv med impr\u00e6gneret terrassebord.<br \/>\nOvn Harvia Legend 10,8 kw med sten og wifi-controller (vi kan montere ogs\u00e5 andre ovn)<br \/>\nLED-lys under b\u00e6nkene<br \/>\nRygl\u00e6n p\u00e5 bagv\u00e6ggen med LED-lys bag rygl\u00e6net<br \/>\nLys\/spots ved indgangen<\/p>\n<p>&nbsp;<\/p>\n<p>Prisen er kun gyldig indtil nyt\u00e5r.<\/p>","protected":false},"excerpt":{"rendered":"<p>Firkantet sauna med bruser Udvendig st\u00f8rrelse Bredde 3300 mm H\u00f8jde 2500 mm Dybde 2500 mm Stort panoramavindue i forv\u00e6ggen 400 mm x 1800 mm vindue i v\u00e6ggen bag ovnen. Tr\u00e6d\u00f8r Med l\u00e5s. St\u00f8rrelse 690 mm x 1900 mm Lille terrasse foran 200 mm Bruseindgang bredde 800 mm Plads til vandkoger 400 mm dyb Brusegulv med [&hellip;]<\/p>","protected":false},"featured_media":11695,"template":"","meta":{"_acf_changed":false,"om_disable_all_campaigns":false,"_monsterinsights_skip_tracking":false,"_monsterinsights_sitenote_active":false,"_monsterinsights_sitenote_note":"","_monsterinsights_sitenote_category":0},"product_brand":[],"product_cat":[159,164,161,160,25,151],"product_tag":[],"class_list":{"0":"post-11691","1":"product","2":"type-product","3":"status-publish","4":"has-post-thumbnail","6":"product_cat-bedst-saelger","7":"product_cat-isoleret-sauna","8":"product_cat-nedsatte-produkter","9":"product_cat-nye-ankomster","10":"product_cat-sauna","11":"product_cat-summer-sale","13":"first","14":"instock","15":"sale","16":"taxable","17":"shipping-taxable","18":"purchasable","19":"product-type-simple"},"acf":[],"aioseo_notices":[],"_links":{"self":[{"href":"https:\/\/jsoasis.dk\/en\/wp-json\/wp\/v2\/product\/11691","targetHints":{"allow":["GET"]}}],"collection":[{"href":"https:\/\/jsoasis.dk\/en\/wp-json\/wp\/v2\/product"}],"about":[{"href":"https:\/\/jsoasis.dk\/en\/wp-json\/wp\/v2\/types\/product"}],"wp:featuredmedia":[{"embeddable":true,"href":"https:\/\/jsoasis.dk\/en\/wp-json\/wp\/v2\/media\/11695"}],"wp:attachment":[{"href":"https:\/\/jsoasis.dk\/en\/wp-json\/wp\/v2\/media?parent=11691"}],"wp:term":[{"taxonomy":"product_brand","embeddable":true,"href":"https:\/\/jsoasis.dk\/en\/wp-json\/wp\/v2\/product_brand?post=11691"},{"taxonomy":"product_cat","embeddable":true,"href":"https:\/\/jsoasis.dk\/en\/wp-json\/wp\/v2\/product_cat?post=11691"},{"taxonomy":"product_tag","embeddable":true,"href":"https:\/\/jsoasis.dk\/en\/wp-json\/wp\/v2\/product_tag?post=11691"}],"curies":[{"name":"wp","href":"https:\/\/api.w.org\/{rel}","templated":true}]}}