{"id":11697,"date":"2025-05-16T09:16:18","date_gmt":"2025-05-16T08:16:18","guid":{"rendered":"https:\/\/jsoasis.dk\/?post_type=product&#038;p=11697"},"modified":"2026-02-16T12:56:33","modified_gmt":"2026-02-16T11:56:33","slug":"modulhus-til-salg-fuld-udvendig-installation-paa-lager","status":"publish","type":"product","link":"https:\/\/jsoasis.dk\/en\/produkt\/modulhus-til-salg-fuld-udvendig-installation-paa-lager\/","title":{"rendered":"Modulhus til Salg \u2013 Fuld Udvendig Installation! P\u00e5 Lager"},"content":{"rendered":"<h3 class=\"\" data-start=\"443\" data-end=\"471\"><strong data-start=\"447\" data-end=\"471\">Tekniske funktioner:<\/strong><\/h3>\n<p class=\"\" data-start=\"473\" data-end=\"490\"><strong data-start=\"473\" data-end=\"490\">Konstruktion:<\/strong><\/p>\n<ul data-start=\"491\" data-end=\"719\">\n<li class=\"\" data-start=\"491\" data-end=\"571\">\n<p class=\"\" data-start=\"493\" data-end=\"571\">Bygget af <strong data-start=\"503\" data-end=\"525\">kalibreret C24-tr\u00e6<\/strong>, som sikrer en st\u00e6rk og holdbar konstruktion.<\/p>\n<\/li>\n<li class=\"\" data-start=\"572\" data-end=\"719\">\n<p class=\"\" data-start=\"574\" data-end=\"719\"><strong data-start=\"574\" data-end=\"588\">Isolering:<\/strong> 20 cm Rockwool-uld i gulv, v\u00e6gge og loft, hvilket giver fremragende varmeisolering og g\u00f8r huset velegnet til brug hele \u00e5ret rundt.<\/p>\n<\/li>\n<\/ul>\n<p class=\"\" data-start=\"721\" data-end=\"732\"><strong data-start=\"721\" data-end=\"732\">Facade:<\/strong><\/p>\n<ul data-start=\"733\" data-end=\"977\">\n<li class=\"\" data-start=\"733\" data-end=\"824\">\n<p class=\"\" data-start=\"735\" data-end=\"824\"><strong data-start=\"735\" data-end=\"756\">Grantr\u00e6bekl\u00e6dning<\/strong> med en tykkelse p\u00e5 2 cm \u2013 en af de tykkeste muligheder p\u00e5 markedet.<\/p>\n<\/li>\n<li class=\"\" data-start=\"825\" data-end=\"928\">\n<p class=\"\" data-start=\"827\" data-end=\"928\">Omhyggeligt bearbejdede hj\u00f8rner, der sikrer robusthed og modstandsdygtighed overfor vejrp\u00e5virkninger.<\/p>\n<\/li>\n<li class=\"\" data-start=\"929\" data-end=\"977\">\n<p class=\"\" data-start=\"931\" data-end=\"977\">Bekl\u00e6dningen er malet industrielt i <strong data-start=\"967\" data-end=\"976\">beige<\/strong>.<\/p>\n<\/li>\n<\/ul>\n<p class=\"\" data-start=\"979\" data-end=\"988\"><strong data-start=\"979\" data-end=\"987\">Tag:<\/strong><\/p>\n<ul data-start=\"989\" data-end=\"1110\">\n<li class=\"\" data-start=\"989\" data-end=\"1042\">\n<p class=\"\" data-start=\"991\" data-end=\"1042\"><strong data-start=\"991\" data-end=\"1016\">Profileret plademetal<\/strong> i &#8220;Classic Germany&#8221;-stil.<\/p>\n<\/li>\n<li class=\"\" data-start=\"1043\" data-end=\"1110\">\n<p class=\"\" data-start=\"1045\" data-end=\"1110\">Under tagpladen er der en <strong data-start=\"1071\" data-end=\"1109\">10 cm bred lydabsorberende membran<\/strong>.<\/p>\n<\/li>\n<\/ul>\n<p class=\"\" data-start=\"1112\" data-end=\"1133\"><strong data-start=\"1112\" data-end=\"1133\">Bundkonstruktion:<\/strong><\/p>\n<ul data-start=\"1134\" data-end=\"1307\">\n<li class=\"\" data-start=\"1134\" data-end=\"1169\">\n<p class=\"\" data-start=\"1136\" data-end=\"1169\">Lavet af <strong data-start=\"1145\" data-end=\"1168\">impr\u00e6gneret C24-tr\u00e6<\/strong>.<\/p>\n<\/li>\n<li class=\"\" data-start=\"1170\" data-end=\"1224\">\n<p class=\"\" data-start=\"1172\" data-end=\"1224\">Impr\u00e6gnerede br\u00e6dder med tap, der sikrer holdbarhed.<\/p>\n<\/li>\n<li class=\"\" data-start=\"1225\" data-end=\"1307\">\n<p class=\"\" data-start=\"1227\" data-end=\"1307\">Den nederste del er beskyttet med <strong data-start=\"1261\" data-end=\"1281\">rustfrit st\u00e5lnet<\/strong>, som forhindrer skadedyr.<\/p>\n<\/li>\n<\/ul>\n<p class=\"\" data-start=\"1309\" data-end=\"1321\"><strong data-start=\"1309\" data-end=\"1321\">Vinduer:<\/strong><\/p>\n<ul data-start=\"1322\" data-end=\"1423\">\n<li class=\"\" data-start=\"1322\" data-end=\"1423\">\n<p class=\"\" data-start=\"1324\" data-end=\"1423\"><strong data-start=\"1324\" data-end=\"1342\">3\/2 termoruder<\/strong> \u2013 antracit udvendigt, hvidt indvendigt \u2013 for fremragende varme- og lydisolering.<\/p>\n<\/li>\n<\/ul>\n<p class=\"\" data-start=\"1425\" data-end=\"1450\"><strong data-start=\"1425\" data-end=\"1450\">Indvendig indretning:<\/strong><\/p>\n<ul data-start=\"1451\" data-end=\"1559\">\n<li class=\"\" data-start=\"1479\" data-end=\"1559\">\n<p class=\"\" data-start=\"1481\" data-end=\"1559\"><strong data-start=\"1481\" data-end=\"1493\">Mezzanin<\/strong> til soveomr\u00e5de over toilettet, hvilket udnytter pladsen optimalt.<\/p>\n<\/li>\n<\/ul>\n<p class=\"\" data-start=\"1561\" data-end=\"1572\"><strong data-start=\"1561\" data-end=\"1572\">T\u00e6thed:<\/strong><\/p>\n<ul data-start=\"1573\" data-end=\"1672\">\n<li class=\"\" data-start=\"1573\" data-end=\"1672\">\n<p class=\"\" data-start=\"1575\" data-end=\"1672\">Alle samlinger er forseglet med <strong data-start=\"1607\" data-end=\"1623\">GERBAND-b\u00e5nd<\/strong> af h\u00f8j kvalitet, hvilket sikrer maksimal t\u00e6thed.<\/p>\n<\/li>\n<\/ul>\n<hr class=\"\" data-start=\"1674\" data-end=\"1677\" \/>\n<h3 class=\"\" data-start=\"1679\" data-end=\"1709\"><strong data-start=\"1683\" data-end=\"1709\">External dimensions:<\/strong><\/h3>\n<ul data-start=\"1710\" data-end=\"1774\">\n<li class=\"\" data-start=\"1710\" data-end=\"1731\">\n<p class=\"\" data-start=\"1712\" data-end=\"1731\"><strong data-start=\"1712\" data-end=\"1723\">Bredde:<\/strong> 3600 mm<\/p>\n<\/li>\n<li class=\"\" data-start=\"1732\" data-end=\"1753\">\n<p class=\"\" data-start=\"1734\" data-end=\"1753\"><strong data-start=\"1734\" data-end=\"1745\">L\u00e6ngde:<\/strong> 8000 mm<\/p>\n<\/li>\n<li class=\"\" data-start=\"1754\" data-end=\"1774\">\n<p class=\"\" data-start=\"1756\" data-end=\"1774\"><strong data-start=\"1756\" data-end=\"1766\">H\u00f8jde:<\/strong> 3600 mm<\/p>\n<\/li>\n<\/ul>\n<h3 class=\"\" data-start=\"1776\" data-end=\"1807\"><strong data-start=\"1780\" data-end=\"1807\">Indvendige dimensioner:<\/strong><\/h3>\n<ul data-start=\"1808\" data-end=\"1912\">\n<li class=\"\" data-start=\"1808\" data-end=\"1829\">\n<p class=\"\" data-start=\"1810\" data-end=\"1829\"><strong data-start=\"1810\" data-end=\"1821\">Bredde:<\/strong> 3200 mm<\/p>\n<\/li>\n<li class=\"\" data-start=\"1830\" data-end=\"1851\">\n<p class=\"\" data-start=\"1832\" data-end=\"1851\"><strong data-start=\"1832\" data-end=\"1843\">L\u00e6ngde:<\/strong> 7600 mm<\/p>\n<\/li>\n<li class=\"\" data-start=\"1852\" data-end=\"1872\">\n<p class=\"\" data-start=\"1854\" data-end=\"1872\"><strong data-start=\"1854\" data-end=\"1864\">H\u00f8jde:<\/strong> 3200 mm<\/p>\n<\/li>\n<li class=\"\" data-start=\"1873\" data-end=\"1912\">\n<p class=\"\" data-start=\"1875\" data-end=\"1912\"><strong data-start=\"1875\" data-end=\"1890\">Totalareal:<\/strong> 24 m\u00b2 + 4 m\u00b2 mezzanin<\/p>\n<\/li>\n<\/ul>\n<hr class=\"\" data-start=\"1914\" data-end=\"1917\" \/>\n<h3 class=\"\" data-start=\"1919\" data-end=\"1932\"><strong data-start=\"1923\" data-end=\"1932\">Pris:<\/strong><\/h3>\n<ul data-start=\"1933\" data-end=\"2023\">\n<li class=\"\" data-start=\"1933\" data-end=\"1971\">\n<p class=\"\" data-start=\"1935\" data-end=\"1971\"><strong data-start=\"1935\" data-end=\"1952\">Standardpris:<\/strong> 175.000 DKK + moms<\/p>\n<\/li>\n<li class=\"\" data-start=\"1972\" data-end=\"2023\">\n<p class=\"\" data-start=\"1974\" data-end=\"2023\"><strong data-start=\"1974\" data-end=\"2004\">Pris for udstillingsmodel:<\/strong> 165.000 DKK + moms<\/p>\n<\/li>\n<\/ul>\n<hr class=\"\" data-start=\"2025\" data-end=\"2028\" \/>\n<h3 class=\"\" data-start=\"2030\" data-end=\"2062\"><strong data-start=\"2034\" data-end=\"2062\">Mulighed for Tilpasning:<\/strong><\/h3>\n<p class=\"\" data-start=\"2063\" data-end=\"2191\">Vi tilbyder ogs\u00e5 muligheden for at <strong data-start=\"2098\" data-end=\"2133\">tilpasse st\u00f8rrelsen og designet<\/strong> af huset, s\u00e5 det passer pr\u00e6cist til dine \u00f8nsker og behov.<\/p>\n<hr class=\"\" data-start=\"2193\" data-end=\"2196\" \/>\n<h3 class=\"\" data-start=\"2198\" data-end=\"2222\"><strong data-start=\"2202\" data-end=\"2222\">Kom og Se Huset:<\/strong><\/h3>\n<p class=\"\" data-start=\"2223\" data-end=\"2357\">Du er meget velkommen til at komme forbi vores lager og se husene i virkeligheden. Vi holder til p\u00e5:<br data-start=\"2323\" data-end=\"2326\" \/><strong data-start=\"2326\" data-end=\"2357\">Industrivej 1, \u00d8stbirk 8752<\/strong><\/p>","protected":false},"excerpt":{"rendered":"<p>Tekniske funktioner: Konstruktion: Bygget af kalibreret C24-tr\u00e6, som sikrer en st\u00e6rk og holdbar konstruktion. Isolering: 20 cm Rockwool-uld i gulv, v\u00e6gge og loft, hvilket giver fremragende varmeisolering og g\u00f8r huset velegnet til brug hele \u00e5ret rundt. Facade: Grantr\u00e6bekl\u00e6dning med en tykkelse p\u00e5 2 cm \u2013 en af de tykkeste muligheder p\u00e5 markedet. Omhyggeligt bearbejdede hj\u00f8rner, [&hellip;]<\/p>","protected":false},"featured_media":11699,"template":"","meta":{"_acf_changed":false,"om_disable_all_campaigns":false,"_monsterinsights_skip_tracking":false,"_monsterinsights_sitenote_active":false,"_monsterinsights_sitenote_note":"","_monsterinsights_sitenote_category":0},"product_brand":[],"product_cat":[161,160,163],"product_tag":[],"class_list":{"0":"post-11697","1":"product","2":"type-product","3":"status-publish","4":"has-post-thumbnail","6":"product_cat-nedsatte-produkter","7":"product_cat-nye-ankomster","8":"product_cat-tiny-hus","10":"first","11":"instock","12":"taxable","13":"shipping-taxable","14":"purchasable","15":"product-type-simple"},"acf":[],"aioseo_notices":[],"_links":{"self":[{"href":"https:\/\/jsoasis.dk\/en\/wp-json\/wp\/v2\/product\/11697","targetHints":{"allow":["GET"]}}],"collection":[{"href":"https:\/\/jsoasis.dk\/en\/wp-json\/wp\/v2\/product"}],"about":[{"href":"https:\/\/jsoasis.dk\/en\/wp-json\/wp\/v2\/types\/product"}],"wp:featuredmedia":[{"embeddable":true,"href":"https:\/\/jsoasis.dk\/en\/wp-json\/wp\/v2\/media\/11699"}],"wp:attachment":[{"href":"https:\/\/jsoasis.dk\/en\/wp-json\/wp\/v2\/media?parent=11697"}],"wp:term":[{"taxonomy":"product_brand","embeddable":true,"href":"https:\/\/jsoasis.dk\/en\/wp-json\/wp\/v2\/product_brand?post=11697"},{"taxonomy":"product_cat","embeddable":true,"href":"https:\/\/jsoasis.dk\/en\/wp-json\/wp\/v2\/product_cat?post=11697"},{"taxonomy":"product_tag","embeddable":true,"href":"https:\/\/jsoasis.dk\/en\/wp-json\/wp\/v2\/product_tag?post=11697"}],"curies":[{"name":"wp","href":"https:\/\/api.w.org\/{rel}","templated":true}]}}