{"id":11725,"date":"2025-06-24T08:09:41","date_gmt":"2025-06-24T07:09:41","guid":{"rendered":"https:\/\/jsoasis.dk\/?post_type=product&#038;p=11725"},"modified":"2025-09-08T12:10:58","modified_gmt":"2025-09-08T11:10:58","slug":"deluxe-300x250-sauna-med-huum-hive-12-wifi","status":"publish","type":"product","link":"https:\/\/jsoasis.dk\/en\/produkt\/deluxe-300x250-sauna-med-huum-hive-12-wifi\/","title":{"rendered":"Deluxe 300&#215;250 Sauna med HUUM HIVE 12 + wifi"},"content":{"rendered":"<p>Dimension L3000mm \u00d7 B2500mm \u00d7 H2500mm<br \/>\nPlads op til 10 personer<br \/>\nV\u00e6gt 1500 kg<br \/>\nFrame C24 calibrated wood<br \/>\nUdvendig finish termotr\u00e6 termisk varmebehandlet<br \/>\nIndvendig finish Aspentr\u00e6 (Specielt tr\u00e6 til sauna)<br \/>\nB\u00e6nke materiale aspentr\u00e6<br \/>\nRygl\u00e6n over b\u00e6nke<br \/>\nHUUM Hive 12 med uku glas kontroller<br \/>\nWIFI mulighed<br \/>\nSauna rund sten<br \/>\nGlass 8mm tinted tempered glass<br \/>\nInteri\u00f8rbelysning LED-belysning uder b\u00e6nke og bag rygl\u00e6net<br \/>\nGlasd\u00f8r (sikkerhedsklasse)<br \/>\nGulvbel\u00e6gning Termiske terrassebr\u00e6dder (termotr\u00e6)<br \/>\nTag materiale Tagpap<br \/>\nV\u00e6g og loft Isolering Mineraluld 10cm antivindfolie og d\u00e6mningssp\u00e6rfolie<br \/>\nGulvisolering flamingo 10 cm med vandafl\u00f8bssystem<br \/>\nFull panoramic view in the front wall;<br \/>\n(sikkerhedsklasse)<br \/>\n3 stk ventilationssteder<br \/>\nC20 3-faset tilslutning til el-kabel<br \/>\n2 stk Lys udenfor ved indgang<\/p>\n<p>Leveringstid 7-9 uger<\/p>","protected":false},"excerpt":{"rendered":"<p>Dimension L3000mm \u00d7 B2500mm \u00d7 H2500mm Plads op til 10 personer V\u00e6gt 1500 kg Ramme C24 kalibreret tr\u00e6 Udvendig finish termotr\u00e6 termisk varmebehandlet Indvendig finish Aspentr\u00e6 (Specielt tr\u00e6 til sauna) B\u00e6nke materiale aspentr\u00e6 Rygl\u00e6n over b\u00e6nke HUUM Hive 12 med uku glas kontroller WIFI mulighed Sauna rund sten Glas 8 mm tonet h\u00e6rdet glas Interi\u00f8rbelysning [&hellip;]<\/p>","protected":false},"featured_media":11728,"template":"","meta":{"_acf_changed":false,"om_disable_all_campaigns":false,"_monsterinsights_skip_tracking":false,"_monsterinsights_sitenote_active":false,"_monsterinsights_sitenote_note":"","_monsterinsights_sitenote_category":0},"product_brand":[],"product_cat":[164,161,160,25,109],"product_tag":[],"class_list":{"0":"post-11725","1":"product","2":"type-product","3":"status-publish","4":"has-post-thumbnail","6":"product_cat-isoleret-sauna","7":"product_cat-nedsatte-produkter","8":"product_cat-nye-ankomster","9":"product_cat-sauna","10":"product_cat-special-tilbud","12":"first","13":"instock","14":"sale","15":"taxable","16":"shipping-taxable","17":"purchasable","18":"product-type-simple"},"acf":[],"aioseo_notices":[],"_links":{"self":[{"href":"https:\/\/jsoasis.dk\/en\/wp-json\/wp\/v2\/product\/11725","targetHints":{"allow":["GET"]}}],"collection":[{"href":"https:\/\/jsoasis.dk\/en\/wp-json\/wp\/v2\/product"}],"about":[{"href":"https:\/\/jsoasis.dk\/en\/wp-json\/wp\/v2\/types\/product"}],"wp:featuredmedia":[{"embeddable":true,"href":"https:\/\/jsoasis.dk\/en\/wp-json\/wp\/v2\/media\/11728"}],"wp:attachment":[{"href":"https:\/\/jsoasis.dk\/en\/wp-json\/wp\/v2\/media?parent=11725"}],"wp:term":[{"taxonomy":"product_brand","embeddable":true,"href":"https:\/\/jsoasis.dk\/en\/wp-json\/wp\/v2\/product_brand?post=11725"},{"taxonomy":"product_cat","embeddable":true,"href":"https:\/\/jsoasis.dk\/en\/wp-json\/wp\/v2\/product_cat?post=11725"},{"taxonomy":"product_tag","embeddable":true,"href":"https:\/\/jsoasis.dk\/en\/wp-json\/wp\/v2\/product_tag?post=11725"}],"curies":[{"name":"wp","href":"https:\/\/api.w.org\/{rel}","templated":true}]}}