{"id":11755,"date":"2025-09-08T11:16:40","date_gmt":"2025-09-08T10:16:40","guid":{"rendered":"https:\/\/jsoasis.dk\/?post_type=product&#038;p=11755"},"modified":"2025-09-08T12:10:46","modified_gmt":"2025-09-08T11:10:46","slug":"saunagus-8-meter-lang-sauna-til-20-25-personer-med-forrum","status":"publish","type":"product","link":"https:\/\/jsoasis.dk\/en\/produkt\/saunagus-8-meter-lang-sauna-til-20-25-personer-med-forrum\/","title":{"rendered":"Saunagus 8 meter lang sauna til 20-25 personer med forrum"},"content":{"rendered":"<p>SPECIFIKATIONER FOR SAUNA<\/p>\n<p>Dimensioner L8000mm \u00d7 B2550mm \u00d7 H2700mm<br \/>\nSauna st\u00f8rrelse 6000&#215;2300 (28-30 m3)<br \/>\nForrum 1600x2300mm<br \/>\nV\u00e6gt 2500-3000 kg<br \/>\nFrame C24 calibrated wood<br \/>\nUdvendig finish termotr\u00e6 termisk varmebehandlet (Farve T1) &#8211; farve \u00e6ndres til sort udvendigt.<br \/>\nIndvendig finish Aspentr\u00e6 (Specielt tr\u00e6 til sauna)<br \/>\nB\u00e6nke materiale aspentr\u00e6<br \/>\nVarm sikkerhed omkring ovn<br \/>\nRygl\u00e6n over b\u00e6nke<br \/>\nOvn elektrisk 24kw + sauna sten Qube pro 24kw + display og kontroler sistemer<br \/>\nbeskyttelsestr\u00e6 rundt om sauna<br \/>\nOven til 25-35 m3 st\u00f8rrelse sauna<br \/>\n2 stk Glas 8 mm tonet h\u00e6rdet glas 200&#215;220<br \/>\n1 stk glass 80x220cm<br \/>\nInteri\u00f8rbelysning LED-belysning uder b\u00e6nke og bag rygl\u00e6net<br \/>\nUdenfor Tr\u00e6d\u00f8r med l\u00e5s<br \/>\nGlasd\u00f8r (sikkerhedsklasse)<br \/>\nGulvbel\u00e6gning Termiske terrassebr\u00e6dder (termotr\u00e6)<br \/>\nTag materialeTagpap med skr\u00e5ning l\u00f8ber ud vand<br \/>\nV\u00e6g og loft Isolering Mineraluld 10cm antivindfolie og d\u00e6mningssp\u00e6rfolie<br \/>\nGulvisolering flamingo 15 cm med vandafl\u00f8bssystem 4 stk<br \/>\nFull panoramic view in the front wall;<br \/>\n(sikkerhedsklasse)<br \/>\n5 stk ventilationssteder<br \/>\nC32 3-faset tilslutning til el-kabel<br \/>\nLys udenfor ved indgang<\/p>\n<p>5 stk udvendig LED lys<br \/>\nLys og knager og b\u00e6nke i forrum<br \/>\ntermotr\u00e6 med l\u00e5s af frontd\u00f8r<\/p>\n<p>Pris er 155.000 + moms<br \/>\nLevering til adressen 15.000 + moms uden kran<\/p>","protected":false},"excerpt":{"rendered":"<p>Vi producerer saunaer efter dine \u00f8nsker, m\u00e5l og tegninger.<br data-start=\"161\" data-end=\"164\" \/>Prisen afh\u00e6nger af saunaens st\u00f8rrelse og udstyr.<br data-start=\"214\" data-end=\"217\" data-is-only-node=\"\" \/>Du er altid velkommen til at kontakte os \u2013 vi hj\u00e6lper dig gerne med at realisere dine projekter<\/p>","protected":false},"featured_media":11761,"template":"","meta":{"_acf_changed":false,"om_disable_all_campaigns":false,"_monsterinsights_skip_tracking":false,"_monsterinsights_sitenote_active":false,"_monsterinsights_sitenote_note":"","_monsterinsights_sitenote_category":0},"product_brand":[],"product_cat":[164,161,160,25,163],"product_tag":[],"class_list":{"0":"post-11755","1":"product","2":"type-product","3":"status-publish","4":"has-post-thumbnail","6":"product_cat-isoleret-sauna","7":"product_cat-nedsatte-produkter","8":"product_cat-nye-ankomster","9":"product_cat-sauna","10":"product_cat-tiny-hus","12":"first","13":"instock","14":"sale","15":"taxable","16":"shipping-taxable","17":"purchasable","18":"product-type-simple"},"acf":[],"aioseo_notices":[],"_links":{"self":[{"href":"https:\/\/jsoasis.dk\/en\/wp-json\/wp\/v2\/product\/11755","targetHints":{"allow":["GET"]}}],"collection":[{"href":"https:\/\/jsoasis.dk\/en\/wp-json\/wp\/v2\/product"}],"about":[{"href":"https:\/\/jsoasis.dk\/en\/wp-json\/wp\/v2\/types\/product"}],"wp:featuredmedia":[{"embeddable":true,"href":"https:\/\/jsoasis.dk\/en\/wp-json\/wp\/v2\/media\/11761"}],"wp:attachment":[{"href":"https:\/\/jsoasis.dk\/en\/wp-json\/wp\/v2\/media?parent=11755"}],"wp:term":[{"taxonomy":"product_brand","embeddable":true,"href":"https:\/\/jsoasis.dk\/en\/wp-json\/wp\/v2\/product_brand?post=11755"},{"taxonomy":"product_cat","embeddable":true,"href":"https:\/\/jsoasis.dk\/en\/wp-json\/wp\/v2\/product_cat?post=11755"},{"taxonomy":"product_tag","embeddable":true,"href":"https:\/\/jsoasis.dk\/en\/wp-json\/wp\/v2\/product_tag?post=11755"}],"curies":[{"name":"wp","href":"https:\/\/api.w.org\/{rel}","templated":true}]}}