{"id":11763,"date":"2025-09-08T11:48:28","date_gmt":"2025-09-08T10:48:28","guid":{"rendered":"https:\/\/jsoasis.dk\/?post_type=product&#038;p=11763"},"modified":"2025-09-08T12:10:29","modified_gmt":"2025-09-08T11:10:29","slug":"deluxe-stor-sauna-med-forrum-9-kw-wifi-ovn","status":"publish","type":"product","link":"https:\/\/jsoasis.dk\/en\/produkt\/deluxe-stor-sauna-med-forrum-9-kw-wifi-ovn\/","title":{"rendered":"Deluxe Stor sauna med forrum 9 kw wifi ovn"},"content":{"rendered":"<p data-start=\"172\" data-end=\"192\"><strong data-start=\"172\" data-end=\"190\">External dimensions:<\/strong><\/p>\n<ul data-start=\"193\" data-end=\"262\">\n<li data-start=\"193\" data-end=\"227\">\n<p data-start=\"195\" data-end=\"227\"><strong data-start=\"195\" data-end=\"207\">Modul 1:<\/strong> 3050 mm \u00d7 2540 mm<\/p>\n<\/li>\n<li data-start=\"228\" data-end=\"262\">\n<p data-start=\"230\" data-end=\"262\"><strong data-start=\"230\" data-end=\"242\">Modul 2:<\/strong> 1385 mm \u00d7 3050 mm<\/p>\n<\/li>\n<\/ul>\n<p data-start=\"264\" data-end=\"295\"><strong data-start=\"264\" data-end=\"293\">Tekniske specifikationer:<\/strong><\/p>\n<ul data-start=\"296\" data-end=\"1297\">\n<li data-start=\"296\" data-end=\"551\">\n<p data-start=\"298\" data-end=\"314\"><strong data-start=\"298\" data-end=\"312\">Belysning:<\/strong><\/p>\n<ul data-start=\"317\" data-end=\"551\">\n<li data-start=\"317\" data-end=\"397\">\n<p data-start=\"319\" data-end=\"397\">Flerfarvede LED-lysstrimler skjult bag b\u00e6nke og rygl\u00e6n (justerbar lysstyrke)<\/p>\n<\/li>\n<li data-start=\"400\" data-end=\"466\">\n<p data-start=\"402\" data-end=\"466\">Stjernelys (LED-dioder integreret i loftet, separat t\u00e6nd\/sluk)<\/p>\n<\/li>\n<li data-start=\"469\" data-end=\"528\">\n<p data-start=\"471\" data-end=\"528\">Lampe monteret i loft i modul 2 (t\u00e6nd\/sluk ved yderd\u00f8r)<\/p>\n<\/li>\n<li data-start=\"531\" data-end=\"551\">\n<p data-start=\"533\" data-end=\"551\">3 udend\u00f8rslamper<\/p>\n<\/li>\n<\/ul>\n<\/li>\n<li data-start=\"552\" data-end=\"674\">\n<p data-start=\"554\" data-end=\"571\"><strong data-start=\"554\" data-end=\"569\">Indretning:<\/strong><\/p>\n<ul data-start=\"574\" data-end=\"674\">\n<li data-start=\"574\" data-end=\"607\">\n<p data-start=\"576\" data-end=\"607\">Rygl\u00e6n langs de \u00f8verste b\u00e6nke<\/p>\n<\/li>\n<li data-start=\"610\" data-end=\"674\">\n<p data-start=\"612\" data-end=\"674\">Afl\u00f8b i gulvet under b\u00e6nkene, tilsluttet udend\u00f8rs nedl\u00f8bsr\u00f8r<\/p>\n<\/li>\n<\/ul>\n<\/li>\n<li data-start=\"675\" data-end=\"867\">\n<p data-start=\"677\" data-end=\"692\"><strong data-start=\"677\" data-end=\"690\">Saunaovn:<\/strong><\/p>\n<ul data-start=\"695\" data-end=\"867\">\n<li data-start=\"695\" data-end=\"805\">\n<p data-start=\"697\" data-end=\"805\">9 kW elektrisk saunaovn med elektronisk styring i rummet og via app (Harvia Cillindro 9 kW Wi-Fi \u2013 frit valg)<\/p>\n<\/li>\n<li data-start=\"808\" data-end=\"832\">\n<p data-start=\"810\" data-end=\"832\">Saunasten inkluderet<\/p>\n<\/li>\n<li data-start=\"835\" data-end=\"867\">\n<p data-start=\"837\" data-end=\"867\">Tr\u00e6beskyttelse omkring ovnen<\/p>\n<\/li>\n<\/ul>\n<\/li>\n<li data-start=\"868\" data-end=\"915\">\n<p data-start=\"870\" data-end=\"915\"><strong data-start=\"870\" data-end=\"886\">Ventilation:<\/strong> Ja (udf\u00f8rt efter standard)<\/p>\n<\/li>\n<li data-start=\"916\" data-end=\"1219\">\n<p data-start=\"918\" data-end=\"937\"><strong data-start=\"918\" data-end=\"935\">Konstruktion:<\/strong><\/p>\n<ul data-start=\"940\" data-end=\"1219\">\n<li data-start=\"940\" data-end=\"983\">\n<p data-start=\"942\" data-end=\"983\">Tr\u00e6ramme: 45 \u00d7 95 mm C24 kalibreret tr\u00e6<\/p>\n<\/li>\n<li data-start=\"986\" data-end=\"1015\">\n<p data-start=\"988\" data-end=\"1015\">Gulvisolering: Polystyren<\/p>\n<\/li>\n<li data-start=\"1018\" data-end=\"1048\">\n<p data-start=\"1020\" data-end=\"1048\">Gulv: 28 mm tr\u00e6gulvbr\u00e6dder<\/p>\n<\/li>\n<li data-start=\"1051\" data-end=\"1087\">\n<p data-start=\"1053\" data-end=\"1087\">V\u00e6gisolering: Mineralsk rockwool<\/p>\n<\/li>\n<li data-start=\"1090\" data-end=\"1122\">\n<p data-start=\"1092\" data-end=\"1122\">V\u00e6g- og loftpaneler: Elletr\u00e6<\/p>\n<\/li>\n<li data-start=\"1125\" data-end=\"1143\">\n<p data-start=\"1127\" data-end=\"1143\">B\u00e6nke: Elletr\u00e6<\/p>\n<\/li>\n<li data-start=\"1146\" data-end=\"1182\">\n<p data-start=\"1148\" data-end=\"1182\">Glas: 2 enheder 8 mm h\u00e6rdet glas<\/p>\n<\/li>\n<li data-start=\"1185\" data-end=\"1219\">\n<p data-start=\"1187\" data-end=\"1219\">Tag: Tagoprulning + tagmembran<\/p>\n<\/li>\n<\/ul>\n<\/li>\n<\/ul>","protected":false},"excerpt":{"rendered":"<p>Vi producerer saunaer efter dine \u00f8nsker, m\u00e5l og tegninger.<br data-start=\"161\" data-end=\"164\" \/>Prisen afh\u00e6nger af saunaens st\u00f8rrelse og udstyr.<br data-start=\"214\" data-end=\"217\" data-is-only-node=\"\" \/>Du er altid velkommen til at kontakte os \u2013 vi hj\u00e6lper dig gerne med at realisere dine projekter<\/p>","protected":false},"featured_media":11769,"template":"","meta":{"_acf_changed":false,"om_disable_all_campaigns":false,"_monsterinsights_skip_tracking":false,"_monsterinsights_sitenote_active":false,"_monsterinsights_sitenote_note":"","_monsterinsights_sitenote_category":0},"product_brand":[],"product_cat":[164,161,160,25],"product_tag":[],"class_list":{"0":"post-11763","1":"product","2":"type-product","3":"status-publish","4":"has-post-thumbnail","6":"product_cat-isoleret-sauna","7":"product_cat-nedsatte-produkter","8":"product_cat-nye-ankomster","9":"product_cat-sauna","11":"first","12":"instock","13":"sale","14":"taxable","15":"shipping-taxable","16":"purchasable","17":"product-type-simple"},"acf":[],"aioseo_notices":[],"_links":{"self":[{"href":"https:\/\/jsoasis.dk\/en\/wp-json\/wp\/v2\/product\/11763","targetHints":{"allow":["GET"]}}],"collection":[{"href":"https:\/\/jsoasis.dk\/en\/wp-json\/wp\/v2\/product"}],"about":[{"href":"https:\/\/jsoasis.dk\/en\/wp-json\/wp\/v2\/types\/product"}],"wp:featuredmedia":[{"embeddable":true,"href":"https:\/\/jsoasis.dk\/en\/wp-json\/wp\/v2\/media\/11769"}],"wp:attachment":[{"href":"https:\/\/jsoasis.dk\/en\/wp-json\/wp\/v2\/media?parent=11763"}],"wp:term":[{"taxonomy":"product_brand","embeddable":true,"href":"https:\/\/jsoasis.dk\/en\/wp-json\/wp\/v2\/product_brand?post=11763"},{"taxonomy":"product_cat","embeddable":true,"href":"https:\/\/jsoasis.dk\/en\/wp-json\/wp\/v2\/product_cat?post=11763"},{"taxonomy":"product_tag","embeddable":true,"href":"https:\/\/jsoasis.dk\/en\/wp-json\/wp\/v2\/product_tag?post=11763"}],"curies":[{"name":"wp","href":"https:\/\/api.w.org\/{rel}","templated":true}]}}