{"id":11773,"date":"2025-09-08T11:56:24","date_gmt":"2025-09-08T10:56:24","guid":{"rendered":"https:\/\/jsoasis.dk\/?post_type=product&#038;p=11773"},"modified":"2025-11-28T10:22:19","modified_gmt":"2025-11-28T09:22:19","slug":"anneks-med-sauna-550cm-lang-255cm-bred","status":"publish","type":"product","link":"https:\/\/jsoasis.dk\/en\/produkt\/anneks-med-sauna-550cm-lang-255cm-bred\/","title":{"rendered":"Anneks Med Sauna  550cm lang 255cm bred"},"content":{"rendered":"<p data-start=\"175\" data-end=\"203\"><strong data-start=\"175\" data-end=\"201\">Generelle m\u00e5l og v\u00e6gt:<\/strong><\/p>\n<ul data-start=\"204\" data-end=\"293\">\n<li data-start=\"204\" data-end=\"267\">\n<p data-start=\"206\" data-end=\"267\"><strong data-start=\"206\" data-end=\"231\">Dimensioner (samlet):<\/strong> L 5500 mm \u00d7 B 2500 mm \u00d7 H 2500 mm<\/p>\n<\/li>\n<li data-start=\"268\" data-end=\"293\">\n<p data-start=\"270\" data-end=\"293\"><strong data-start=\"270\" data-end=\"279\">Weight:<\/strong> ca. 2200 kg<\/p>\n<\/li>\n<\/ul>\n<hr data-start=\"295\" data-end=\"298\" \/>\n<h2 data-start=\"300\" data-end=\"328\"><strong data-start=\"303\" data-end=\"315\">Saunarum<\/strong> <em data-start=\"316\" data-end=\"326\">(4,5 m\u00b2)<\/em><\/h2>\n<ul data-start=\"329\" data-end=\"1009\">\n<li data-start=\"329\" data-end=\"386\">\n<p data-start=\"331\" data-end=\"386\"><strong data-start=\"331\" data-end=\"350\">Internal dimensions:<\/strong> L 2170 mm \u00d7 B 2000 mm \u00d7 H 2000 mm<\/p>\n<\/li>\n<li data-start=\"387\" data-end=\"444\">\n<p data-start=\"389\" data-end=\"444\"><strong data-start=\"389\" data-end=\"410\">Indvendig finish:<\/strong> Aspentr\u00e6 (specialtr\u00e6 til sauna)<\/p>\n<\/li>\n<li data-start=\"445\" data-end=\"492\">\n<p data-start=\"447\" data-end=\"492\"><strong data-start=\"447\" data-end=\"457\">B\u00e6nke:<\/strong> Aspentr\u00e6 med rygl\u00e6n over b\u00e6nkene<\/p>\n<\/li>\n<li data-start=\"493\" data-end=\"545\">\n<p data-start=\"495\" data-end=\"545\"><strong data-start=\"495\" data-end=\"508\">Saunaovn:<\/strong> Harvia Cilindro 9 kW med saunasten<\/p>\n<\/li>\n<li data-start=\"546\" data-end=\"602\">\n<p data-start=\"548\" data-end=\"602\"><strong data-start=\"548\" data-end=\"557\">Glas:<\/strong> 8 mm tonet, h\u00e6rdet glas (sikkerhedsklasse)<\/p>\n<\/li>\n<li data-start=\"603\" data-end=\"675\">\n<p data-start=\"605\" data-end=\"675\"><strong data-start=\"605\" data-end=\"624\">Panoramavindue:<\/strong> Fuldt glasparti i frontv\u00e6ggen (sikkerhedsklasse)<\/p>\n<\/li>\n<li data-start=\"676\" data-end=\"723\">\n<p data-start=\"678\" data-end=\"723\"><strong data-start=\"678\" data-end=\"690\">Glasd\u00f8r:<\/strong> H\u00e6rdet glas (sikkerhedsklasse)<\/p>\n<\/li>\n<li data-start=\"724\" data-end=\"784\">\n<p data-start=\"726\" data-end=\"784\"><strong data-start=\"726\" data-end=\"748\">Interi\u00f8rbelysning:<\/strong> LED under b\u00e6nkene og bag rygl\u00e6net<\/p>\n<\/li>\n<li data-start=\"785\" data-end=\"865\">\n<p data-start=\"787\" data-end=\"865\"><strong data-start=\"787\" data-end=\"796\">Gulv:<\/strong> Termisk behandlede terrassebr\u00e6dder (termotr\u00e6) med vandafl\u00f8bssystem<\/p>\n<\/li>\n<li data-start=\"866\" data-end=\"908\">\n<p data-start=\"868\" data-end=\"908\"><strong data-start=\"868\" data-end=\"884\">Ventilation:<\/strong> 3 ventilationspunkter<\/p>\n<\/li>\n<li data-start=\"909\" data-end=\"957\">\n<p data-start=\"911\" data-end=\"957\"><strong data-start=\"911\" data-end=\"930\">El-tilslutning:<\/strong> C20, 3-faset tilslutning<\/p>\n<\/li>\n<li data-start=\"958\" data-end=\"1009\">\n<p data-start=\"960\" data-end=\"1009\"><strong data-start=\"960\" data-end=\"983\">Udvendig belysning:<\/strong> 2 LED-lys ved indgangen<\/p>\n<\/li>\n<\/ul>\n<hr data-start=\"1011\" data-end=\"1014\" \/>\n<h2 data-start=\"1016\" data-end=\"1045\"><strong data-start=\"1019\" data-end=\"1032\">Anneksrum<\/strong> <em data-start=\"1033\" data-end=\"1043\">(6,5 m\u00b2)<\/em><\/h2>\n<ul data-start=\"1046\" data-end=\"1332\">\n<li data-start=\"1046\" data-end=\"1091\">\n<p data-start=\"1048\" data-end=\"1091\"><strong data-start=\"1048\" data-end=\"1067\">Internal dimensions:<\/strong> B 2170 mm \u00d7 L 3000 mm<\/p>\n<\/li>\n<li data-start=\"1092\" data-end=\"1144\">\n<p data-start=\"1094\" data-end=\"1144\"><strong data-start=\"1094\" data-end=\"1115\">Indvendig finish:<\/strong> Grantr\u00e6, v\u00e6gge malet hvide<\/p>\n<\/li>\n<li data-start=\"1145\" data-end=\"1199\">\n<p data-start=\"1147\" data-end=\"1199\"><strong data-start=\"1147\" data-end=\"1156\">Gulv:<\/strong> Asketr\u00e6spaneler (som fremsendt af kunde)<\/p>\n<\/li>\n<li data-start=\"1200\" data-end=\"1258\">\n<p data-start=\"1202\" data-end=\"1258\"><strong data-start=\"1202\" data-end=\"1211\">D\u00f8re:<\/strong> Dobbeltd\u00f8re med l\u00e5s (som fremsendt af kunde)<\/p>\n<\/li>\n<li data-start=\"1259\" data-end=\"1312\">\n<p data-start=\"1261\" data-end=\"1312\"><strong data-start=\"1261\" data-end=\"1272\">Vindue:<\/strong> Lille vindue (som fremsendt af kunde)<\/p>\n<\/li>\n<li data-start=\"1313\" data-end=\"1332\">\n<p data-start=\"1315\" data-end=\"1332\"><strong data-start=\"1315\" data-end=\"1323\">Tag:<\/strong> Tagpap<\/p>\n<\/li>\n<\/ul>\n<hr data-start=\"1334\" data-end=\"1337\" \/>\n<h2 data-start=\"1339\" data-end=\"1373\"><strong data-start=\"1342\" data-end=\"1371\">Konstruktion og isolering<\/strong><\/h2>\n<ul data-start=\"1374\" data-end=\"1664\">\n<li data-start=\"1374\" data-end=\"1407\">\n<p data-start=\"1376\" data-end=\"1407\"><strong data-start=\"1376\" data-end=\"1386\">Ramme:<\/strong> C24 kalibreret tr\u00e6<\/p>\n<\/li>\n<li data-start=\"1408\" data-end=\"1440\">\n<p data-start=\"1410\" data-end=\"1440\"><strong data-start=\"1410\" data-end=\"1430\">Udvendig finish:<\/strong> Spruce wood<\/p>\n<\/li>\n<li data-start=\"1441\" data-end=\"1479\">\n<p data-start=\"1443\" data-end=\"1479\"><strong data-start=\"1443\" data-end=\"1460\">V\u00e6gisolering:<\/strong> Mineraluld 10 cm<\/p>\n<\/li>\n<li data-start=\"1480\" data-end=\"1530\">\n<p data-start=\"1482\" data-end=\"1530\"><strong data-start=\"1482\" data-end=\"1500\">Gulvisolering:<\/strong> Flamingo (polystyren) 15 cm<\/p>\n<\/li>\n<li data-start=\"1531\" data-end=\"1559\">\n<p data-start=\"1533\" data-end=\"1559\"><strong data-start=\"1533\" data-end=\"1551\">Loftisolering:<\/strong> 15 cm<\/p>\n<\/li>\n<li data-start=\"1560\" data-end=\"1612\">\n<p data-start=\"1562\" data-end=\"1612\"><strong data-start=\"1562\" data-end=\"1582\">Beskyttelseslag:<\/strong> Antivindfolie og dampsp\u00e6rre<\/p>\n<\/li>\n<li data-start=\"1613\" data-end=\"1664\">\n<p data-start=\"1615\" data-end=\"1664\"><strong data-start=\"1615\" data-end=\"1638\">Udvendig belysning:<\/strong> 2 LED-lys ved indgangen<\/p>\n<\/li>\n<\/ul>","protected":false},"excerpt":{"rendered":"<p>Vi producerer saunaer efter dine \u00f8nsker, m\u00e5l og tegninger.<br data-start=\"161\" data-end=\"164\" \/>Prisen afh\u00e6nger af saunaens st\u00f8rrelse og udstyr.<br data-start=\"214\" data-end=\"217\" data-is-only-node=\"\" \/>Du er altid velkommen til at kontakte os \u2013 vi hj\u00e6lper dig gerne med at realisere dine projekter.<\/p>","protected":false},"featured_media":11775,"template":"","meta":{"_acf_changed":false,"om_disable_all_campaigns":false,"_monsterinsights_skip_tracking":false,"_monsterinsights_sitenote_active":false,"_monsterinsights_sitenote_note":"","_monsterinsights_sitenote_category":0},"product_brand":[],"product_cat":[164,161,160,25,163],"product_tag":[],"class_list":{"0":"post-11773","1":"product","2":"type-product","3":"status-publish","4":"has-post-thumbnail","6":"product_cat-isoleret-sauna","7":"product_cat-nedsatte-produkter","8":"product_cat-nye-ankomster","9":"product_cat-sauna","10":"product_cat-tiny-hus","12":"first","13":"instock","14":"sale","15":"taxable","16":"shipping-taxable","17":"purchasable","18":"product-type-simple"},"acf":[],"aioseo_notices":[],"_links":{"self":[{"href":"https:\/\/jsoasis.dk\/en\/wp-json\/wp\/v2\/product\/11773","targetHints":{"allow":["GET"]}}],"collection":[{"href":"https:\/\/jsoasis.dk\/en\/wp-json\/wp\/v2\/product"}],"about":[{"href":"https:\/\/jsoasis.dk\/en\/wp-json\/wp\/v2\/types\/product"}],"wp:featuredmedia":[{"embeddable":true,"href":"https:\/\/jsoasis.dk\/en\/wp-json\/wp\/v2\/media\/11775"}],"wp:attachment":[{"href":"https:\/\/jsoasis.dk\/en\/wp-json\/wp\/v2\/media?parent=11773"}],"wp:term":[{"taxonomy":"product_brand","embeddable":true,"href":"https:\/\/jsoasis.dk\/en\/wp-json\/wp\/v2\/product_brand?post=11773"},{"taxonomy":"product_cat","embeddable":true,"href":"https:\/\/jsoasis.dk\/en\/wp-json\/wp\/v2\/product_cat?post=11773"},{"taxonomy":"product_tag","embeddable":true,"href":"https:\/\/jsoasis.dk\/en\/wp-json\/wp\/v2\/product_tag?post=11773"}],"curies":[{"name":"wp","href":"https:\/\/api.w.org\/{rel}","templated":true}]}}