{"id":11785,"date":"2025-09-08T12:06:43","date_gmt":"2025-09-08T11:06:43","guid":{"rendered":"https:\/\/jsoasis.dk\/?post_type=product&#038;p=11785"},"modified":"2025-09-08T12:09:59","modified_gmt":"2025-09-08T11:09:59","slug":"fuld-isoleret-firkante-sauna-250x250x250-med-10-8-kw-wifi-ovn","status":"publish","type":"product","link":"https:\/\/jsoasis.dk\/en\/produkt\/fuld-isoleret-firkante-sauna-250x250x250-med-10-8-kw-wifi-ovn\/","title":{"rendered":"Fuld isoleret firkante sauna 250x250x250 med 10.8 kw wifi ovn"},"content":{"rendered":"<ul data-start=\"211\" data-end=\"392\">\n<li data-start=\"211\" data-end=\"265\">\n<p data-start=\"213\" data-end=\"265\"><strong data-start=\"213\" data-end=\"229\">Dimensions:<\/strong> L 2500 mm \u00d7 B 2500 mm \u00d7 H 2500 mm<\/p>\n<\/li>\n<li data-start=\"266\" data-end=\"291\">\n<p data-start=\"268\" data-end=\"291\"><strong data-start=\"268\" data-end=\"277\">Weight:<\/strong> ca. 1200 kg<\/p>\n<\/li>\n<li data-start=\"292\" data-end=\"325\">\n<p data-start=\"294\" data-end=\"325\"><strong data-start=\"294\" data-end=\"304\">Ramme:<\/strong> C24 kalibreret tr\u00e6<\/p>\n<\/li>\n<li data-start=\"326\" data-end=\"358\">\n<p data-start=\"328\" data-end=\"358\"><strong data-start=\"328\" data-end=\"348\">Udvendig finish:<\/strong> Spruce wood<\/p>\n<\/li>\n<li data-start=\"359\" data-end=\"392\">\n<p data-start=\"361\" data-end=\"392\"><strong data-start=\"361\" data-end=\"382\">Indvendig finish:<\/strong> Spruce wood<\/p>\n<\/li>\n<\/ul>\n<hr data-start=\"394\" data-end=\"397\" \/>\n<h2 data-start=\"399\" data-end=\"428\"><strong data-start=\"402\" data-end=\"426\">Indretning og udstyr<\/strong><\/h2>\n<ul data-start=\"429\" data-end=\"918\">\n<li data-start=\"429\" data-end=\"476\">\n<p data-start=\"431\" data-end=\"476\"><strong data-start=\"431\" data-end=\"441\">B\u00e6nke:<\/strong> Aspentr\u00e6 med rygl\u00e6n over b\u00e6nkene<\/p>\n<\/li>\n<li data-start=\"477\" data-end=\"547\">\n<p data-start=\"479\" data-end=\"547\"><strong data-start=\"479\" data-end=\"492\">Saunaovn:<\/strong> Harvia Legend 10,8 kW med Wi-Fi display og saunasten<\/p>\n<\/li>\n<li data-start=\"548\" data-end=\"604\">\n<p data-start=\"550\" data-end=\"604\"><strong data-start=\"550\" data-end=\"559\">Glas:<\/strong> 8 mm tonet, h\u00e6rdet glas (sikkerhedsklasse)<\/p>\n<\/li>\n<li data-start=\"605\" data-end=\"677\">\n<p data-start=\"607\" data-end=\"677\"><strong data-start=\"607\" data-end=\"626\">Panoramavindue:<\/strong> Fuldt glasparti i frontv\u00e6ggen (sikkerhedsklasse)<\/p>\n<\/li>\n<li data-start=\"678\" data-end=\"725\">\n<p data-start=\"680\" data-end=\"725\"><strong data-start=\"680\" data-end=\"692\">Glasd\u00f8r:<\/strong> Sikkerhedsglas (h\u00e6rdet, tonet)<\/p>\n<\/li>\n<li data-start=\"726\" data-end=\"786\">\n<p data-start=\"728\" data-end=\"786\"><strong data-start=\"728\" data-end=\"750\">Interi\u00f8rbelysning:<\/strong> LED under b\u00e6nkene og bag rygl\u00e6net<\/p>\n<\/li>\n<li data-start=\"787\" data-end=\"838\">\n<p data-start=\"789\" data-end=\"838\"><strong data-start=\"789\" data-end=\"812\">Udvendig belysning:<\/strong> 2 LED-lys ved indgangen<\/p>\n<\/li>\n<li data-start=\"839\" data-end=\"869\">\n<p data-start=\"841\" data-end=\"869\"><strong data-start=\"841\" data-end=\"857\">Ventilation:<\/strong> 3 punkter<\/p>\n<\/li>\n<li data-start=\"870\" data-end=\"918\">\n<p data-start=\"872\" data-end=\"918\"><strong data-start=\"872\" data-end=\"891\">El-tilslutning:<\/strong> C20, 3-faset tilslutning<\/p>\n<\/li>\n<\/ul>\n<hr data-start=\"920\" data-end=\"923\" \/>\n<h2 data-start=\"925\" data-end=\"960\"><strong data-start=\"928\" data-end=\"958\">Konstruktion og materialer<\/strong><\/h2>\n<ul data-start=\"961\" data-end=\"1182\">\n<li data-start=\"961\" data-end=\"1031\">\n<p data-start=\"963\" data-end=\"1031\"><strong data-start=\"963\" data-end=\"972\">Gulv:<\/strong> Termisk behandlede terrassebr\u00e6dder, med vandafl\u00f8bssystem<\/p>\n<\/li>\n<li data-start=\"1032\" data-end=\"1051\">\n<p data-start=\"1034\" data-end=\"1051\"><strong data-start=\"1034\" data-end=\"1042\">Tag:<\/strong> Tagpap<\/p>\n<\/li>\n<li data-start=\"1052\" data-end=\"1131\">\n<p data-start=\"1054\" data-end=\"1131\"><strong data-start=\"1054\" data-end=\"1080\">V\u00e6g- og loftisolering:<\/strong> Mineraluld 10 cm med antivindfolie og dampsp\u00e6rre<\/p>\n<\/li>\n<li data-start=\"1132\" data-end=\"1182\">\n<p data-start=\"1134\" data-end=\"1182\"><strong data-start=\"1134\" data-end=\"1152\">Gulvisolering:<\/strong> Flamingo (polystyren) 10 cm<\/p>\n<\/li>\n<\/ul>\n<p>Termotr\u00e6 udvendig og aspentr\u00e6 indvendig + 10.000,-<\/p>","protected":false},"excerpt":{"rendered":"<p>Dimensioner: L 2500 mm \u00d7 B 2500 mm \u00d7 H 2500 mm V\u00e6gt: ca. 1200 kg Ramme: C24 kalibreret tr\u00e6 Udvendig finish: Grantr\u00e6 Indvendig finish: Grantr\u00e6 Indretning og udstyr B\u00e6nke: Aspentr\u00e6 med rygl\u00e6n over b\u00e6nkene Saunaovn: Harvia Legend 10,8 kW med Wi-Fi display og saunasten Glas: 8 mm tonet, h\u00e6rdet glas (sikkerhedsklasse) Panoramavindue: Fuldt glasparti [&hellip;]<\/p>","protected":false},"featured_media":11787,"template":"","meta":{"_acf_changed":false,"om_disable_all_campaigns":false,"_monsterinsights_skip_tracking":false,"_monsterinsights_sitenote_active":false,"_monsterinsights_sitenote_note":"","_monsterinsights_sitenote_category":0},"product_brand":[],"product_cat":[159,164,161,160,25],"product_tag":[],"class_list":{"0":"post-11785","1":"product","2":"type-product","3":"status-publish","4":"has-post-thumbnail","6":"product_cat-bedst-saelger","7":"product_cat-isoleret-sauna","8":"product_cat-nedsatte-produkter","9":"product_cat-nye-ankomster","10":"product_cat-sauna","12":"first","13":"instock","14":"sale","15":"taxable","16":"shipping-taxable","17":"purchasable","18":"product-type-simple"},"acf":[],"aioseo_notices":[],"_links":{"self":[{"href":"https:\/\/jsoasis.dk\/en\/wp-json\/wp\/v2\/product\/11785","targetHints":{"allow":["GET"]}}],"collection":[{"href":"https:\/\/jsoasis.dk\/en\/wp-json\/wp\/v2\/product"}],"about":[{"href":"https:\/\/jsoasis.dk\/en\/wp-json\/wp\/v2\/types\/product"}],"wp:featuredmedia":[{"embeddable":true,"href":"https:\/\/jsoasis.dk\/en\/wp-json\/wp\/v2\/media\/11787"}],"wp:attachment":[{"href":"https:\/\/jsoasis.dk\/en\/wp-json\/wp\/v2\/media?parent=11785"}],"wp:term":[{"taxonomy":"product_brand","embeddable":true,"href":"https:\/\/jsoasis.dk\/en\/wp-json\/wp\/v2\/product_brand?post=11785"},{"taxonomy":"product_cat","embeddable":true,"href":"https:\/\/jsoasis.dk\/en\/wp-json\/wp\/v2\/product_cat?post=11785"},{"taxonomy":"product_tag","embeddable":true,"href":"https:\/\/jsoasis.dk\/en\/wp-json\/wp\/v2\/product_tag?post=11785"}],"curies":[{"name":"wp","href":"https:\/\/api.w.org\/{rel}","templated":true}]}}