{"id":11890,"date":"2025-11-28T10:37:19","date_gmt":"2025-11-28T09:37:19","guid":{"rendered":"https:\/\/jsoasis.dk\/?post_type=product&#038;p=11890"},"modified":"2026-01-26T19:49:17","modified_gmt":"2026-01-26T18:49:17","slug":"premium-klass-sauna-med-brus-i-hoejrevendt","status":"publish","type":"product","link":"https:\/\/jsoasis.dk\/en\/produkt\/premium-klass-sauna-med-brus-i-hoejrevendt\/","title":{"rendered":"Premium klass Sauna med brus i h\u00f8jrevendt"},"content":{"rendered":"<p>Udvendige m\u00e5l: Bredde 3300 mm \u00d7 Dybde 2500 mm \u00d7 H\u00f8jde 2500 mm<br \/>\nLayout: Entr\u00e9 og bruser placeret i h\u00f8jre side<br \/>\nPanoramavindue: Stort glasparti i frontv\u00e6ggen<br \/>\nEkstra vindue: 400 \u00d7 1800 mm i v\u00e6ggen bag ovnen<br \/>\nD\u00f8r: Tr\u00e6d\u00f8r med l\u00e5s, st\u00f8rrelse 690 \u00d7 1900 mm<br \/>\nTerrasse: Lille terrasse foran, 200 mm<br \/>\nBruseindgang: 800 mm bred<br \/>\nPlads til vandkoger: Dybde 400 mm<br \/>\nBrusegulv: Med vandafl\u00f8b<br \/>\nIsolering: V\u00e6gge, gulv og tag isoleret med stenuld (15 cm) + fugtsp\u00e6rrefolie (kun inde i sauna, ikke under bruser og entr\u00e9gulve)<br \/>\nTag: H\u00e6ldning 5 cm, tagpaprulle som tagd\u00e6kning<br \/>\nVandinstallationer: Tilslutning til brusevand (start\/stop) + vandafl\u00f8b i saunaen<br \/>\nVentilation: Punkter i saunaen for optimal luftcirkulation<br \/>\nUdvendig finish: Granpaneler (100 mm brede)<br \/>\nIndvendig finish: Termoasp<br \/>\nB\u00e6nke: Asp, ensfarvet termoasp<br \/>\nGulv: Impr\u00e6gneret terrassebord<br \/>\nOvn: Harvia Legend 10,8 kW med sten og Wi-Fi controller<br \/>\nBelysning: LED-lys under b\u00e6nkene + LED bag rygl\u00e6n p\u00e5 bagv\u00e6ggen + spots ved indgangen<br \/>\nRygl\u00e6n: Monteret p\u00e5 bagv\u00e6ggen med LED-belysning bagved<\/p>\n<p>&nbsp;<\/p>\n<p>Prisen er kun gyldig indtil nyt\u00e5r<\/p>","protected":false},"excerpt":{"rendered":"<p>Vi kan producere efter dine tegninger.!<\/p>","protected":false},"featured_media":11892,"template":"","meta":{"_acf_changed":false,"om_disable_all_campaigns":false,"_monsterinsights_skip_tracking":false,"_monsterinsights_sitenote_active":false,"_monsterinsights_sitenote_note":"","_monsterinsights_sitenote_category":0},"product_brand":[],"product_cat":[164,161,160,25],"product_tag":[],"class_list":{"0":"post-11890","1":"product","2":"type-product","3":"status-publish","4":"has-post-thumbnail","6":"product_cat-isoleret-sauna","7":"product_cat-nedsatte-produkter","8":"product_cat-nye-ankomster","9":"product_cat-sauna","11":"first","12":"instock","13":"sale","14":"taxable","15":"shipping-taxable","16":"purchasable","17":"product-type-simple"},"acf":[],"aioseo_notices":[],"_links":{"self":[{"href":"https:\/\/jsoasis.dk\/en\/wp-json\/wp\/v2\/product\/11890","targetHints":{"allow":["GET"]}}],"collection":[{"href":"https:\/\/jsoasis.dk\/en\/wp-json\/wp\/v2\/product"}],"about":[{"href":"https:\/\/jsoasis.dk\/en\/wp-json\/wp\/v2\/types\/product"}],"wp:featuredmedia":[{"embeddable":true,"href":"https:\/\/jsoasis.dk\/en\/wp-json\/wp\/v2\/media\/11892"}],"wp:attachment":[{"href":"https:\/\/jsoasis.dk\/en\/wp-json\/wp\/v2\/media?parent=11890"}],"wp:term":[{"taxonomy":"product_brand","embeddable":true,"href":"https:\/\/jsoasis.dk\/en\/wp-json\/wp\/v2\/product_brand?post=11890"},{"taxonomy":"product_cat","embeddable":true,"href":"https:\/\/jsoasis.dk\/en\/wp-json\/wp\/v2\/product_cat?post=11890"},{"taxonomy":"product_tag","embeddable":true,"href":"https:\/\/jsoasis.dk\/en\/wp-json\/wp\/v2\/product_tag?post=11890"}],"curies":[{"name":"wp","href":"https:\/\/api.w.org\/{rel}","templated":true}]}}