{"id":19414,"date":"2026-01-26T19:42:36","date_gmt":"2026-01-26T18:42:36","guid":{"rendered":"https:\/\/jsoasis.dk\/?post_type=product&#038;p=19414"},"modified":"2026-01-26T19:42:37","modified_gmt":"2026-01-26T18:42:37","slug":"luksus-firkante-sauna-med-himalayasalt","status":"publish","type":"product","link":"https:\/\/jsoasis.dk\/en\/produkt\/luksus-firkante-sauna-med-himalayasalt\/","title":{"rendered":"Luksus Firkante sauna med Himalayasalt"},"content":{"rendered":"<p>Beskrivelse!<\/p>\n<p>St\u00f8rrelse: H250 L250 B250cm<br \/>\nVejer 1200kg<br \/>\nD\u00f8r venstre eller h\u00f8jre side.<br \/>\nPanoramavindue i forv\u00e6ggen<br \/>\nAluminiumsramme med termoglas<br \/>\nFarve T4 brun termowood du kan v\u00e6lge enhver farve<br \/>\nB\u00e6nke i saunaen som L-form 2 niveau<br \/>\nB\u00e6nke og v\u00e6gge olieret.<br \/>\nOvn HUUM HIVE 10,8 med wifi. \/\/ Med sikkerhedsgel\u00e6ndere<br \/>\nHarvia Sorte fliser bagv\u00e6g ved ovn<br \/>\nHimmalyan rocks 2 v\u00e6gge med LED p\u00e5 bagv\u00e6ggen<br \/>\nV\u00e6gge, tag og gulv med isolering og fugtsp\u00e6rrer 10 cm<br \/>\nVandafl\u00f8b i sauna 1 enhed midt p\u00e5 gulvet<br \/>\n2 Ventilationspunkter i sauna<br \/>\nIndvendig finish i v\u00e6gge er termoaspen<br \/>\nB\u00e6nke lavet i aspen fuldt lukket mellem b\u00e6nke<br \/>\nGulv med impr\u00e6gneret terrassebord<br \/>\nBluetooth h\u00f8jtalere 2 stk.<br \/>\nLed lys underb\u00e6nkene<br \/>\n2 stk Lys spots ved indgang<br \/>\nStikkontakt, tilslutning bagerst i sauna med sikringsskab<br \/>\nC20 kraftstik 400v<\/p>\n<ul>\n<li data-start=\"929\" data-end=\"979\">\n<p data-start=\"931\" data-end=\"979\"><strong data-start=\"931\" data-end=\"944\">Levering:<\/strong> <strong data-start=\"945\" data-end=\"977\">Gratis levering til adressen<\/strong><\/p>\n<\/li>\n<li data-start=\"980\" data-end=\"1068\">\n<p data-start=\"982\" data-end=\"1068\"><strong data-start=\"982\" data-end=\"1005\">Kranarbejde \/ l\u00f8ft:<\/strong> Ikke inkluderet \u2013 k\u00f8ber st\u00e5r selv for kran\/l\u00f8ft og placering<\/p>\n<\/li>\n<li data-start=\"980\" data-end=\"1068\"><strong>Eller vi kan levere i din lokal kran firma\u00a0\u00a0<\/strong><\/li>\n<\/ul>\n<p>Vi kan producere sauna efter din st\u00f8rrelse, farve eller dr\u00f8m. Vi producerer selv og leverer den bedste kvalitet og komfort til vores kunder.<\/p>","protected":false},"excerpt":{"rendered":"<h3 data-start=\"136\" data-end=\"181\"><strong data-start=\"140\" data-end=\"181\">5 fordele ved Himalaya-salt i saunaen<\/strong><\/h3>\n<ol data-start=\"183\" data-end=\"983\">\n<li data-start=\"183\" data-end=\"368\">\n<p data-start=\"186\" data-end=\"368\"><strong data-start=\"186\" data-end=\"214\">Forbedrer vejrtr\u00e6kningen<\/strong><br data-start=\"214\" data-end=\"217\" \/>N\u00e5r Himalaya-salt opvarmes, skaber det et mildt og naturligt mikroklima, som kan hj\u00e6lpe med at rense luftvejene og give en mere behagelig vejrtr\u00e6kning.<\/p>\n<\/li>\n<li data-start=\"370\" data-end=\"529\">\n<p data-start=\"373\" data-end=\"529\"><strong data-start=\"373\" data-end=\"412\">Reducerer stress og \u00f8ger afslapning<\/strong><br data-start=\"412\" data-end=\"415\" \/>Den varme gl\u00f8d fra saltkrystallerne har en beroligende effekt p\u00e5 kroppen og sindet og bidrager til dyb afslapning.<\/p>\n<\/li>\n<li data-start=\"531\" data-end=\"683\">\n<p data-start=\"534\" data-end=\"683\"><strong data-start=\"534\" data-end=\"561\">Renser luften naturligt<\/strong><br data-start=\"561\" data-end=\"564\" \/>Himalaya-salt har naturlige antibakterielle egenskaber og kan bidrage til at reducere bakterier og allergener i luften.<\/p>\n<\/li>\n<li data-start=\"685\" data-end=\"835\">\n<p data-start=\"688\" data-end=\"835\"><strong data-start=\"688\" data-end=\"725\">Eksklusivt design og spa-stemning<\/strong><br data-start=\"725\" data-end=\"728\" \/>Saltv\u00e6gge giver saunaen et luksuri\u00f8st og unikt udtryk og forvandler den til et \u00e6gte wellness- og spaomr\u00e5de.<\/p>\n<\/li>\n<li data-start=\"837\" data-end=\"983\">\n<p data-start=\"840\" data-end=\"983\"><strong data-start=\"840\" data-end=\"861\">Gavnlig for huden<\/strong><br data-start=\"861\" data-end=\"864\" \/>De naturlige mineraler i Himalaya-salt kan underst\u00f8tte hudens balance og efterlade huden bl\u00f8d og frisk efter saunabrug.<\/p>\n<\/li>\n<\/ol>","protected":false},"featured_media":19419,"template":"","meta":{"_acf_changed":false,"om_disable_all_campaigns":false,"_monsterinsights_skip_tracking":false,"_monsterinsights_sitenote_active":false,"_monsterinsights_sitenote_note":"","_monsterinsights_sitenote_category":0},"product_brand":[],"product_cat":[164,161,160,25],"product_tag":[],"class_list":{"0":"post-19414","1":"product","2":"type-product","3":"status-publish","4":"has-post-thumbnail","6":"product_cat-isoleret-sauna","7":"product_cat-nedsatte-produkter","8":"product_cat-nye-ankomster","9":"product_cat-sauna","11":"first","12":"instock","13":"sale","14":"sold-individually","15":"taxable","16":"shipping-taxable","17":"purchasable","18":"product-type-simple"},"acf":[],"aioseo_notices":[],"_links":{"self":[{"href":"https:\/\/jsoasis.dk\/en\/wp-json\/wp\/v2\/product\/19414","targetHints":{"allow":["GET"]}}],"collection":[{"href":"https:\/\/jsoasis.dk\/en\/wp-json\/wp\/v2\/product"}],"about":[{"href":"https:\/\/jsoasis.dk\/en\/wp-json\/wp\/v2\/types\/product"}],"wp:featuredmedia":[{"embeddable":true,"href":"https:\/\/jsoasis.dk\/en\/wp-json\/wp\/v2\/media\/19419"}],"wp:attachment":[{"href":"https:\/\/jsoasis.dk\/en\/wp-json\/wp\/v2\/media?parent=19414"}],"wp:term":[{"taxonomy":"product_brand","embeddable":true,"href":"https:\/\/jsoasis.dk\/en\/wp-json\/wp\/v2\/product_brand?post=19414"},{"taxonomy":"product_cat","embeddable":true,"href":"https:\/\/jsoasis.dk\/en\/wp-json\/wp\/v2\/product_cat?post=19414"},{"taxonomy":"product_tag","embeddable":true,"href":"https:\/\/jsoasis.dk\/en\/wp-json\/wp\/v2\/product_tag?post=19414"}],"curies":[{"name":"wp","href":"https:\/\/api.w.org\/{rel}","templated":true}]}}