{"id":19577,"date":"2026-01-27T11:44:51","date_gmt":"2026-01-27T10:44:51","guid":{"rendered":"https:\/\/jsoasis.dk\/?post_type=product&#038;p=19577"},"modified":"2026-01-27T11:44:52","modified_gmt":"2026-01-27T10:44:52","slug":"deluxe-afrundet-firkantet-akryl-indsats-vildmarksbad-med-316-ovn-3-kw-el-varme","status":"publish","type":"product","link":"https:\/\/jsoasis.dk\/en\/produkt\/deluxe-afrundet-firkantet-akryl-indsats-vildmarksbad-med-316-ovn-3-kw-el-varme\/","title":{"rendered":"Deluxe afrundet firkantet akryl indsats vildmarksbad med 316 ovn + 3 kw EL varme"},"content":{"rendered":"<ul>\n<li data-start=\"41\" data-end=\"68\">\n<p data-start=\"43\" data-end=\"68\">Kapacitet: 6\u20137 personer<\/p>\n<\/li>\n<li data-start=\"69\" data-end=\"87\">\n<p data-start=\"71\" data-end=\"87\">Indsats: Akryl mat gr\u00e5 farve<\/p>\n<\/li>\n<li data-start=\"88\" data-end=\"130\">\n<p data-start=\"90\" data-end=\"130\">Br\u00e6ndeovn: 316 rustfrit st\u00e5l br\u00e6ndeovn med beskytellse<\/p>\n<\/li>\n<li data-start=\"131\" data-end=\"171\">\n<p data-start=\"133\" data-end=\"171\">Skorsten: Rustfrit st\u00e5l skorstenss\u00e6t<\/p>\n<\/li>\n<li data-start=\"172\" data-end=\"231\">\n<p data-start=\"174\" data-end=\"231\">Ekstra opvarmning: Elektrisk varmelegeme 3 kW<\/p>\n<\/li>\n<li data-start=\"232\" data-end=\"253\">\n<p data-start=\"234\" data-end=\"253\">Vanddyser: 8 stk.<\/p>\n<\/li>\n<li data-start=\"254\" data-end=\"276\">\n<p data-start=\"256\" data-end=\"276\">Luftdyser: 12 stk.<\/p>\n<\/li>\n<li data-start=\"277\" data-end=\"306\">\n<p data-start=\"279\" data-end=\"306\">Belysning: 2 stk. LED-lys<\/p>\n<\/li>\n<li data-start=\"307\" data-end=\"349\">\n<p data-start=\"309\" data-end=\"349\">Filtrering: Sandfiltersystem med afl\u00f8b<\/p>\n<\/li>\n<li data-start=\"350\" data-end=\"407\">\n<p data-start=\"352\" data-end=\"407\">Udvendig bekl\u00e6dning: Termotr\u00e6 med smalle sorte lister<\/p>\n<\/li>\n<li data-start=\"408\" data-end=\"430\">\n<p data-start=\"410\" data-end=\"430\">L\u00e5g: Sort termol\u00e5g<\/p>\n<\/li>\n<li data-start=\"431\" data-end=\"460\">\n<p data-start=\"433\" data-end=\"460\">Trappe: Trappe i termotr\u00e6<\/p>\n<\/li>\n<li data-start=\"461\" data-end=\"509\">\n<p data-start=\"463\" data-end=\"509\">Opvarmningstid: ca. 3\u20133,5 timer til 37\u201338 \u00b0C<\/p>\n<\/li>\n<li data-start=\"510\" data-end=\"530\">\n<p data-start=\"512\" data-end=\"530\">V\u00e6gt: ca. 260 kg<\/p>\n<\/li>\n<li data-start=\"531\" data-end=\"560\">\n<p data-start=\"533\" data-end=\"560\">Levering: Gratis levering<\/p>\n<\/li>\n<li data-start=\"561\" data-end=\"589\" data-is-last-node=\"\">\n<p data-start=\"563\" data-end=\"589\" data-is-last-node=\"\"><strong data-start=\"563\" data-end=\"589\" data-is-last-node=\"\">Leveringstid: 4\u20135 uger<\/strong><\/p>\n<\/li>\n<\/ul>\n<p>Vi kan lave efter din \u00f8snker flere info via mail!<\/p>","protected":false},"excerpt":{"rendered":"<ul>\n<li data-start=\"36\" data-end=\"73\">\n<p data-start=\"38\" data-end=\"73\">Rummelig \u2013 plads til 6\u20137 personer<\/p>\n<\/li>\n<li data-start=\"74\" data-end=\"130\">\n<p data-start=\"76\" data-end=\"130\">Akrylindsats \u2013 nem at reng\u00f8re, hygiejnisk og holdbar<\/p>\n<\/li>\n<li data-start=\"131\" data-end=\"204\">\n<p data-start=\"133\" data-end=\"204\">316 rustfrit st\u00e5l br\u00e6ndeovn \u2013 hurtig og effektiv opvarmning af vandet<\/p>\n<\/li>\n<li data-start=\"205\" data-end=\"301\">\n<p data-start=\"207\" data-end=\"301\">Elektrisk varmelegeme \u2013 holder vandet varmt i l\u00e6ngere tid og forhindrer frysning om vinteren<\/p>\n<\/li>\n<li data-start=\"302\" data-end=\"364\">\n<p data-start=\"304\" data-end=\"364\">Massagesystem \u2013 vand- og luftdyser for maksimal afslapning<\/p>\n<\/li>\n<li data-start=\"365\" data-end=\"429\">\n<p data-start=\"367\" data-end=\"429\">LED-belysning \u2013 skaber en hyggelig stemning i de m\u00f8rke timer<\/p>\n<\/li>\n<li data-start=\"430\" data-end=\"488\">\n<p data-start=\"432\" data-end=\"488\">Sandfiltersystem \u2013 rent vand og mindre vedligeholdelse<\/p>\n<\/li>\n<li data-start=\"489\" data-end=\"552\">\n<p data-start=\"491\" data-end=\"552\">Udvendig bekl\u00e6dning i termotr\u00e6 \u2013 modstandsdygtig og stilren<\/p>\n<\/li>\n<li data-start=\"553\" data-end=\"608\">\n<p data-start=\"555\" data-end=\"608\">Termol\u00e5g \u2013 bedre varmeisolering og energibesparelse<\/p>\n<\/li>\n<li data-start=\"609\" data-end=\"639\" data-is-last-node=\"\">\n<p data-start=\"611\" data-end=\"639\" data-is-last-node=\"\">Velegnet til brug \u00e5ret rundt<\/p>\n<\/li>\n<\/ul>","protected":false},"featured_media":19584,"template":"","meta":{"_acf_changed":false,"om_disable_all_campaigns":false,"_monsterinsights_skip_tracking":false,"_monsterinsights_sitenote_active":false,"_monsterinsights_sitenote_note":"","_monsterinsights_sitenote_category":0},"product_brand":[],"product_cat":[159,152,161,160,24],"product_tag":[],"class_list":{"0":"post-19577","1":"product","2":"type-product","3":"status-publish","4":"has-post-thumbnail","6":"product_cat-bedst-saelger","7":"product_cat-hot-tub","8":"product_cat-nedsatte-produkter","9":"product_cat-nye-ankomster","10":"product_cat-vildmarksbad","12":"first","13":"instock","14":"sale","15":"taxable","16":"shipping-taxable","17":"purchasable","18":"product-type-simple"},"acf":[],"aioseo_notices":[],"_links":{"self":[{"href":"https:\/\/jsoasis.dk\/en\/wp-json\/wp\/v2\/product\/19577","targetHints":{"allow":["GET"]}}],"collection":[{"href":"https:\/\/jsoasis.dk\/en\/wp-json\/wp\/v2\/product"}],"about":[{"href":"https:\/\/jsoasis.dk\/en\/wp-json\/wp\/v2\/types\/product"}],"wp:featuredmedia":[{"embeddable":true,"href":"https:\/\/jsoasis.dk\/en\/wp-json\/wp\/v2\/media\/19584"}],"wp:attachment":[{"href":"https:\/\/jsoasis.dk\/en\/wp-json\/wp\/v2\/media?parent=19577"}],"wp:term":[{"taxonomy":"product_brand","embeddable":true,"href":"https:\/\/jsoasis.dk\/en\/wp-json\/wp\/v2\/product_brand?post=19577"},{"taxonomy":"product_cat","embeddable":true,"href":"https:\/\/jsoasis.dk\/en\/wp-json\/wp\/v2\/product_cat?post=19577"},{"taxonomy":"product_tag","embeddable":true,"href":"https:\/\/jsoasis.dk\/en\/wp-json\/wp\/v2\/product_tag?post=19577"}],"curies":[{"name":"wp","href":"https:\/\/api.w.org\/{rel}","templated":true}]}}