{"id":21123,"date":"2026-02-05T13:26:13","date_gmt":"2026-02-05T12:26:13","guid":{"rendered":"https:\/\/jsoasis.dk\/?post_type=product&#038;p=21123"},"modified":"2026-02-05T13:26:14","modified_gmt":"2026-02-05T12:26:14","slug":"saunagus-sauna-premium-klass-320cm-x-600-cm-op-til-25-personer","status":"publish","type":"product","link":"https:\/\/jsoasis.dk\/en\/produkt\/saunagus-sauna-premium-klass-320cm-x-600-cm-op-til-25-personer\/","title":{"rendered":"Saunagus  Sauna Premium klass 320cm x 600 cm op til 25 personer"},"content":{"rendered":"<ul>\n<li>Dimensioner udvendig L6000mm \u00d7 B3200mm \u00d7 H2600mm<br \/>\nIndvendig L5450mm x B2800mm x H2300mm<br \/>\nV\u00e6gt 3000-3500 kg<br \/>\nFrame C24 calibrated wood<br \/>\nUdvendig finish termotr\u00e6 termisk varmebehandlet<br \/>\nIndvendig finish Aspentr\u00e6<br \/>\nB\u00e6nke materiale aspentr\u00e6<br \/>\nRygl\u00e6n over b\u00e6nke med LED lys<br \/>\nHarvia Pro klub 33kw<br \/>\nMed styreenhed C400VKK<br \/>\nTermoglas 3 lags\u00a0 med aliuminium ramme 200x200cm 2 stk<br \/>\nInteri\u00f8rbelysning LED-belysning uder b\u00e6nke og bag rygl\u00e6net<br \/>\n2 almindelige v\u00e6glamper<br \/>\nTermoglass 3 lags\u00a0 d\u00f8re med aliuminium ramme og l\u00e5s<br \/>\nGulvbel\u00e6gning Termiske terrassebr\u00e6dder (termotr\u00e6)<br \/>\nTag materiale Tagpap med skr\u00e5ning l\u00f8ber ud vand<br \/>\nV\u00e6g og loft Isolering Mineraluld 15cm antivindfolie og d\u00e6mningssp\u00e6rfolie<br \/>\nGulvisolering flamingo 20 cm med vandafl\u00f8bssystem<br \/>\nVandudtag i gulv 3 stk<br \/>\nFull panoramic view in the front wall;<br \/>\n4 stk ventilationssteder<br \/>\nC64 3-faset tilslutning til el-kabel<br \/>\n1 stk udvendig ved d\u00f8r<br \/>\n2 stk LED Lys udenfor ved indgang og 2 stk p\u00e5 bagv\u00e6g<br \/>\nSauna sten 150 kg inkl i pris<\/li>\n<\/ul>\n<p>Sauna pris er\u00a0 175.000 + moms\u00a0 ( klar til brug)<\/p>\n<p>Transport fra vores fabrikken direkt til din adressen ca\u00a0 pris\u00a0 fra 25.000 + moms<\/p>\n<p>Vi producerer saunaen i den \u00f8nskede st\u00f8rrelse, farve og design \u2013 efter jeres tegninger eller individuelle \u00f8nsker.<\/p>\n<p>Leveringstid\u00a0 10-15 uger<\/p>","protected":false},"excerpt":{"rendered":"<p data-start=\"0\" data-end=\"33\"><strong data-start=\"0\" data-end=\"33\">5 korte fordele ved saunagus:<\/strong><\/p>\n<p data-start=\"35\" data-end=\"394\" data-is-last-node=\"\" data-is-only-node=\"\">\u2022 <strong data-start=\"37\" data-end=\"57\">Reducerer stress<\/strong> \u2013 afslapper krop og sind dybt<br data-start=\"87\" data-end=\"90\" \/>\u2022 <strong data-start=\"92\" data-end=\"123\">Forbedrer blodcirkulationen<\/strong> \u2013 st\u00f8tter hjertesundhed og blodgennemstr\u00f8mning<br data-start=\"170\" data-end=\"173\" \/>\u2022 <strong data-start=\"175\" data-end=\"194\">\u00d8ger udrensning<\/strong> \u2013 fremmer dyb sved og renser huden<br data-start=\"229\" data-end=\"232\" \/>\u2022 <strong data-start=\"234\" data-end=\"260\">St\u00f8tter vejrtr\u00e6kningen<\/strong> \u2013 \u00e6teriske olier hj\u00e6lper med at \u00e5bne luftvejene<br data-start=\"308\" data-end=\"311\" \/>\u2022 <strong data-start=\"313\" data-end=\"341\">God tid og kommunikation<\/strong> \u2013 en forn\u00f8jelig oplevelse med god social interaktion<\/p>","protected":false},"featured_media":21126,"template":"","meta":{"_acf_changed":false,"om_disable_all_campaigns":false,"_monsterinsights_skip_tracking":false,"_monsterinsights_sitenote_active":false,"_monsterinsights_sitenote_note":"","_monsterinsights_sitenote_category":0},"product_brand":[],"product_cat":[164,161,160,25],"product_tag":[],"class_list":{"0":"post-21123","1":"product","2":"type-product","3":"status-publish","4":"has-post-thumbnail","6":"product_cat-isoleret-sauna","7":"product_cat-nedsatte-produkter","8":"product_cat-nye-ankomster","9":"product_cat-sauna","11":"first","12":"instock","13":"sale","14":"sold-individually","15":"taxable","16":"shipping-taxable","17":"purchasable","18":"product-type-simple"},"acf":[],"aioseo_notices":[],"_links":{"self":[{"href":"https:\/\/jsoasis.dk\/en\/wp-json\/wp\/v2\/product\/21123","targetHints":{"allow":["GET"]}}],"collection":[{"href":"https:\/\/jsoasis.dk\/en\/wp-json\/wp\/v2\/product"}],"about":[{"href":"https:\/\/jsoasis.dk\/en\/wp-json\/wp\/v2\/types\/product"}],"wp:featuredmedia":[{"embeddable":true,"href":"https:\/\/jsoasis.dk\/en\/wp-json\/wp\/v2\/media\/21126"}],"wp:attachment":[{"href":"https:\/\/jsoasis.dk\/en\/wp-json\/wp\/v2\/media?parent=21123"}],"wp:term":[{"taxonomy":"product_brand","embeddable":true,"href":"https:\/\/jsoasis.dk\/en\/wp-json\/wp\/v2\/product_brand?post=21123"},{"taxonomy":"product_cat","embeddable":true,"href":"https:\/\/jsoasis.dk\/en\/wp-json\/wp\/v2\/product_cat?post=21123"},{"taxonomy":"product_tag","embeddable":true,"href":"https:\/\/jsoasis.dk\/en\/wp-json\/wp\/v2\/product_tag?post=21123"}],"curies":[{"name":"wp","href":"https:\/\/api.w.org\/{rel}","templated":true}]}}