{"id":24103,"date":"2026-02-15T18:52:25","date_gmt":"2026-02-15T17:52:25","guid":{"rendered":"https:\/\/jsoasis.dk\/?post_type=product&#038;p=24103"},"modified":"2026-04-07T09:02:21","modified_gmt":"2026-04-07T08:02:21","slug":"saertilbud-sauna-600x255-med-20kw-ovn-til-15-20-personer","status":"publish","type":"product","link":"https:\/\/jsoasis.dk\/en\/produkt\/saertilbud-sauna-600x255-med-20kw-ovn-til-15-20-personer\/","title":{"rendered":"Eksklusivt tilbud p\u00e5 stor sauna! Sauna 600&#215;255 med 20kw ovn til 15-20 personer"},"content":{"rendered":"<p>Dimensioner L6000mm \u00d7 B2550mm \u00d7 H2500mm<br \/>\nV\u00e6gt 2200-2500 kg<br \/>\nRamme C24 kalibret tr\u00e4<br \/>\nUdvendig finish Grantr\u00e6 m\u00e5l frittvalg farve<br \/>\nIndvendig finish granttr\u00e6<br \/>\nB\u00e6nke materiale aspentr\u00e6<\/p>\n<p>Rygl\u00e6n over b\u00e6nke<br \/>\nHarvia Club pro 20 kw + wifi\u00a0 (90 grade inde 45 min)<br \/>\nController C &#8211; serie Pro<br \/>\nGlas 8 mm tonet h\u00e4rdet glas 180x180cm 1 stk<br \/>\nPanoramaglas 1 stk 180x120cm<br \/>\nInteri\u00f8rbelysning LED-belysning uder b\u00e6nke og bag rygl\u00e6net<br \/>\nGlasd\u00f8r (sikkerhedsklasse)<br \/>\nGulvbe\u00f8jning Termiske terrassebr\u00e6dder<br \/>\nTagmateriale Tagpap med gr\u00e5ning l\u00f8ber ud vand<br \/>\nV\u00e6g og loft Isolering Mineraluld 10cm antiwindfolie og d\u00e6mningssp\u00e6rfolie<br \/>\nGulvisolering flamingo 10 cm med vandaflobssystem<br \/>\nFuld panoramaudsigt foran v\u00e6gge;<br \/>\n(sikkerhedsklasse)<br \/>\n4 stk ventilationssteder<br \/>\nC32 3-facet forbindelse til el-kabel<br \/>\nLys udenfor ved indgangen<\/p>\n<p>Pris er 135.000 + moms<\/p>\n<p>Levering direkt fra fabrikken i hele Denmark\u00a0 8000 + moms<\/p>\n<p>Kran l\u00f8sning du finde og betale selv !<\/p>\n<p>&nbsp;<\/p>","protected":false},"excerpt":{"rendered":"<h2 data-start=\"100\" data-end=\"142\">Eksklusivt tilbud p\u00e5 stor sauna<\/h2>\n<h3 data-start=\"250\" data-end=\"299\">Fuld klar til brug \u2013 uden ekstra omkostninger<\/h3>\n<p data-start=\"301\" data-end=\"440\">Saunaen leveres og opstilles fuldt f\u00e6rdig \u2013 <strong data-start=\"345\" data-end=\"374\">klar til brug ved ankomst<\/strong>.<br data-start=\"375\" data-end=\"378\" \/>Ingen skjulte gebyrer. Ingen ekstra installationsomkostninger.<\/p>\n<p data-start=\"442\" data-end=\"478\">I kan tage den i brug med det samme.<\/p>\n<h3 data-start=\"480\" data-end=\"516\">Kraftfuld og effektiv opvarmning<\/h3>\n<p data-start=\"518\" data-end=\"590\">Saunaen udstyres med en <strong data-start=\"542\" data-end=\"583\"><span class=\"hover:entity-accent entity-underline inline cursor-pointer align-baseline\"><span class=\"whitespace-normal\">Harvia Club Pro 20 kW<\/span><\/span><\/strong> ovn.<\/p>\n<p data-start=\"592\" data-end=\"738\">Den kraftige 20 kW el-ovn opvarmer saunaen til <strong data-start=\"639\" data-end=\"665\">100\u00b0C p\u00e5 under \u00e9n time<\/strong>, selv ved st\u00f8rre volumen.<br data-start=\"691\" data-end=\"694\" \/>Ideel til kommerciel brug og intensiv drift.<\/p>\n<h3 data-start=\"740\" data-end=\"766\"><\/h3>\n<p data-start=\"768\" data-end=\"877\">\u00a0invester i en sauna af h\u00f8j kvalitet \u2013 perfekt til:<\/p>\n<ul data-start=\"879\" data-end=\"1011\">\n<li data-start=\"879\" data-end=\"931\">\n<p data-start=\"881\" data-end=\"931\">Opstart af nyt oplevelses- eller wellnesskoncept<\/p>\n<\/li>\n<li data-start=\"932\" data-end=\"972\">\n<p data-start=\"934\" data-end=\"972\">Udvidelse af eksisterende forretning<\/p>\n<\/li>\n<li data-start=\"973\" data-end=\"1011\">\n<p data-start=\"975\" data-end=\"1011\">Udlejning eller eventbaseret drift<\/p>\n<\/li>\n<\/ul>\n<h3 data-start=\"1013\" data-end=\"1037\">Betalingsbetingelser<\/h3>\n<ul data-start=\"1039\" data-end=\"1092\">\n<li data-start=\"1039\" data-end=\"1062\">\n<p data-start=\"1041\" data-end=\"1062\">30 % ved bestilling<\/p>\n<\/li>\n<li data-start=\"1063\" data-end=\"1092\">\n<p data-start=\"1065\" data-end=\"1092\">Restbetaling ved levering<\/p>\n<\/li>\n<\/ul>","protected":false},"featured_media":24109,"template":"","meta":{"_acf_changed":false,"om_disable_all_campaigns":false,"_monsterinsights_skip_tracking":false,"_monsterinsights_sitenote_active":false,"_monsterinsights_sitenote_note":"","_monsterinsights_sitenote_category":0},"product_brand":[],"product_cat":[164,161,160,25],"product_tag":[],"class_list":{"0":"post-24103","1":"product","2":"type-product","3":"status-publish","4":"has-post-thumbnail","6":"product_cat-isoleret-sauna","7":"product_cat-nedsatte-produkter","8":"product_cat-nye-ankomster","9":"product_cat-sauna","11":"first","12":"instock","13":"sold-individually","14":"purchasable","15":"product-type-simple"},"acf":[],"aioseo_notices":[],"_links":{"self":[{"href":"https:\/\/jsoasis.dk\/en\/wp-json\/wp\/v2\/product\/24103","targetHints":{"allow":["GET"]}}],"collection":[{"href":"https:\/\/jsoasis.dk\/en\/wp-json\/wp\/v2\/product"}],"about":[{"href":"https:\/\/jsoasis.dk\/en\/wp-json\/wp\/v2\/types\/product"}],"wp:featuredmedia":[{"embeddable":true,"href":"https:\/\/jsoasis.dk\/en\/wp-json\/wp\/v2\/media\/24109"}],"wp:attachment":[{"href":"https:\/\/jsoasis.dk\/en\/wp-json\/wp\/v2\/media?parent=24103"}],"wp:term":[{"taxonomy":"product_brand","embeddable":true,"href":"https:\/\/jsoasis.dk\/en\/wp-json\/wp\/v2\/product_brand?post=24103"},{"taxonomy":"product_cat","embeddable":true,"href":"https:\/\/jsoasis.dk\/en\/wp-json\/wp\/v2\/product_cat?post=24103"},{"taxonomy":"product_tag","embeddable":true,"href":"https:\/\/jsoasis.dk\/en\/wp-json\/wp\/v2\/product_tag?post=24103"}],"curies":[{"name":"wp","href":"https:\/\/api.w.org\/{rel}","templated":true}]}}