{"id":24112,"date":"2026-02-15T19:23:51","date_gmt":"2026-02-15T18:23:51","guid":{"rendered":"https:\/\/jsoasis.dk\/?post_type=product&#038;p=24112"},"modified":"2026-02-15T19:23:51","modified_gmt":"2026-02-15T18:23:51","slug":"termotrae-anneks-med-sauna-600x255","status":"publish","type":"product","link":"https:\/\/jsoasis.dk\/en\/produkt\/termotrae-anneks-med-sauna-600x255\/","title":{"rendered":"Termotr\u00e6 Anneks med Sauna 600&#215;255"},"content":{"rendered":"<p>Dimension L6000mm \u00d7 B2500mm \u00d7 H2500mm<br \/>\nV\u00e6gt 2500 kg<br \/>\n&#8212;&#8212;&#8212;&#8212;&#8212;&#8212;&#8212;&#8212;&#8212;&#8212;&#8212;&#8212;&#8212;&#8212;&#8212;&#8212;&#8212;&#8212;&#8212;&#8212;&#8212;&#8212;&#8212;&#8212;&#8212;&#8212;&#8212;&#8212;&#8212;&#8212;&#8212;&#8212;&#8212;&#8212;<br \/>\nFrame C24 calibrated wood<br \/>\nUdvendig finish termotr\u00e6<br \/>\nSaunarum st\u00f8rrelse L2200mm x B2170mm H 2000mm (4.8m2)<br \/>\nSauna ndvendig finish Aspentr\u00e6 (Specielt tr\u00e6 til sauna)<br \/>\nB\u00e6nke materiale aspentr\u00e6<br \/>\nRygl\u00e6n over b\u00e6nke<br \/>\nHuum 12 med wifi og sauna sten 150kg<br \/>\nGlass 8mm tinted tempered glass<br \/>\nInteri\u00f8rbelysning LED-belysning uder b\u00e6nke og bag rygl\u00e6net<br \/>\nGlasd\u00f8r (sikkerhedsklasse)<br \/>\nGulvbel\u00e6gning Termiske terrassebr\u00e6dder (termotr\u00e6)<br \/>\nFull panoramic view in the front wall;<br \/>\n(sikkerhedsklasse)<br \/>\nvandafl\u00f8bssystem<br \/>\n2 stk ventilationssteder<br \/>\nC20 3-faset tilslutning til el-kabel<br \/>\n2 stk Lys udenfor ved indgang<br \/>\n&#8212;&#8212;&#8212;&#8212;&#8212;&#8212;&#8212;&#8212;&#8212;&#8212;&#8212;&#8212;&#8212;&#8212;&#8212;&#8212;&#8212;&#8212;&#8212;&#8212;&#8212;&#8212;&#8212;&#8212;&#8212;&#8212;&#8212;&#8212;&#8212;&#8212;&#8212;&#8212;&#8212;&#8212;&#8211;<br \/>\nAnneks rum st\u00f8rrelse B2170mm x L3500mm (7.7m2)<br \/>\nIdvending grantr\u00e6 v\u00e6g malet hvid<br \/>\nGulv bekl\u00e6gning tr\u00e6<br \/>\nPlastik vindue med d\u00f8re i udvending<br \/>\nLille vindue p\u00e5 siden<br \/>\nTag materiale Tagpap<br \/>\nEl kontakt stik til og el tilslutning<br \/>\n&#8212;&#8212;&#8212;&#8212;&#8212;&#8212;&#8212;&#8212;&#8212;&#8212;&#8212;&#8212;&#8212;&#8212;&#8212;&#8212;&#8212;&#8212;&#8212;&#8212;&#8212;&#8212;&#8212;&#8212;&#8212;&#8212;&#8212;&#8212;&#8212;&#8212;&#8212;&#8212;&#8212;&#8212;&#8212;-<br \/>\nV\u00e6g Isolering Mineraluld 10cm<br \/>\nGulvisolering flamingo 15 cm med<br \/>\nLoft isoleret 15 cm<br \/>\nantivindfolie og d\u00e6mningssp\u00e6rfolie<br \/>\n2 stk Lys udenfor ved indgang<\/p>\n<p>Pris 110.000 + moms<br \/>\nLevering til andressen pris 8.000 + moms<\/p>","protected":false},"excerpt":{"rendered":"<h2 data-start=\"104\" data-end=\"161\">Sauna med anneks \u2013 en kompakt og intelligent l\u00f8sning<\/h2>\n<p data-start=\"163\" data-end=\"320\">En sauna med anneks er den perfekte l\u00f8sning for jer, der \u00f8nsker <strong data-start=\"227\" data-end=\"256\">flere overnatningspladser<\/strong> i sommerhuset \u2013 samtidig med at I f\u00e5r jeres egen private sauna.<\/p>\n<p data-start=\"322\" data-end=\"423\">Det er en pladsbesparende og funktionel l\u00f8sning, hvor komfort og praktisk anvendelse g\u00e5r h\u00e5nd i h\u00e5nd.<\/p>\n<h3 data-start=\"425\" data-end=\"460\">Mere plads \u2013 flere muligheder<\/h3>\n<p data-start=\"462\" data-end=\"493\">Med et integreret anneks kan I:<\/p>\n<ul data-start=\"494\" data-end=\"684\">\n<li data-start=\"494\" data-end=\"528\">\n<p data-start=\"496\" data-end=\"528\">Udvide antallet af sovepladser<\/p>\n<\/li>\n<li data-start=\"529\" data-end=\"576\">\n<p data-start=\"531\" data-end=\"576\">Skabe g\u00e6steovernatning i komfortable rammer<\/p>\n<\/li>\n<li data-start=\"577\" data-end=\"631\">\n<p data-start=\"579\" data-end=\"631\">\u00d8ge v\u00e6rdien og funktionaliteten af jeres sommerhus<\/p>\n<\/li>\n<li data-start=\"632\" data-end=\"684\">\n<p data-start=\"634\" data-end=\"684\">Kombinere wellness og ophold i \u00e9n samlet bygning<\/p>\n<\/li>\n<\/ul>\n<h3 data-start=\"686\" data-end=\"721\">Produceres efter jeres \u00f8nsker<\/h3>\n<p data-start=\"723\" data-end=\"933\">Vi fremstiller sauna og anneks <strong data-start=\"754\" data-end=\"801\">efter jeres individuelle tegninger og behov<\/strong>.<br data-start=\"802\" data-end=\"805\" \/>Uanset om I \u00f8nsker et moderne, minimalistisk design eller en mere klassisk nordisk stil, tilpasser vi l\u00f8sningen pr\u00e6cist til jer.<\/p>\n<p data-start=\"935\" data-end=\"1011\">Det er en gennemt\u00e6nkt investering i b\u00e5de komfort og fremtidig fleksibilitet.<\/p>\n<p data-start=\"1013\" data-end=\"1072\">\ud83d\udce9 Kontakt os \u2013 s\u00e5 skaber vi jeres skr\u00e6ddersyede l\u00f8sning.<\/p>","protected":false},"featured_media":24119,"template":"","meta":{"_acf_changed":false,"om_disable_all_campaigns":false,"_monsterinsights_skip_tracking":false,"_monsterinsights_sitenote_active":false,"_monsterinsights_sitenote_note":"","_monsterinsights_sitenote_category":0},"product_brand":[],"product_cat":[26,164,161,160],"product_tag":[],"class_list":{"0":"post-24112","1":"product","2":"type-product","3":"status-publish","4":"has-post-thumbnail","6":"product_cat-hytte","7":"product_cat-isoleret-sauna","8":"product_cat-nedsatte-produkter","9":"product_cat-nye-ankomster","11":"first","12":"instock","13":"sale","14":"taxable","15":"shipping-taxable","16":"purchasable","17":"product-type-simple"},"acf":[],"aioseo_notices":[],"_links":{"self":[{"href":"https:\/\/jsoasis.dk\/en\/wp-json\/wp\/v2\/product\/24112","targetHints":{"allow":["GET"]}}],"collection":[{"href":"https:\/\/jsoasis.dk\/en\/wp-json\/wp\/v2\/product"}],"about":[{"href":"https:\/\/jsoasis.dk\/en\/wp-json\/wp\/v2\/types\/product"}],"wp:featuredmedia":[{"embeddable":true,"href":"https:\/\/jsoasis.dk\/en\/wp-json\/wp\/v2\/media\/24119"}],"wp:attachment":[{"href":"https:\/\/jsoasis.dk\/en\/wp-json\/wp\/v2\/media?parent=24112"}],"wp:term":[{"taxonomy":"product_brand","embeddable":true,"href":"https:\/\/jsoasis.dk\/en\/wp-json\/wp\/v2\/product_brand?post=24112"},{"taxonomy":"product_cat","embeddable":true,"href":"https:\/\/jsoasis.dk\/en\/wp-json\/wp\/v2\/product_cat?post=24112"},{"taxonomy":"product_tag","embeddable":true,"href":"https:\/\/jsoasis.dk\/en\/wp-json\/wp\/v2\/product_tag?post=24112"}],"curies":[{"name":"wp","href":"https:\/\/api.w.org\/{rel}","templated":true}]}}