{"id":24123,"date":"2026-02-15T19:42:58","date_gmt":"2026-02-15T18:42:58","guid":{"rendered":"https:\/\/jsoasis.dk\/?post_type=product&#038;p=24123"},"modified":"2026-02-15T19:42:58","modified_gmt":"2026-02-15T18:42:58","slug":"termocube-plus-250-med-10-8-kw-wifi-ovn","status":"publish","type":"product","link":"https:\/\/jsoasis.dk\/en\/produkt\/termocube-plus-250-med-10-8-kw-wifi-ovn\/","title":{"rendered":"TermoCube Plus 250 med 10.8 kw wifi ovn"},"content":{"rendered":"<p>Udvendig St\u00f8rrelse L2570mm B2300mm<br \/>\nH2350mm<br \/>\nSt\u00f8tteben l\u00e6ngde 2100mm (3 stk)<br \/>\nIndvendig st\u00f8rrelse L2300mm B2150mm<br \/>\nV\u00e6gten er kun 1000 kg;<br \/>\nPerfekt til 6-7 personer<br \/>\nSauna er samlet og f\u00e6rdigmonteret;<br \/>\nTag: sort tagpap med dampsp\u00e6rre under<br \/>\nTermotr\u00e6; frivagt farve<br \/>\nGulvriste materiale: aspen;<br \/>\nB\u00e6nke materiale aspen;<br \/>\n2 etage vinkel b\u00e6nke<br \/>\nFull panoramic view in the front wall;<br \/>\n(sikkerhedsklasse)<br \/>\nGlasd\u00f8r (sikkerhedsklasse)<br \/>\nHarvia Legend 10.8 kw med wifi display<br \/>\nSauna sten 80kg;<br \/>\nPlug \u2013 i 3 phaze connect til ovn;<br \/>\nEl fosikkring;<br \/>\nLED-lamperne installeret under b\u00e6nkene<\/p>","protected":false},"excerpt":{"rendered":"<h2 data-start=\"127\" data-end=\"167\">Ny Cube saunaform i vores sortiment<\/h2>\n<p data-start=\"169\" data-end=\"239\">Fra nu af tilbyder vi en ny og forbedret Cube-model i vores sortiment.<\/p>\n<h3 data-start=\"241\" data-end=\"264\"><strong data-start=\"245\" data-end=\"264\">Cube Plus sauna<\/strong><\/h3>\n<p data-start=\"266\" data-end=\"351\">Den nye <strong data-start=\"274\" data-end=\"293\">Cube Plus sauna<\/strong> er <strong data-start=\"297\" data-end=\"335\">15 cm bredere og h\u00f8jere indvendigt<\/strong>, hvilket giver:<\/p>\n<ul data-start=\"353\" data-end=\"457\">\n<li data-start=\"353\" data-end=\"382\">\n<p data-start=\"355\" data-end=\"382\">Mere rummelig fornemmelse<\/p>\n<\/li>\n<li data-start=\"383\" data-end=\"410\">\n<p data-start=\"385\" data-end=\"410\">Bredere to-niveau b\u00e6nke<\/p>\n<\/li>\n<li data-start=\"411\" data-end=\"428\">\n<p data-start=\"413\" data-end=\"428\">Bedre komfort<\/p>\n<\/li>\n<li data-start=\"429\" data-end=\"457\">\n<p data-start=\"431\" data-end=\"457\">Plads til flere personer<\/p>\n<\/li>\n<\/ul>\n<p data-start=\"459\" data-end=\"569\">Den ekstra indvendige h\u00f8jde og bredde g\u00f8r en m\u00e6rkbar forskel \u2013 b\u00e5de for privat brug og kommercielle l\u00f8sninger.<\/p>\n<h3 data-start=\"571\" data-end=\"607\">Udviklet efter kundernes behov<\/h3>\n<p data-start=\"609\" data-end=\"771\">P\u00e5 baggrund af kundernes \u00f8nsker har vi udviklet <strong data-start=\"657\" data-end=\"694\">4 forskellige Cube sauna modeller<\/strong>, s\u00e5 I kan v\u00e6lge den l\u00f8sning, der passer bedst til jeres behov og anvendelse.<\/p>\n<p data-start=\"773\" data-end=\"868\">Hver model kombinerer moderne design, funktionalitet og h\u00f8j kvalitet i materialer og udf\u00f8relse.<\/p>","protected":false},"featured_media":24129,"template":"","meta":{"_acf_changed":false,"om_disable_all_campaigns":false,"_monsterinsights_skip_tracking":false,"_monsterinsights_sitenote_active":false,"_monsterinsights_sitenote_note":"","_monsterinsights_sitenote_category":0},"product_brand":[],"product_cat":[159,158,161,160,25],"product_tag":[],"class_list":{"0":"post-24123","1":"product","2":"type-product","3":"status-publish","4":"has-post-thumbnail","6":"product_cat-bedst-saelger","7":"product_cat-cube-sauna","8":"product_cat-nedsatte-produkter","9":"product_cat-nye-ankomster","10":"product_cat-sauna","12":"first","13":"instock","14":"sale","15":"taxable","16":"shipping-taxable","17":"purchasable","18":"product-type-simple"},"acf":[],"aioseo_notices":[],"_links":{"self":[{"href":"https:\/\/jsoasis.dk\/en\/wp-json\/wp\/v2\/product\/24123","targetHints":{"allow":["GET"]}}],"collection":[{"href":"https:\/\/jsoasis.dk\/en\/wp-json\/wp\/v2\/product"}],"about":[{"href":"https:\/\/jsoasis.dk\/en\/wp-json\/wp\/v2\/types\/product"}],"wp:featuredmedia":[{"embeddable":true,"href":"https:\/\/jsoasis.dk\/en\/wp-json\/wp\/v2\/media\/24129"}],"wp:attachment":[{"href":"https:\/\/jsoasis.dk\/en\/wp-json\/wp\/v2\/media?parent=24123"}],"wp:term":[{"taxonomy":"product_brand","embeddable":true,"href":"https:\/\/jsoasis.dk\/en\/wp-json\/wp\/v2\/product_brand?post=24123"},{"taxonomy":"product_cat","embeddable":true,"href":"https:\/\/jsoasis.dk\/en\/wp-json\/wp\/v2\/product_cat?post=24123"},{"taxonomy":"product_tag","embeddable":true,"href":"https:\/\/jsoasis.dk\/en\/wp-json\/wp\/v2\/product_tag?post=24123"}],"curies":[{"name":"wp","href":"https:\/\/api.w.org\/{rel}","templated":true}]}}