{"id":24130,"date":"2026-02-15T19:48:17","date_gmt":"2026-02-15T18:48:17","guid":{"rendered":"https:\/\/jsoasis.dk\/?post_type=product&#038;p=24130"},"modified":"2026-02-15T19:48:18","modified_gmt":"2026-02-15T18:48:18","slug":"termocube-plus-med-10-8-kw-wifi-ovn-og-terrasse","status":"publish","type":"product","link":"https:\/\/jsoasis.dk\/en\/produkt\/termocube-plus-med-10-8-kw-wifi-ovn-og-terrasse\/","title":{"rendered":"TermoCube Plus med  10.8 kw wifi ovn og terrasse"},"content":{"rendered":"<p>Udvendig St\u00f8rrelse L2570mm B2300mm<br \/>\nH2350mm<br \/>\nSt\u00f8tteben l\u00e6ngde 2100mm (3 stk)<br \/>\nIndvendig st\u00f8rrelse L1800mm B2150mm<br \/>\nV\u00e6gten er kun 1000 kg;<br \/>\nPerfekt til 6-7 personer<br \/>\nSauna er samlet og f\u00e6rdigmonteret;<br \/>\nTag: sort tagpap med dampsp\u00e6rre under<br \/>\nTermotr\u00e6; frivagt farve<br \/>\nTerrasse 50 cm<br \/>\nGulvriste materiale: aspen;<br \/>\nB\u00e6nke materiale aspen;<br \/>\n2 etage vinkel b\u00e6nke<br \/>\nFull panoramic view in the front wall;<br \/>\n(sikkerhedsklasse)<br \/>\nGlasd\u00f8r (sikkerhedsklasse)<br \/>\nHarvia Legend 10.8 kw med wifi display<br \/>\nSauna sten 80kg;<br \/>\nPlug \u2013 i 3 phaze connect til ovn;<br \/>\nEl fosikkring;<br \/>\nLED-lamperne installeret under b\u00e6nkene<\/p>","protected":false},"excerpt":{"rendered":"<p>Udvendig St\u00f8rrelse L2570mm B2300mm H2350mm St\u00f8tteben l\u00e6ngde 2100mm (3 stk) Indvendig st\u00f8rrelse L1800mm B2150mm V\u00e6gten er kun 1000 kg; Perfekt til 6-7 personer Sauna er samlet og f\u00e6rdigmonteret; Tag: sort tagpap med dampsp\u00e6rre under Termotr\u00e6; frivagt farve Terrasse 50 cm Gulvriste materiale: aspen; B\u00e6nke materiale aspen; 2 etage vinkel b\u00e6nke Fuld panoramaudsigt i frontv\u00e6ggen; (sikkerhedsklasse) [&hellip;]<\/p>","protected":false},"featured_media":24133,"template":"","meta":{"_acf_changed":false,"om_disable_all_campaigns":false,"_monsterinsights_skip_tracking":false,"_monsterinsights_sitenote_active":false,"_monsterinsights_sitenote_note":"","_monsterinsights_sitenote_category":0},"product_brand":[],"product_cat":[158,161,160,25],"product_tag":[],"class_list":{"0":"post-24130","1":"product","2":"type-product","3":"status-publish","4":"has-post-thumbnail","6":"product_cat-cube-sauna","7":"product_cat-nedsatte-produkter","8":"product_cat-nye-ankomster","9":"product_cat-sauna","11":"first","12":"instock","13":"sale","14":"taxable","15":"shipping-taxable","16":"purchasable","17":"product-type-simple"},"acf":[],"aioseo_notices":[],"_links":{"self":[{"href":"https:\/\/jsoasis.dk\/en\/wp-json\/wp\/v2\/product\/24130","targetHints":{"allow":["GET"]}}],"collection":[{"href":"https:\/\/jsoasis.dk\/en\/wp-json\/wp\/v2\/product"}],"about":[{"href":"https:\/\/jsoasis.dk\/en\/wp-json\/wp\/v2\/types\/product"}],"wp:featuredmedia":[{"embeddable":true,"href":"https:\/\/jsoasis.dk\/en\/wp-json\/wp\/v2\/media\/24133"}],"wp:attachment":[{"href":"https:\/\/jsoasis.dk\/en\/wp-json\/wp\/v2\/media?parent=24130"}],"wp:term":[{"taxonomy":"product_brand","embeddable":true,"href":"https:\/\/jsoasis.dk\/en\/wp-json\/wp\/v2\/product_brand?post=24130"},{"taxonomy":"product_cat","embeddable":true,"href":"https:\/\/jsoasis.dk\/en\/wp-json\/wp\/v2\/product_cat?post=24130"},{"taxonomy":"product_tag","embeddable":true,"href":"https:\/\/jsoasis.dk\/en\/wp-json\/wp\/v2\/product_tag?post=24130"}],"curies":[{"name":"wp","href":"https:\/\/api.w.org\/{rel}","templated":true}]}}