{"id":41607,"date":"2026-04-09T07:39:41","date_gmt":"2026-04-09T06:39:41","guid":{"rendered":"https:\/\/jsoasis.dk\/?post_type=product&#038;p=41607"},"modified":"2026-04-09T07:42:08","modified_gmt":"2026-04-09T06:42:08","slug":"luksus-akryl-vildmarksbad-spa-fuldt-udstyret-med-316-ovn-og-3kw-el","status":"publish","type":"product","link":"https:\/\/jsoasis.dk\/en\/produkt\/luksus-akryl-vildmarksbad-spa-fuldt-udstyret-med-316-ovn-og-3kw-el\/","title":{"rendered":"Luksus Akryl vildmarksbad \/ spa \u2013 fuldt udstyret med 316 ovn og 3kw EL"},"content":{"rendered":"<div dir=\"auto\">Plads til 4-5 personer (\u00d8200\/180 cm)<\/div>\n<div dir=\"auto\">Akryl indsats hvid perle farve (ogs\u00e5 kan lave med gr\u00e5 farve)<\/div>\n<div dir=\"auto\">316 rustfri st\u00e5l br\u00e6ndeovn med beskyttelse<\/div>\n<div dir=\"auto\">Rustfrit st\u00e5l skorstenss\u00e6t<\/div>\n<div dir=\"auto\">Ekstra 3 kW el-varmelegeme<\/div>\n<div dir=\"auto\">8 vanddyser &amp; 12 luftdyser (massage og luft)<\/div>\n<div dir=\"auto\">2 stk. LED-lys<\/div>\n<div dir=\"auto\">Sandfiltersystem med afl\u00f8b + kasse<\/div>\n<div dir=\"auto\">Udvendig bekl\u00e6dning i termotr\u00e6 (T2 farve med sorte lister)<\/div>\n<div dir=\"auto\">Sort termol\u00e5g<\/div>\n<div dir=\"auto\">Trappe i termotr\u00e6<\/div>\n<div dir=\"auto\">5 hule drikkehylder<\/div>\n<div dir=\"auto\">240 kg<\/div>\n<div dir=\"auto\"><\/div>\n<div dir=\"auto\">Leveringstid 4-5 uger<\/div>\n<div dir=\"auto\"><\/div>\n<div dir=\"auto\"><\/div>","protected":false},"excerpt":{"rendered":"<p>Plads til 4-5 personer (\u00d8200\/180 cm) Akryl indsats hvid perle farve (ogs\u00e5 kan lave med gr\u00e5 farve) 316 rustfri st\u00e5l br\u00e6ndeovn med beskyttelse Rustfrit st\u00e5l skorstenss\u00e6t Ekstra 3 kW el-varmelegeme 8 vanddyser &amp; 12 luftdyser (massage og luft) 2 stk. LED-lys Sandfiltersystem med afl\u00f8b + kasse Udvendig bekl\u00e6dning i termotr\u00e6 (T2 farve med sorte lister) [&hellip;]<\/p>","protected":false},"featured_media":41609,"template":"","meta":{"_acf_changed":false,"om_disable_all_campaigns":false,"_monsterinsights_skip_tracking":false,"_monsterinsights_sitenote_active":false,"_monsterinsights_sitenote_note":"","_monsterinsights_sitenote_category":0},"product_brand":[],"product_cat":[160,24],"product_tag":[],"class_list":{"0":"post-41607","1":"product","2":"type-product","3":"status-publish","4":"has-post-thumbnail","6":"product_cat-nye-ankomster","7":"product_cat-vildmarksbad","9":"first","10":"instock","11":"taxable","12":"shipping-taxable","13":"purchasable","14":"product-type-simple"},"acf":[],"aioseo_notices":[],"_links":{"self":[{"href":"https:\/\/jsoasis.dk\/en\/wp-json\/wp\/v2\/product\/41607","targetHints":{"allow":["GET"]}}],"collection":[{"href":"https:\/\/jsoasis.dk\/en\/wp-json\/wp\/v2\/product"}],"about":[{"href":"https:\/\/jsoasis.dk\/en\/wp-json\/wp\/v2\/types\/product"}],"wp:featuredmedia":[{"embeddable":true,"href":"https:\/\/jsoasis.dk\/en\/wp-json\/wp\/v2\/media\/41609"}],"wp:attachment":[{"href":"https:\/\/jsoasis.dk\/en\/wp-json\/wp\/v2\/media?parent=41607"}],"wp:term":[{"taxonomy":"product_brand","embeddable":true,"href":"https:\/\/jsoasis.dk\/en\/wp-json\/wp\/v2\/product_brand?post=41607"},{"taxonomy":"product_cat","embeddable":true,"href":"https:\/\/jsoasis.dk\/en\/wp-json\/wp\/v2\/product_cat?post=41607"},{"taxonomy":"product_tag","embeddable":true,"href":"https:\/\/jsoasis.dk\/en\/wp-json\/wp\/v2\/product_tag?post=41607"}],"curies":[{"name":"wp","href":"https:\/\/api.w.org\/{rel}","templated":true}]}}