{"id":614,"date":"2023-05-04T12:17:47","date_gmt":"2023-05-04T11:17:47","guid":{"rendered":"https:\/\/jsoasis.dk\/produkt\/akryl-vildmarksbad-til-4-5-personer\/"},"modified":"2023-12-04T22:28:40","modified_gmt":"2023-12-04T21:28:40","slug":"acrylic-wilderness-bath-for-4-5-people","status":"publish","type":"product","link":"https:\/\/jsoasis.dk\/en\/produkt\/acrylic-wilderness-bath-for-4-5-people\/","title":{"rendered":"Acrylic wilderness bath for 4-5 people"},"content":{"rendered":"<p><strong>Standard set:<\/strong><\/p>\n<ul>\n<li>Steps<\/li>\n<li>Integrated log burner (grade 316 stainless steel)!<\/li>\n<li>2m stainless steel flue<\/li>\n<li>Flue guard<\/li>\n<li>Wooden stirring paddle (if no bubble system installed)<\/li>\n<li>Insulated cover<\/li>\n<li>Thermal insulation<\/li>\n<li>High flow drain valve<\/li>\n<\/ul>\n<p>&nbsp;<\/p>\n<p><strong>Dimensions:<\/strong><\/p>\n<ul>\n<li>External - 200cm<\/li>\n<li>Internal - 180cm<\/li>\n<li>Overall height - 100cm<\/li>\n<li>Weight - 260-300kg<\/li>\n<\/ul>\n<p>&nbsp;<\/p>\n<p>&nbsp;<\/p>\n<p><strong>HOT TUB' accessories package:<\/strong><\/p>\n<ul>\n<li><strong>ELITE accessories package<\/strong> for hot tub (<strong>+4000 DKK<\/strong>):\n<ul>\n<li>LED light under water<\/li>\n<li>Hydro massage 8 jets or Air system 12 jets<\/li>\n<li>Stairs with two steps<\/li>\n<li>Chimney protection against burns<\/li>\n<li>1 drink holder (stainless steel or wooden)<\/li>\n<li>Insulation with polyurethane foam<\/li>\n<\/ul>\n<\/li>\n<\/ul>\n<p>&nbsp;<\/p>\n<ul>\n<li><strong>PREMIUM<\/strong> <strong>accessories package<\/strong> for hot tub (<strong>+6000 DKK<\/strong>):\n<ul>\n<li>2 LED underwater lights<\/li>\n<li>Hydromassage or air bubble system with 8 or 12 jets<\/li>\n<li>Plastic composite color black\/grey\/brown<\/li>\n<li>Stairs with two steps<\/li>\n<li>Chimney protection against burns<\/li>\n<li>2 drink holders (stainless steel, painted) or wooden<\/li>\n<li>Insulation with polyurethane foam<\/li>\n<\/ul>\n<\/li>\n<\/ul>\n<p>&nbsp;<\/p>\n<ul>\n<li><strong>DELUXE<\/strong> <strong>accessories package<\/strong> for hot tub (<strong>+9.000 DKK<\/strong>):\n<ul>\n<li>3 LED underwater lighting<\/li>\n<li>Hydromassage and air system with 8 jets<\/li>\n<li>Air bubble system with 12 nozzles<\/li>\n<li>Wood painting in gray, brown or optional color<\/li>\n<li>Stairs with two steps<\/li>\n<li>Chimney protection against burns<\/li>\n<li>2 drink holders (stainless steel, painted) or wooden<\/li>\n<li>Insulation with polyurethane foam<\/li>\n<\/ul>\n<\/li>\n<\/ul>\n<p>&nbsp;<\/p>\n<p><em>Please note that the hot tub is delivered laid on the side on the pallet. The hot tub dimensions are 110cm width x 205cm length x 220cm height.<\/em><\/p>\n<p><em>Please check available access to the final destination as we don't have any lifting equipment to lift the hot tub over fences, building or something like that. The driver is able to move the hot tub with pallet truck only (suitable ground is required). Also, if the hot tub needs lifting\/carrying then the customer must provide enough man power on the delivery day.<\/em><\/p>\n<p><strong>Our recommendations:<\/strong><br \/>\nBuy wireless water thermometer (Inkbird make)<\/p>","protected":false},"excerpt":{"rendered":"<p>Standard s\u00e6t: Trin Indbygget br\u00e6ndeovn (grade 316 rustfrit st\u00e5l)! 2m rustfrit st\u00e5lr\u00f8r Skorstensbeskyttelse Tr\u00e6paddle til r\u00f8ring (hvis der ikke er installeret boblesystem) Isoleret cover Termisk isolering H\u00f8jt str\u00f8mningsafl\u00f8bsventil &nbsp; Dimensioner: Ekstern &#8211; 200cm Intern &#8211; 180cm Samlet h\u00f8jde &#8211; 100cm V\u00e6gt &#8211; 260-300kg &nbsp; &nbsp; Tilbeh\u00f8rspakke til VILDMARKSBAD: ELITE tilbeh\u00f8rspakke til vildmarksbad (+4000 DKK): * [&hellip;]<\/p>","protected":false},"featured_media":8232,"template":"","meta":{"_acf_changed":false,"om_disable_all_campaigns":false,"_monsterinsights_skip_tracking":false,"_monsterinsights_sitenote_active":false,"_monsterinsights_sitenote_note":"","_monsterinsights_sitenote_category":0},"product_brand":[],"product_cat":[161,24],"product_tag":[],"class_list":{"0":"post-614","1":"product","2":"type-product","3":"status-publish","4":"has-post-thumbnail","6":"product_cat-nedsatte-produkter","7":"product_cat-vildmarksbad","9":"first","10":"instock","11":"sale","12":"purchasable","13":"product-type-simple"},"acf":[],"aioseo_notices":[],"_links":{"self":[{"href":"https:\/\/jsoasis.dk\/en\/wp-json\/wp\/v2\/product\/614","targetHints":{"allow":["GET"]}}],"collection":[{"href":"https:\/\/jsoasis.dk\/en\/wp-json\/wp\/v2\/product"}],"about":[{"href":"https:\/\/jsoasis.dk\/en\/wp-json\/wp\/v2\/types\/product"}],"wp:featuredmedia":[{"embeddable":true,"href":"https:\/\/jsoasis.dk\/en\/wp-json\/wp\/v2\/media\/8232"}],"wp:attachment":[{"href":"https:\/\/jsoasis.dk\/en\/wp-json\/wp\/v2\/media?parent=614"}],"wp:term":[{"taxonomy":"product_brand","embeddable":true,"href":"https:\/\/jsoasis.dk\/en\/wp-json\/wp\/v2\/product_brand?post=614"},{"taxonomy":"product_cat","embeddable":true,"href":"https:\/\/jsoasis.dk\/en\/wp-json\/wp\/v2\/product_cat?post=614"},{"taxonomy":"product_tag","embeddable":true,"href":"https:\/\/jsoasis.dk\/en\/wp-json\/wp\/v2\/product_tag?post=614"}],"curies":[{"name":"wp","href":"https:\/\/api.w.org\/{rel}","templated":true}]}}