{"id":7578,"date":"2023-06-07T13:04:33","date_gmt":"2023-06-07T12:04:33","guid":{"rendered":"https:\/\/jsoasis.dk\/?post_type=product&#038;p=7578"},"modified":"2024-01-06T11:17:05","modified_gmt":"2024-01-06T10:17:05","slug":"premium-klassehus-med-sauna-og-afslapningsomraade","status":"publish","type":"product","link":"https:\/\/jsoasis.dk\/en\/produkt\/premium-klassehus-med-sauna-og-afslapningsomraade\/","title":{"rendered":"PREMIUM Klassehus med Sauna og Afslapningsomr\u00e5de"},"content":{"rendered":"<p>Til salg er en elegant, varm og kvalitetsfuld tr\u00e6ramme sommerhus i \ud83c\udd5f\ud83c\udd61\ud83c\udd54\ud83c\udd5c\ud83c\udd58\ud83c\udd64\ud83c\udd5c klasse med en sauna og et afslapningsomr\u00e5de.<\/p>\n<p>Alle komponenter og materialer i dette sommerhus er af h\u00f8j kvalitet og sikrer langvarig anvendelse. Du kan v\u00e6re sikker p\u00e5, at dette k\u00f8b vil tjene dig i lang tid.<\/p>\n<p>Dette sommerhus er blevet kreativt designet for at im\u00f8dekomme selv de mest kr\u00e6sne smagsl\u00f8g. Dets moderne og stilfulde udseende vil tilf\u00f8je luksus og elegance til dine omgivelser. Det vil virkelig v\u00e6re en fantastisk tilf\u00f8jelse til dit hjem eller sommerhus. Sommerhuset vil helt sikkert tiltr\u00e6kke opm\u00e6rksomhed med sin elegance og unikke stilblanding.<\/p>\n<p>I afslapningsomr\u00e5det kan du slappe af og nyde rolige \u00f8jeblikke efter saunaen. Bygningen er ordentligt isoleret, s\u00e5 du kan tilbringe hyggelig tid med venner, selv om vinteren.<\/p>\n<p>Vi producerer ogs\u00e5 efter individuelle ordrer.<\/p>\n<ul>\n<li>Udvendige dimensioner &#8211; 3500x6000mm<\/li>\n<li>Grundareal &#8211; 21m2<\/li>\n<li>Brugbar samlet indvendig areal &#8211; 14.93m2 (+ 2.65\ud835\udc5a2 balkontr\u00e6terrasse)<\/li>\n<\/ul>\n<p>&nbsp;<\/p>\n<p><strong>KONSTRUKTION<\/strong> &#8211; Kun certificeret skandinavisk tr\u00e6 bruges (C24 klasse) &#8211; opfylder den h\u00f8jeste styrkeniveau, industrielt t\u00f8rret, kalibreret:<\/p>\n<ul>\n<li>Fundament 200x50mm<\/li>\n<li>V\u00e6gge 145x45mm<\/li>\n<li>Tag-200x50mm<\/li>\n<\/ul>\n<p>&nbsp;<\/p>\n<p><strong>ISOLERING<\/strong> &#8211; Knauf Naturboard Mineraluld<\/p>\n<p>Fundament &#8211; OSB3-plade, 20 cm mineraluldisolering, gnavertr\u00e5d, d\u00e6mpningsstrimmel eller skum, fugtbestandig krydsfin\u00e9rplade, certificeret hermetisk t\u00e6tningsmiddel til vandt\u00e6tning.<\/p>\n<p>V\u00e6gge &#8211; Dampsp\u00e6rre p\u00e5 indersiden, 15 cm mineraluldisolering (kan \u00f8ges med + 5 cm p\u00e5 ydersiden), diffusionsmembran p\u00e5 ydersiden, luftspalte til facadeventilation, termotr\u00e6bekl\u00e6dning (tilg\u00e6ngelig i forskellige farver &#8211; to gange malet A\/AB-klassebekl\u00e6dning).<\/p>\n<p>Tag &#8211; Dampsp\u00e6rre p\u00e5 indersiden, 20 cm mineraluldisolering, d\u00e6mpningsstrimmel eller skum, OSB3-plade, diffusionsmembran p\u00e5 ydersiden, st\u00e5ltag &#8220;Classic&#8221; i antracitfarve (tilg\u00e6ngelig i forskellige farver).<\/p>\n<p>D\u00f8re\/Vinduer &#8211; 24 mm dobbeltglas med selektivt glas og 80 mm plastikprofiler. Udvendigt &#8211; antracitfarve (RAL 7016), indvendigt &#8211; hvid farve. Solidt samling med 18 mm metal mellem vindue og d\u00f8r. Lav aluminiumsd\u00f8rtrin.<\/p>","protected":false},"excerpt":{"rendered":"<p>Til salg er en elegant, varm og kvalitetsfuld tr\u00e6ramme sommerhus i \ud83c\udd5f\ud83c\udd61\ud83c\udd54\ud83c\udd5c\ud83c\udd58\ud83c\udd64\ud83c\udd5c klasse med en sauna og et afslapningsomr\u00e5de. Alle komponenter og materialer i dette sommerhus er af h\u00f8j kvalitet og sikrer langvarig anvendelse. Du kan v\u00e6re sikker p\u00e5, at dette k\u00f8b vil tjene dig i lang tid. Dette sommerhus er blevet kreativt designet for [&hellip;]<\/p>","protected":false},"featured_media":8322,"template":"","meta":{"_acf_changed":false,"om_disable_all_campaigns":false,"_monsterinsights_skip_tracking":false,"_monsterinsights_sitenote_active":false,"_monsterinsights_sitenote_note":"","_monsterinsights_sitenote_category":0},"product_brand":[],"product_cat":[25],"product_tag":[],"class_list":{"0":"post-7578","1":"product","2":"type-product","3":"status-publish","4":"has-post-thumbnail","6":"product_cat-sauna","8":"first","9":"instock","10":"taxable","11":"shipping-taxable","12":"purchasable","13":"product-type-simple"},"acf":[],"aioseo_notices":[],"_links":{"self":[{"href":"https:\/\/jsoasis.dk\/en\/wp-json\/wp\/v2\/product\/7578","targetHints":{"allow":["GET"]}}],"collection":[{"href":"https:\/\/jsoasis.dk\/en\/wp-json\/wp\/v2\/product"}],"about":[{"href":"https:\/\/jsoasis.dk\/en\/wp-json\/wp\/v2\/types\/product"}],"wp:featuredmedia":[{"embeddable":true,"href":"https:\/\/jsoasis.dk\/en\/wp-json\/wp\/v2\/media\/8322"}],"wp:attachment":[{"href":"https:\/\/jsoasis.dk\/en\/wp-json\/wp\/v2\/media?parent=7578"}],"wp:term":[{"taxonomy":"product_brand","embeddable":true,"href":"https:\/\/jsoasis.dk\/en\/wp-json\/wp\/v2\/product_brand?post=7578"},{"taxonomy":"product_cat","embeddable":true,"href":"https:\/\/jsoasis.dk\/en\/wp-json\/wp\/v2\/product_cat?post=7578"},{"taxonomy":"product_tag","embeddable":true,"href":"https:\/\/jsoasis.dk\/en\/wp-json\/wp\/v2\/product_tag?post=7578"}],"curies":[{"name":"wp","href":"https:\/\/api.w.org\/{rel}","templated":true}]}}