{"id":7582,"date":"2023-06-08T08:18:47","date_gmt":"2023-06-08T07:18:47","guid":{"rendered":"https:\/\/jsoasis.dk\/?post_type=product&#038;p=7582"},"modified":"2023-06-08T12:31:18","modified_gmt":"2023-06-08T11:31:18","slug":"glass-hytte","status":"publish","type":"product","link":"https:\/\/jsoasis.dk\/en\/produkt\/glass-hytte\/","title":{"rendered":"Glass Hytte"},"content":{"rendered":"<p>Dimensioner: 3,3 x 2,4 m;<\/p>\n<ul>\n<li>Udvendig finish: br\u00e6ndt tr\u00e6;<\/li>\n<li>Indvendig finish: br\u00e6ndt tr\u00e6;<\/li>\n<li>Medf\u00f8lgende skyded\u00f8rssystem;<\/li>\n<li>10 mm tonet, h\u00e6rdet glas;<\/li>\n<li>Terrassebr\u00e6dder.<\/li>\n<li>Elektrisk installation<\/li>\n<\/ul>\n<p>&nbsp;<\/p>\n<p>*Pris: 60.000 inklusive levering.<\/p>","protected":false},"excerpt":{"rendered":"<p>Dimensioner: 3,3 x 2,4 m; Udvendig finish: br\u00e6ndt tr\u00e6; Indvendig finish: br\u00e6ndt tr\u00e6; Medf\u00f8lgende skyded\u00f8rssystem; 10 mm tonet, h\u00e6rdet glas; Terrassebr\u00e6dder. Elektrisk installation &nbsp; *Pris: 60.000 inklusive levering.<\/p>","protected":false},"featured_media":7586,"template":"","meta":{"_acf_changed":false,"om_disable_all_campaigns":false,"_monsterinsights_skip_tracking":false,"_monsterinsights_sitenote_active":false,"_monsterinsights_sitenote_note":"","_monsterinsights_sitenote_category":0},"product_brand":[],"product_cat":[26],"product_tag":[],"class_list":{"0":"post-7582","1":"product","2":"type-product","3":"status-publish","4":"has-post-thumbnail","6":"product_cat-hytte","8":"first","9":"instock","10":"taxable","11":"shipping-taxable","12":"purchasable","13":"product-type-simple"},"acf":[],"aioseo_notices":[],"_links":{"self":[{"href":"https:\/\/jsoasis.dk\/en\/wp-json\/wp\/v2\/product\/7582","targetHints":{"allow":["GET"]}}],"collection":[{"href":"https:\/\/jsoasis.dk\/en\/wp-json\/wp\/v2\/product"}],"about":[{"href":"https:\/\/jsoasis.dk\/en\/wp-json\/wp\/v2\/types\/product"}],"wp:featuredmedia":[{"embeddable":true,"href":"https:\/\/jsoasis.dk\/en\/wp-json\/wp\/v2\/media\/7586"}],"wp:attachment":[{"href":"https:\/\/jsoasis.dk\/en\/wp-json\/wp\/v2\/media?parent=7582"}],"wp:term":[{"taxonomy":"product_brand","embeddable":true,"href":"https:\/\/jsoasis.dk\/en\/wp-json\/wp\/v2\/product_brand?post=7582"},{"taxonomy":"product_cat","embeddable":true,"href":"https:\/\/jsoasis.dk\/en\/wp-json\/wp\/v2\/product_cat?post=7582"},{"taxonomy":"product_tag","embeddable":true,"href":"https:\/\/jsoasis.dk\/en\/wp-json\/wp\/v2\/product_tag?post=7582"}],"curies":[{"name":"wp","href":"https:\/\/api.w.org\/{rel}","templated":true}]}}