{"id":7608,"date":"2023-06-08T08:29:08","date_gmt":"2023-06-08T07:29:08","guid":{"rendered":"https:\/\/jsoasis.dk\/?post_type=product&#038;p=7608"},"modified":"2023-06-13T12:04:40","modified_gmt":"2023-06-13T11:04:40","slug":"stil-haandlavet-terrasse-liggestol","status":"publish","type":"product","link":"https:\/\/jsoasis.dk\/en\/produkt\/stil-haandlavet-terrasse-liggestol\/","title":{"rendered":"Style Handmade Terrace Lounger"},"content":{"rendered":"<p>With our sun lounger in solid ash wood, you will immediately have a comfortable place to relax on your terrace or in your garden. These structures are inversely related and natural to nature.<\/p>\n<p>&nbsp;<\/p>\n<p><strong>Specifications:<\/strong><\/p>\n<ul>\n<li>Colour: Natural wood, Brown. (You can also choose your own color)<\/li>\n<li>Material: Solid ash wood with a natural oil finish<\/li>\n<li>Goal; deck chair: 200 x 55 x 65 cm (L x H x W)<\/li>\n<li>Suitable for indoor and outdoor use<\/li>\n<\/ul>\n<p>&nbsp;<\/p>\n<p>*2 pcs in stock<\/p>","protected":false},"excerpt":{"rendered":"<p>Med vores solstol i massivt aske tr\u00e6 vil du susid have et behageligt sted at slappe af p\u00e5 din terrasse eller i din have. Disse strukturer er omvendt besl\u00e6gtede og naturlige for naturen. &nbsp; Specifikationer: Farve: Naturligt tr\u00e6, Brun. (I kan ogs\u00e5 v\u00e6lge selv farve) Materiale: Massivt aske tr\u00e6 med en naturlig oliefinish M\u00e5l; solstol [&hellip;]<\/p>","protected":false},"featured_media":7613,"template":"","meta":{"_acf_changed":false,"om_disable_all_campaigns":false,"_monsterinsights_skip_tracking":false,"_monsterinsights_sitenote_active":false,"_monsterinsights_sitenote_note":"","_monsterinsights_sitenote_category":0},"product_brand":[],"product_cat":[27],"product_tag":[],"class_list":{"0":"post-7608","1":"product","2":"type-product","3":"status-publish","4":"has-post-thumbnail","6":"product_cat-tilbehor","8":"first","9":"instock","10":"taxable","11":"shipping-taxable","12":"purchasable","13":"product-type-simple"},"acf":[],"aioseo_notices":[],"_links":{"self":[{"href":"https:\/\/jsoasis.dk\/en\/wp-json\/wp\/v2\/product\/7608","targetHints":{"allow":["GET"]}}],"collection":[{"href":"https:\/\/jsoasis.dk\/en\/wp-json\/wp\/v2\/product"}],"about":[{"href":"https:\/\/jsoasis.dk\/en\/wp-json\/wp\/v2\/types\/product"}],"wp:featuredmedia":[{"embeddable":true,"href":"https:\/\/jsoasis.dk\/en\/wp-json\/wp\/v2\/media\/7613"}],"wp:attachment":[{"href":"https:\/\/jsoasis.dk\/en\/wp-json\/wp\/v2\/media?parent=7608"}],"wp:term":[{"taxonomy":"product_brand","embeddable":true,"href":"https:\/\/jsoasis.dk\/en\/wp-json\/wp\/v2\/product_brand?post=7608"},{"taxonomy":"product_cat","embeddable":true,"href":"https:\/\/jsoasis.dk\/en\/wp-json\/wp\/v2\/product_cat?post=7608"},{"taxonomy":"product_tag","embeddable":true,"href":"https:\/\/jsoasis.dk\/en\/wp-json\/wp\/v2\/product_tag?post=7608"}],"curies":[{"name":"wp","href":"https:\/\/api.w.org\/{rel}","templated":true}]}}