{"id":7614,"date":"2023-06-08T08:32:32","date_gmt":"2023-06-08T07:32:32","guid":{"rendered":"https:\/\/jsoasis.dk\/?post_type=product&#038;p=7614"},"modified":"2026-02-16T18:51:38","modified_gmt":"2026-02-16T17:51:38","slug":"termolaag","status":"publish","type":"product","link":"https:\/\/jsoasis.dk\/en\/produkt\/termolaag\/","title":{"rendered":"Thermal cover"},"content":{"rendered":"<p>Termiskt cover. Ogs\u00e5 kendt som isolerende termiskt cover eller opvarmet cover. Coveret er lavet af \u00f8ko-l\u00e6der med en solid, fugtbestandig skum- polystyrenindsats, der er forst\u00e6rket med en galvaniseret profil. Det termiske cover har en h\u00e6ldning med en tykkelse p\u00e5 10 cm i midten og 7 cm i kanterne. Derudover er der en integreret profil i midten, der g\u00f8r det modstandsdygtigt over for sne og vand under alle vejrforhold. Det opvarmede cover er holdbart og holder p\u00e5 varmen i spabadet meget l\u00e6ngere end et standard glasfibercover.<\/p>\n<p>&nbsp;<\/p>\n<p><strong>Tilg\u00e6ngelige farver:<\/strong><\/p>\n<ul>\n<li>Sort<\/li>\n<li>Gr\u00e5<\/li>\n<li>Brun<\/li>\n<\/ul>\n<p>&nbsp;<\/p>\n<p><strong>Pris:<\/strong><\/p>\n<ul>\n<li>200 cm: 2800 kr med levering<\/li>\n<li>225 cm: 3500 kr<\/li>\n<\/ul>","protected":false},"excerpt":{"rendered":"<p>Termiskt cover. Ogs\u00e5 kendt som isolerende termiskt cover eller opvarmet cover. Coveret er lavet af \u00f8ko-l\u00e6der med en solid, fugtbestandig skum- polystyrenindsats, der er forst\u00e6rket med en galvaniseret profil. Det termiske cover har en h\u00e6ldning med en tykkelse p\u00e5 10 cm i midten og 7 cm i kanterne. Derudover er der en integreret profil i [&hellip;]<\/p>","protected":false},"featured_media":7615,"template":"","meta":{"_acf_changed":false,"om_disable_all_campaigns":false,"_monsterinsights_skip_tracking":false,"_monsterinsights_sitenote_active":false,"_monsterinsights_sitenote_note":"","_monsterinsights_sitenote_category":0},"product_brand":[],"product_cat":[159,161,27],"product_tag":[],"class_list":{"0":"post-7614","1":"product","2":"type-product","3":"status-publish","4":"has-post-thumbnail","6":"product_cat-bedst-saelger","7":"product_cat-nedsatte-produkter","8":"product_cat-tilbehor","10":"first","11":"instock","12":"taxable","13":"shipping-taxable","14":"purchasable","15":"product-type-simple"},"acf":[],"aioseo_notices":[],"_links":{"self":[{"href":"https:\/\/jsoasis.dk\/en\/wp-json\/wp\/v2\/product\/7614","targetHints":{"allow":["GET"]}}],"collection":[{"href":"https:\/\/jsoasis.dk\/en\/wp-json\/wp\/v2\/product"}],"about":[{"href":"https:\/\/jsoasis.dk\/en\/wp-json\/wp\/v2\/types\/product"}],"wp:featuredmedia":[{"embeddable":true,"href":"https:\/\/jsoasis.dk\/en\/wp-json\/wp\/v2\/media\/7615"}],"wp:attachment":[{"href":"https:\/\/jsoasis.dk\/en\/wp-json\/wp\/v2\/media?parent=7614"}],"wp:term":[{"taxonomy":"product_brand","embeddable":true,"href":"https:\/\/jsoasis.dk\/en\/wp-json\/wp\/v2\/product_brand?post=7614"},{"taxonomy":"product_cat","embeddable":true,"href":"https:\/\/jsoasis.dk\/en\/wp-json\/wp\/v2\/product_cat?post=7614"},{"taxonomy":"product_tag","embeddable":true,"href":"https:\/\/jsoasis.dk\/en\/wp-json\/wp\/v2\/product_tag?post=7614"}],"curies":[{"name":"wp","href":"https:\/\/api.w.org\/{rel}","templated":true}]}}