{"id":7629,"date":"2023-06-08T08:35:58","date_gmt":"2023-06-08T07:35:58","guid":{"rendered":"https:\/\/jsoasis.dk\/?post_type=product&#038;p=7629"},"modified":"2025-09-08T10:59:45","modified_gmt":"2025-09-08T09:59:45","slug":"vildmarksbad-med-inbygget-ovn-og-hydromassage-dyser","status":"publish","type":"product","link":"https:\/\/jsoasis.dk\/en\/produkt\/vildmarksbad-med-inbygget-ovn-og-hydromassage-dyser\/","title":{"rendered":"Hot Tub with Built-in Oven and (Hydromassage jets)"},"content":{"rendered":"<p><strong>Set includess:<\/strong><\/p>\n<ul>\n<li>Steps<\/li>\n<li>Integrated log burner (grade 304 stainless steel)!<\/li>\n<li>LED 6 different color<\/li>\n<li>2m stainless steel flue<\/li>\n<li>Flue guard<\/li>\n<li>8 water nozzles (hydro massage bubble system)<\/li>\n<li>Insulated cover (easy to remove and doesn't scratch the rim)!<\/li>\n<li>Thermal insulation<\/li>\n<li>High flow drain valve<\/li>\n<\/ul>\n<p>&nbsp;<\/p>\n<p><strong>Dimensions:<\/strong><\/p>\n<ul>\n<li>External \u2013 200 cm<\/li>\n<li>Internal \u2013 180 cm<\/li>\n<li>Total height \u2013 100 \u2013 110 cm<\/li>\n<li>Weight \u2013 200-250 kg<\/li>\n<\/ul>\n<p>&nbsp;<\/p>\n<p>*delivery time: 1-5 days<br \/>\n*delivery price - from 1,500DKK<br \/>\n*in stock!<\/p>","protected":false},"excerpt":{"rendered":"<p>Offer s\u00e6t: Trin Indbygget br\u00e6ndeovn (grade 304 rustfrit st\u00e5l)! LED 6 forskellige farver 2m rustfrit st\u00e5l skorsten Sikkerhedsgitter til skorstenen 8 stk vanddyser (hydro massage boblesystem) Isoleret cover (let at fjerne og ridser ikke kanten)! Termisk isolering H\u00f8j flow dr\u00e6nventil &nbsp; Dimensioner: Ekstern \u2013 200 cm Intern \u2013 180 cm Samlet h\u00f8jde \u2013 100 &#8211; [&hellip;]<\/p>","protected":false},"featured_media":7644,"template":"","meta":{"_acf_changed":false,"om_disable_all_campaigns":false,"_monsterinsights_skip_tracking":false,"_monsterinsights_sitenote_active":false,"_monsterinsights_sitenote_note":"","_monsterinsights_sitenote_category":0},"product_brand":[],"product_cat":[24],"product_tag":[],"class_list":{"0":"post-7629","1":"product","2":"type-product","3":"status-publish","4":"has-post-thumbnail","6":"product_cat-vildmarksbad","8":"first","9":"instock","10":"taxable","11":"shipping-taxable","12":"purchasable","13":"product-type-simple"},"acf":[],"aioseo_notices":[],"_links":{"self":[{"href":"https:\/\/jsoasis.dk\/en\/wp-json\/wp\/v2\/product\/7629","targetHints":{"allow":["GET"]}}],"collection":[{"href":"https:\/\/jsoasis.dk\/en\/wp-json\/wp\/v2\/product"}],"about":[{"href":"https:\/\/jsoasis.dk\/en\/wp-json\/wp\/v2\/types\/product"}],"wp:featuredmedia":[{"embeddable":true,"href":"https:\/\/jsoasis.dk\/en\/wp-json\/wp\/v2\/media\/7644"}],"wp:attachment":[{"href":"https:\/\/jsoasis.dk\/en\/wp-json\/wp\/v2\/media?parent=7629"}],"wp:term":[{"taxonomy":"product_brand","embeddable":true,"href":"https:\/\/jsoasis.dk\/en\/wp-json\/wp\/v2\/product_brand?post=7629"},{"taxonomy":"product_cat","embeddable":true,"href":"https:\/\/jsoasis.dk\/en\/wp-json\/wp\/v2\/product_cat?post=7629"},{"taxonomy":"product_tag","embeddable":true,"href":"https:\/\/jsoasis.dk\/en\/wp-json\/wp\/v2\/product_tag?post=7629"}],"curies":[{"name":"wp","href":"https:\/\/api.w.org\/{rel}","templated":true}]}}