{"id":7661,"date":"2023-06-13T12:10:00","date_gmt":"2023-06-13T11:10:00","guid":{"rendered":"https:\/\/jsoasis.dk\/?post_type=product&#038;p=7661"},"modified":"2025-01-06T11:27:16","modified_gmt":"2025-01-06T10:27:16","slug":"koldt-vand-isbad-minibalje","status":"publish","type":"product","link":"https:\/\/jsoasis.dk\/en\/produkt\/koldt-vand-isbad-minibalje\/","title":{"rendered":"Cold Water\/Ice Bath - Mini Tub"},"content":{"rendered":"<p>If you don't have a lake near your home, an ice cube will be a great way to cool down after a sauna.<\/p>\n<p><strong>Information:<\/strong><\/p>\n<ul>\n<li>Total height 100 cm<\/li>\n<li>Internal depth 91 cm<\/li>\n<li>Inner diameter 88 cm<\/li>\n<li>Outer diameter 102 cm<\/li>\n<li>The width of the windowsill is 7 cm<\/li>\n<li>Bench height 40 cm Width 32 cm<\/li>\n<li>Termotr\u00e6 bekl\u00e6dning<\/li>\n<li>V\u00e6gt 80 kg<\/li>\n<li>B\u00e6lter i rustfrit st\u00e5l<\/li>\n<\/ul>\n<p>Leveringspris fra 750,-<\/p>","protected":false},"excerpt":{"rendered":"<p>Du kan v\u00e6lge farve fra vores liste se p\u00e5 billedet og sende os nummer p\u00e5 farve<br \/>\n<img fetchpriority=\"high\" decoding=\"async\" class=\"alignnone size-medium wp-image-8687\" src=\"http:\/\/jsoasis.dk\/wp-content\/uploads\/2023\/06\/received_738386117441396-300x291.jpg\" alt=\"\" width=\"300\" height=\"291\" srcset=\"https:\/\/jsoasis.dk\/wp-content\/uploads\/2023\/06\/received_738386117441396-300x291.jpg 300w, https:\/\/jsoasis.dk\/wp-content\/uploads\/2023\/06\/received_738386117441396-600x583.jpg 600w, https:\/\/jsoasis.dk\/wp-content\/uploads\/2023\/06\/received_738386117441396-768x746.jpg 768w, https:\/\/jsoasis.dk\/wp-content\/uploads\/2023\/06\/received_738386117441396-12x12.jpg 12w, https:\/\/jsoasis.dk\/wp-content\/uploads\/2023\/06\/received_738386117441396.jpg 931w\" sizes=\"(max-width: 300px) 100vw, 300px\" \/><\/p>","protected":false},"featured_media":8443,"template":"","meta":{"_acf_changed":false,"om_disable_all_campaigns":false,"_monsterinsights_skip_tracking":false,"_monsterinsights_sitenote_active":false,"_monsterinsights_sitenote_note":"","_monsterinsights_sitenote_category":0},"product_brand":[],"product_cat":[159,161,27],"product_tag":[],"class_list":{"0":"post-7661","1":"product","2":"type-product","3":"status-publish","4":"has-post-thumbnail","6":"product_cat-bedst-saelger","7":"product_cat-nedsatte-produkter","8":"product_cat-tilbehor","10":"first","11":"instock","12":"sale","13":"taxable","14":"shipping-taxable","15":"purchasable","16":"product-type-simple"},"acf":[],"aioseo_notices":[],"_links":{"self":[{"href":"https:\/\/jsoasis.dk\/en\/wp-json\/wp\/v2\/product\/7661","targetHints":{"allow":["GET"]}}],"collection":[{"href":"https:\/\/jsoasis.dk\/en\/wp-json\/wp\/v2\/product"}],"about":[{"href":"https:\/\/jsoasis.dk\/en\/wp-json\/wp\/v2\/types\/product"}],"wp:featuredmedia":[{"embeddable":true,"href":"https:\/\/jsoasis.dk\/en\/wp-json\/wp\/v2\/media\/8443"}],"wp:attachment":[{"href":"https:\/\/jsoasis.dk\/en\/wp-json\/wp\/v2\/media?parent=7661"}],"wp:term":[{"taxonomy":"product_brand","embeddable":true,"href":"https:\/\/jsoasis.dk\/en\/wp-json\/wp\/v2\/product_brand?post=7661"},{"taxonomy":"product_cat","embeddable":true,"href":"https:\/\/jsoasis.dk\/en\/wp-json\/wp\/v2\/product_cat?post=7661"},{"taxonomy":"product_tag","embeddable":true,"href":"https:\/\/jsoasis.dk\/en\/wp-json\/wp\/v2\/product_tag?post=7661"}],"curies":[{"name":"wp","href":"https:\/\/api.w.org\/{rel}","templated":true}]}}