{"id":7743,"date":"2023-07-06T12:25:05","date_gmt":"2023-07-06T11:25:05","guid":{"rendered":"https:\/\/jsoasis.dk\/?post_type=product&#038;p=7743"},"modified":"2023-07-10T08:09:24","modified_gmt":"2023-07-10T07:09:24","slug":"unik-vildmarksbad-med-canadisk-cedertrae","status":"publish","type":"product","link":"https:\/\/jsoasis.dk\/en\/produkt\/unik-vildmarksbad-med-canadisk-cedertrae\/","title":{"rendered":"Unique Hot Tub with Canadian Cedar"},"content":{"rendered":"<p><strong>Canadian cedarwood has unique properties:<\/strong><\/p>\n<ul>\n<li>Considered one of the most durable timber resources, comparable to metal.<\/li>\n<li>Famous for its resistance to decay.<\/li>\n<li>Mold does not affect it.<\/li>\n<li>The boards are painted in a pleasant pink, sometimes golden color with shades of amber, pink, or<\/li>\n<li>chocolate, depending on the age of the wood and the part of the trunk from which they are taken.<\/li>\n<li>The products have an extraordinary feature - a specific fresh scent of red cedarwood that lasts for more than 3 years.<\/li>\n<\/ul>\n<p>&nbsp;<\/p>\n<p><strong>Hot Tub description :<\/strong><\/p>\n<ul>\n<li>Wilderness bath with a white acrylic tub.<\/li>\n<li>Cedarwood cladding.<\/li>\n<li>Exterior AISI 316 stove.<\/li>\n<li>8 water jets (hydro massage).<\/li>\n<li>12 air jets.<\/li>\n<li>3 LED lights.<\/li>\n<li>Thermal cover<\/li>\n<li>Sand filter outlet.<\/li>\n<li>Wooden steps.<\/li>\n<li>Filter box.<\/li>\n<\/ul>\n<p>&nbsp;<\/p>\n<p>High-quality product!<strong> Price: 46,000!<\/strong> !<\/p>","protected":false},"excerpt":{"rendered":"<p>Canadisk cedertr\u00e6 har unikke egenskaber: betragtes som et af de mest holdbare tr\u00e6r\u00e5varer, som er lig med metal; ber\u00f8mt for sin modstand mod forfald; skimmelsvamp virker ikke; br\u00e6dderne er malet i en behagelig pink, nogle gange gullig farve med nuancer af rav, pink eller chokolade, som afh\u00e6nger af tr\u00e6ets alder og den del af stammen, [&hellip;]<\/p>","protected":false},"featured_media":7744,"template":"","meta":{"_acf_changed":false,"om_disable_all_campaigns":false,"_monsterinsights_skip_tracking":false,"_monsterinsights_sitenote_active":false,"_monsterinsights_sitenote_note":"","_monsterinsights_sitenote_category":0},"product_brand":[],"product_cat":[24],"product_tag":[],"class_list":{"0":"post-7743","1":"product","2":"type-product","3":"status-publish","4":"has-post-thumbnail","6":"product_cat-vildmarksbad","8":"first","9":"instock","10":"taxable","11":"shipping-taxable","12":"purchasable","13":"product-type-simple"},"acf":[],"aioseo_notices":[],"_links":{"self":[{"href":"https:\/\/jsoasis.dk\/en\/wp-json\/wp\/v2\/product\/7743","targetHints":{"allow":["GET"]}}],"collection":[{"href":"https:\/\/jsoasis.dk\/en\/wp-json\/wp\/v2\/product"}],"about":[{"href":"https:\/\/jsoasis.dk\/en\/wp-json\/wp\/v2\/types\/product"}],"wp:featuredmedia":[{"embeddable":true,"href":"https:\/\/jsoasis.dk\/en\/wp-json\/wp\/v2\/media\/7744"}],"wp:attachment":[{"href":"https:\/\/jsoasis.dk\/en\/wp-json\/wp\/v2\/media?parent=7743"}],"wp:term":[{"taxonomy":"product_brand","embeddable":true,"href":"https:\/\/jsoasis.dk\/en\/wp-json\/wp\/v2\/product_brand?post=7743"},{"taxonomy":"product_cat","embeddable":true,"href":"https:\/\/jsoasis.dk\/en\/wp-json\/wp\/v2\/product_cat?post=7743"},{"taxonomy":"product_tag","embeddable":true,"href":"https:\/\/jsoasis.dk\/en\/wp-json\/wp\/v2\/product_tag?post=7743"}],"curies":[{"name":"wp","href":"https:\/\/api.w.org\/{rel}","templated":true}]}}