{"id":7894,"date":"2023-08-08T07:22:11","date_gmt":"2023-08-08T06:22:11","guid":{"rendered":"https:\/\/jsoasis.dk\/?post_type=product&#038;p=7894"},"modified":"2024-06-04T21:07:57","modified_gmt":"2024-06-04T20:07:57","slug":"toende-sauna-250-med-4-6-pladser","status":"publish","type":"product","link":"https:\/\/jsoasis.dk\/en\/produkt\/toende-sauna-250-med-4-6-pladser\/","title":{"rendered":"Barrel Sauna 250cm with 4-6 Places with wood-burning stove (in stock)"},"content":{"rendered":"<p>Beskrivelse om sauna 2500mm t\u00f8ndesauna<br \/>\nSauna specifications:<br \/>\n\ud83d\udd38 St\u00f8rrelse sauna L2500mm \u00d82100mm H2350mm<br \/>\n\ud83d\udd38 V\u00e6gten er kun 800<br \/>\n\ud83d\udd38 Sauna er samlet og ferigmonteret<br \/>\n\ud83d\udd38 Grantr\u00e6;<br \/>\n\ud83d\udd38 B\u00e6nke er af specialtr\u00e6 til sauna;<br \/>\n\ud83d\udd38 Tagshingels<br \/>\n\ud83d\udd38 Harvia br\u00e6ndeovn 3M<br \/>\n\ud83d\udd38 50cm terraser b\u00e6nk\/ eller uden terrase<br \/>\n\ud83d\udd38 Saunab\u00e6nk materiale: aspentr\u00e6<br \/>\n\ud83d\udd38 Glasd\u00f8r;<br \/>\n\ud83d\udd38 LED-lamper installeres under b\u00e6nken 230v<br \/>\n\ud83d\udd38 Halv panorama i bagv\u00e6ggen<\/p>\n<p>Hele Denmark Leveringspris til kansten kun 2500,-<br \/>\nKran l\u00f8sning pris efter aftale<\/p>","protected":false},"excerpt":{"rendered":"<p>Small dimensions and weight make it easy to find space for a terrace sauna.<\/p>\n<p>You can place the sauna yourself on the terrace, a 250 cm sauna is perfect for a party of 4-6 people.<\/p>\n<p>Impregneret tr\u00e6 er kendetegnet ved holdbarhed, sk\u00f8nhed, formstabilitet, milj\u00f8venlighed og kvalitet.<\/p>\n<p>All a sauna needs is a level surface to stand the structure upright and good access to your garden\/terrace or yard.<\/p>\n<p>Har p\u00e5 lager sammen sauna som billede men med br\u00e6ndeovn<\/p>","protected":false},"featured_media":7963,"template":"","meta":{"_acf_changed":false,"om_disable_all_campaigns":false,"_monsterinsights_skip_tracking":false,"_monsterinsights_sitenote_active":false,"_monsterinsights_sitenote_note":"","_monsterinsights_sitenote_category":0},"product_brand":[],"product_cat":[161,25,109],"product_tag":[],"class_list":{"0":"post-7894","1":"product","2":"type-product","3":"status-publish","4":"has-post-thumbnail","6":"product_cat-nedsatte-produkter","7":"product_cat-sauna","8":"product_cat-special-tilbud","10":"first","11":"instock","12":"sale","13":"taxable","14":"shipping-taxable","15":"purchasable","16":"product-type-simple"},"acf":[],"aioseo_notices":[],"_links":{"self":[{"href":"https:\/\/jsoasis.dk\/en\/wp-json\/wp\/v2\/product\/7894","targetHints":{"allow":["GET"]}}],"collection":[{"href":"https:\/\/jsoasis.dk\/en\/wp-json\/wp\/v2\/product"}],"about":[{"href":"https:\/\/jsoasis.dk\/en\/wp-json\/wp\/v2\/types\/product"}],"wp:featuredmedia":[{"embeddable":true,"href":"https:\/\/jsoasis.dk\/en\/wp-json\/wp\/v2\/media\/7963"}],"wp:attachment":[{"href":"https:\/\/jsoasis.dk\/en\/wp-json\/wp\/v2\/media?parent=7894"}],"wp:term":[{"taxonomy":"product_brand","embeddable":true,"href":"https:\/\/jsoasis.dk\/en\/wp-json\/wp\/v2\/product_brand?post=7894"},{"taxonomy":"product_cat","embeddable":true,"href":"https:\/\/jsoasis.dk\/en\/wp-json\/wp\/v2\/product_cat?post=7894"},{"taxonomy":"product_tag","embeddable":true,"href":"https:\/\/jsoasis.dk\/en\/wp-json\/wp\/v2\/product_tag?post=7894"}],"curies":[{"name":"wp","href":"https:\/\/api.w.org\/{rel}","templated":true}]}}