{"id":8120,"date":"2023-11-03T11:38:32","date_gmt":"2023-11-03T10:38:32","guid":{"rendered":"https:\/\/jsoasis.dk\/?post_type=product&#038;p=8120"},"modified":"2025-09-08T10:58:34","modified_gmt":"2025-09-08T09:58:34","slug":"vildmarksbad-oe200cm-180cm-5-6-personer","status":"publish","type":"product","link":"https:\/\/jsoasis.dk\/en\/produkt\/vildmarksbad-oe200cm-180cm-5-6-personer\/","title":{"rendered":"Wilderness bath \u00d8200cm\/180cm 5-6 people"},"content":{"rendered":"<p>Description about Vildmarksbad<\/p>\n<p>\u2013 Size \u00d8200cm \/180cm 5-6 people<br \/>\n\u2013 Fiberglass insert color gray pearl<br \/>\n\u2013 AISI 316 external oven with Chimney set<br \/>\n\u2013 Black Thermo lid<br \/>\n\u2013 Spruce wood cladding<br \/>\n\u2013 8 water jets (hydro massage)<br \/>\n\u2013 1 LED 6 different colors<br \/>\n\u2013 2 steel bands<br \/>\n\u2013 Sand filter outlet<br \/>\n&#8211; Trappen + 3 hul drikkehylder<\/p>\n<p>Delivery all over Denmark<\/p>\n<p>Delivery price by agreement<\/p>\n<p>Har P\u00e5 lager!<\/p>","protected":false},"excerpt":{"rendered":"<p>Beskrivelse om Vildmarksbad &#8211; St\u00f8rrelse \u00d8200cm \/180cm 5-6 personer &#8211; Glassfiber Indsats farve gr\u00e5 perle &#8211; AISI 316 udvendig ovn med Skorstene s\u00e6t &#8211; Sort Termol\u00e5g &#8211; Grantr\u00e6 bekl\u00e6dning &#8211; 8 stk vand dyser (hydro massage) &#8211; 1 LED 6 forskellige farve &#8211; 2 stk st\u00e5l band &#8211; Sandfilter udl\u00f8b &#8211; Trappen + 3 hul [&hellip;]<\/p>","protected":false},"featured_media":8569,"template":"","meta":{"_acf_changed":false,"om_disable_all_campaigns":false,"_monsterinsights_skip_tracking":false,"_monsterinsights_sitenote_active":false,"_monsterinsights_sitenote_note":"","_monsterinsights_sitenote_category":0},"product_brand":[],"product_cat":[161,109,24],"product_tag":[],"class_list":{"0":"post-8120","1":"product","2":"type-product","3":"status-publish","4":"has-post-thumbnail","6":"product_cat-nedsatte-produkter","7":"product_cat-special-tilbud","8":"product_cat-vildmarksbad","10":"first","11":"instock","12":"sale","13":"taxable","14":"shipping-taxable","15":"purchasable","16":"product-type-simple"},"acf":[],"aioseo_notices":[],"_links":{"self":[{"href":"https:\/\/jsoasis.dk\/en\/wp-json\/wp\/v2\/product\/8120","targetHints":{"allow":["GET"]}}],"collection":[{"href":"https:\/\/jsoasis.dk\/en\/wp-json\/wp\/v2\/product"}],"about":[{"href":"https:\/\/jsoasis.dk\/en\/wp-json\/wp\/v2\/types\/product"}],"wp:featuredmedia":[{"embeddable":true,"href":"https:\/\/jsoasis.dk\/en\/wp-json\/wp\/v2\/media\/8569"}],"wp:attachment":[{"href":"https:\/\/jsoasis.dk\/en\/wp-json\/wp\/v2\/media?parent=8120"}],"wp:term":[{"taxonomy":"product_brand","embeddable":true,"href":"https:\/\/jsoasis.dk\/en\/wp-json\/wp\/v2\/product_brand?post=8120"},{"taxonomy":"product_cat","embeddable":true,"href":"https:\/\/jsoasis.dk\/en\/wp-json\/wp\/v2\/product_cat?post=8120"},{"taxonomy":"product_tag","embeddable":true,"href":"https:\/\/jsoasis.dk\/en\/wp-json\/wp\/v2\/product_tag?post=8120"}],"curies":[{"name":"wp","href":"https:\/\/api.w.org\/{rel}","templated":true}]}}