{"id":8124,"date":"2023-11-03T11:42:27","date_gmt":"2023-11-03T10:42:27","guid":{"rendered":"https:\/\/jsoasis.dk\/?post_type=product&#038;p=8124"},"modified":"2025-01-09T12:09:10","modified_gmt":"2025-01-09T11:09:10","slug":"vildmarksbad-oe225cm-200cm-5-6-personer","status":"publish","type":"product","link":"https:\/\/jsoasis.dk\/en\/produkt\/vildmarksbad-oe225cm-200cm-5-6-personer\/","title":{"rendered":"Wilderness bath \u00d8225cm \/200cm 5-6 people"},"content":{"rendered":"<p>Description about Vildmarksbad<\/p>\n<p>\u2013 Size \u00d8225cm \/200cm 5-6 people<br \/>\n\u2013 Fiberglass insert color gray pearl<br \/>\n\u2013 AISI 316 built-in oven with chimney set<br \/>\n\u2013 Black Thermo lid<br \/>\n\u2013 10 water jets (hydro massage)<br \/>\n\u2013 2 LED 6 different colors<br \/>\n\u2013 Insulated bottom and sides<br \/>\n\u2013 Sand filter outlet<br \/>\n\u2013 Filter wooden box<br \/>\n\u2013 2 steel bands<br \/>\n\u2013 The stairs + 4 hollow drink shelves<\/p>\n<p>Delivery all over Denmark<\/p>\n<p>Price by agreement<\/p>\n<p>Leveringstid 2 uger<\/p>","protected":false},"excerpt":{"rendered":"<p>Beskrivelse om Vildmarksbad &#8211; St\u00f8rrelse \u00d8225cm \/200cm 5-6 personer &#8211; Glassfiber Indsats farve gr\u00e5 perle &#8211; AISI 316 inbygget ovn med Skorstene s\u00e6t &#8211; Sort Termol\u00e5g &#8211; 10 stk vand dyser (hydro massage) &#8211; 2 LED 6 forskellige farve &#8211; Isoleret bunden og sider &#8211; Sandfilter udl\u00f8b &#8211; Filter tr\u00e6kasse &#8211; 2 stk st\u00e5l band [&hellip;]<\/p>","protected":false},"featured_media":8125,"template":"","meta":{"_acf_changed":false,"om_disable_all_campaigns":false,"_monsterinsights_skip_tracking":false,"_monsterinsights_sitenote_active":false,"_monsterinsights_sitenote_note":"","_monsterinsights_sitenote_category":0},"product_brand":[],"product_cat":[159,161,24,151],"product_tag":[],"class_list":{"0":"post-8124","1":"product","2":"type-product","3":"status-publish","4":"has-post-thumbnail","6":"product_cat-bedst-saelger","7":"product_cat-nedsatte-produkter","8":"product_cat-vildmarksbad","9":"product_cat-summer-sale","11":"first","12":"instock","13":"sale","14":"taxable","15":"shipping-taxable","16":"purchasable","17":"product-type-simple"},"acf":[],"aioseo_notices":[],"_links":{"self":[{"href":"https:\/\/jsoasis.dk\/en\/wp-json\/wp\/v2\/product\/8124","targetHints":{"allow":["GET"]}}],"collection":[{"href":"https:\/\/jsoasis.dk\/en\/wp-json\/wp\/v2\/product"}],"about":[{"href":"https:\/\/jsoasis.dk\/en\/wp-json\/wp\/v2\/types\/product"}],"wp:featuredmedia":[{"embeddable":true,"href":"https:\/\/jsoasis.dk\/en\/wp-json\/wp\/v2\/media\/8125"}],"wp:attachment":[{"href":"https:\/\/jsoasis.dk\/en\/wp-json\/wp\/v2\/media?parent=8124"}],"wp:term":[{"taxonomy":"product_brand","embeddable":true,"href":"https:\/\/jsoasis.dk\/en\/wp-json\/wp\/v2\/product_brand?post=8124"},{"taxonomy":"product_cat","embeddable":true,"href":"https:\/\/jsoasis.dk\/en\/wp-json\/wp\/v2\/product_cat?post=8124"},{"taxonomy":"product_tag","embeddable":true,"href":"https:\/\/jsoasis.dk\/en\/wp-json\/wp\/v2\/product_tag?post=8124"}],"curies":[{"name":"wp","href":"https:\/\/api.w.org\/{rel}","templated":true}]}}