{"id":8128,"date":"2023-11-03T11:45:38","date_gmt":"2023-11-03T10:45:38","guid":{"rendered":"https:\/\/jsoasis.dk\/?post_type=product&#038;p=8128"},"modified":"2025-09-08T10:58:15","modified_gmt":"2025-09-08T09:58:15","slug":"vildmarksbad-oe200cm-180cm-5-6-personer-2","status":"publish","type":"product","link":"https:\/\/jsoasis.dk\/en\/produkt\/vildmarksbad-oe200cm-180cm-5-6-personer-2\/","title":{"rendered":"Vildmarksbad \u00d8200cm \/ 180cm med inbygget ovn 4-5 personer"},"content":{"rendered":"<p>Description about Vildmarksbad<\/p>\n<p>\u2013 Size \u00d8200cm \/180cm 5-6 people<br \/>\n\u2013 Granite insert color white pearl<br \/>\n\u2013 AISI 316 internal oven with Chimney set<br \/>\n\u2013 Brown thermo lid<br \/>\n\u2013 Spruce wood cladding<br \/>\n\u2013 8 water jets (hydro massage)<br \/>\n\u2013 1 LED 6 different colors<br \/>\n\u2013 Insulated bottom and sides<br \/>\n\u2013 Sand filter outlet<br \/>\n\u2013 Electronic thermometer<br \/>\n\u2013 2 steel bands<br \/>\n\u2013 The stairs + 4 hollow drink shelves<\/p>\n<p>Levering Hele Denmark &#8216;<\/p>\n<p>Leveringstid 2 uge<\/p>\n<p>Price by agreement<\/p>\n<p>&nbsp;<\/p>","protected":false},"excerpt":{"rendered":"<p>Beskrivelse om Vildmarksbad &#8211; St\u00f8rrelse \u00d8200cm \/180cm 5-6 personer &#8211; Granit Indsats farve hvid perle &#8211; AISI 316 indvendig ovn med Skorstene s\u00e6t &#8211; Brun Termol\u00e5g &#8211; Grantr\u00e6 bekl\u00e6dning &#8211; 8 stk vand dyser (hydro massage) &#8211; 1 LED 6 forskellige farve &#8211; Isoleret bunden og sider &#8211; Sandfilter udl\u00f8b &#8211; Elektronisk termometer &#8211; 2 [&hellip;]<\/p>","protected":false},"featured_media":8129,"template":"","meta":{"_acf_changed":false,"om_disable_all_campaigns":false,"_monsterinsights_skip_tracking":false,"_monsterinsights_sitenote_active":false,"_monsterinsights_sitenote_note":"","_monsterinsights_sitenote_category":0},"product_brand":[],"product_cat":[161,24],"product_tag":[],"class_list":{"0":"post-8128","1":"product","2":"type-product","3":"status-publish","4":"has-post-thumbnail","6":"product_cat-nedsatte-produkter","7":"product_cat-vildmarksbad","9":"first","10":"instock","11":"sale","12":"taxable","13":"shipping-taxable","14":"purchasable","15":"product-type-simple"},"acf":[],"aioseo_notices":[],"_links":{"self":[{"href":"https:\/\/jsoasis.dk\/en\/wp-json\/wp\/v2\/product\/8128","targetHints":{"allow":["GET"]}}],"collection":[{"href":"https:\/\/jsoasis.dk\/en\/wp-json\/wp\/v2\/product"}],"about":[{"href":"https:\/\/jsoasis.dk\/en\/wp-json\/wp\/v2\/types\/product"}],"wp:featuredmedia":[{"embeddable":true,"href":"https:\/\/jsoasis.dk\/en\/wp-json\/wp\/v2\/media\/8129"}],"wp:attachment":[{"href":"https:\/\/jsoasis.dk\/en\/wp-json\/wp\/v2\/media?parent=8128"}],"wp:term":[{"taxonomy":"product_brand","embeddable":true,"href":"https:\/\/jsoasis.dk\/en\/wp-json\/wp\/v2\/product_brand?post=8128"},{"taxonomy":"product_cat","embeddable":true,"href":"https:\/\/jsoasis.dk\/en\/wp-json\/wp\/v2\/product_cat?post=8128"},{"taxonomy":"product_tag","embeddable":true,"href":"https:\/\/jsoasis.dk\/en\/wp-json\/wp\/v2\/product_tag?post=8128"}],"curies":[{"name":"wp","href":"https:\/\/api.w.org\/{rel}","templated":true}]}}